{"id":788,"date":"2021-07-15T14:51:30","date_gmt":"2021-07-15T12:51:30","guid":{"rendered":"https:\/\/eve-techniek.nl\/home"},"modified":"2024-07-16T10:06:33","modified_gmt":"2024-07-16T08:06:33","slug":"home","status":"publish","type":"page","link":"https:\/\/eve-techniek.nl\/de","title":{"rendered":"Home"},"content":{"rendered":"<div class=\"x11i5rnm xat24cr x1mh8g0r x1vvkbs xdj266r x126k92a\">\n<p data-slate-node=\"element\"><span data-slate-node=\"text\">Haben Sie eine St\u00f6rung oder ein Problem mit Ihrer Installation? Unser Team aus erfahrenen Servicetechnikern steht Ihnen gerne zur Verf\u00fcgung! Rufen Sie uns an <\/span><span data-slate-node=\"text\"><strong>+31 591 745 459<\/strong><\/span><span data-slate-node=\"text\"> oder per E-Mail an <\/span><a href=\"mailto:service@eve-techniek.nl\" data-slate-node=\"element\"><span data-slate-node=\"text\">service@eve-techniek.nl<\/span><\/a><span data-slate-node=\"text\">.<\/span><\/p>\n<p data-slate-node=\"element\"><span data-slate-node=\"text\">Wir bieten Fernunterst\u00fctzung \u00fcber Teamviewer an und besuchen Sie bei Bedarf gerne. Neben St\u00f6rungen bieten wir auch regelm\u00e4\u00dfige Wartungen an, um Problemen vorzubeugen und die Effizienz zu verbessern.<\/span><\/p>\n<p data-slate-node=\"element\" data-slate-fragment=\"JTVCJTdCJTIydHlwZSUyMiUzQSUyMmhlYWRpbmctb25lJTIyJTJDJTIyY2hpbGRyZW4lMjIlM0ElNUIlN0IlMjJ0ZXh0JTIyJTNBJTIyU25lbGxlJTIwc2VydmljZSUyMGJpaiUyMHN0b3JpbmdlbiUyMGVuJTIwb25kZXJob3VkJTIyJTdEJTVEJTdEJTJDJTdCJTIydHlwZSUyMiUzQSUyMnBhcmFncmFwaCUyMiUyQyUyMmNoaWxkcmVuJTIyJTNBJTVCJTdCJTIydGV4dCUyMiUzQSUyMiUyMiU3RCU1RCU3RCUyQyU3QiUyMnR5cGUlMjIlM0ElMjJwYXJhZ3JhcGglMjIlMkMlMjJjaGlsZHJlbiUyMiUzQSU1QiU3QiUyMnRleHQlMjIlM0ElMjJIZWVmdCUyMHUlMjBlZW4lMjBzdG9yaW5nJTIwb2YlMjBwcm9ibGVlbSUyMG1ldCUyMHV3JTIwaW5zdGFsbGF0aWUlM0YlMjBPbnMlMjB0ZWFtJTIwdmFuJTIwZXJ2YXJlbiUyMHNlcnZpY2Vtb250ZXVycyUyMHN0YWF0JTIwdm9vciUyMHUlMjBrbGFhciElMjBCZWwlMjBvbnMlMjBvcCUyMCUyMiU3RCUyQyU3QiUyMnRleHQlMjIlM0ElMjIlMkIzMSUyMDU5MSUyMDc0NSUyMDQ1OSUyMiUyQyUyMmJvbGQlMjIlM0F0cnVlJTdEJTJDJTdCJTIydGV4dCUyMiUzQSUyMiUyMG9mJTIwbWFpbCUyMG5hYXIlMjAlMjIlN0QlMkMlN0IlMjJ0eXBlJTIyJTNBJTIybGluayUyMiUyQyUyMnVybCUyMiUzQSUyMm1haWx0byUzQXNlcnZpY2UlNDBldmUtdGVjaG5pZWsubmwlMjIlMkMlMjJjaGlsZHJlbiUyMiUzQSU1QiU3QiUyMnRleHQlMjIlM0ElMjJzZXJ2aWNlJTQwZXZlLXRlY2huaWVrLm5sJTIyJTdEJTVEJTdEJTJDJTdCJTIydGV4dCUyMiUzQSUyMi4lMjIlN0QlNUQlN0QlMkMlN0IlMjJ0eXBlJTIyJTNBJTIycGFyYWdyYXBoJTIyJTJDJTIyY2hpbGRyZW4lMjIlM0ElNUIlN0IlMjJ0ZXh0JTIyJTNBJTIyJTIyJTdEJTVEJTdEJTJDJTdCJTIydHlwZSUyMiUzQSUyMnBhcmFncmFwaCUyMiUyQyUyMmNoaWxkcmVuJTIyJTNBJTVCJTdCJTIydGV4dCUyMiUzQSUyMldlJTIwYmllZGVuJTIwaHVscCUyMG9wJTIwYWZzdGFuZCUyMHZpYSUyMFRlYW12aWV3ZXIlMjBlbiUyMGtvbWVuJTIwaW5kaWVuJTIwbm9kaWclMjBncmFhZyUyMGJpaiUyMHUlMjBsYW5ncy4lMjBOYWFzdCUyMHN0b3JpbmdlbiUyMHZlcnpvcmdlbiUyMHdlJTIwb29rJTIwcmVnZWxtYXRpZyUyMG9uZGVyaG91ZCUyMG9tJTIwcHJvYmxlbWVuJTIwdGUlMjB2b29ya29tZW4lMjBlbiUyMGVmZmljaSVDMyVBQm50aWUlMjB0ZSUyMHZlcmJldGVyZW4uJTIyJTdEJTVEJTdEJTJDJTdCJTIydHlwZSUyMiUzQSUyMnBhcmFncmFwaCUyMiUyQyUyMmNoaWxkcmVuJTIyJTNBJTVCJTdCJTIydGV4dCUyMiUzQSUyMiUyMiU3RCU1RCU3RCUyQyU3QiUyMnR5cGUlMjIlM0ElMjJwYXJhZ3JhcGglMjIlMkMlMjJjaGlsZHJlbiUyMiUzQSU1QiU3QiUyMnRleHQlMjIlM0ElMjJWZXJ0cm91dyUyMG9wJTIwb25zJTIwdG9lZ2V3aWpkZSUyMHNlcnZpY2V0ZWFtJTJDJTIwMjQlMkY3JTIwYmVyZWlrYmFhciUyMHZvb3IlMjBhbCUyMHV3JTIwc2VydmljZS0lMjBlbiUyMG9uZGVyaG91ZHNiZWhvZWZ0ZW4hJTIyJTdEJTVEJTdEJTVE\"><span data-slate-node=\"text\">Vertrauen Sie unserem engagierten Serviceteam, das rund um die Uhr f\u00fcr alle Ihre Service- und Wartungsanforderungen zur Verf\u00fcgung steht!<\/span><\/p>\n<\/div>\n","protected":false},"excerpt":{"rendered":"<p>Haben Sie eine St\u00f6rung oder ein Problem mit Ihrer Installation? Unser Team aus erfahrenen Servicetechnikern steht Ihnen gerne zur Verf\u00fcgung! Rufen Sie uns an +31 591 745 459 oder per E-Mail an service@eve-techniek.nl. Wir bieten Fernunterst\u00fctzung \u00fcber Teamviewer an und besuchen Sie bei Bedarf gerne. Neben St\u00f6rungen bieten wir auch regelm\u00e4\u00dfige Wartungen an, um Problemen [&hellip;]<\/p>\n","protected":false},"author":4,"featured_media":1798,"parent":0,"menu_order":0,"comment_status":"closed","ping_status":"closed","template":"","meta":{"_acf_changed":false,"footnotes":""},"class_list":["post-788","page","type-page","status-publish","has-post-thumbnail","hentry"],"acf":[],"yoast_head":"<!-- This site is optimized with the Yoast SEO plugin v27.3 - https:\/\/yoast.com\/product\/yoast-seo-wordpress\/ -->\n<title>Professioneel Gew\u00e4chshaus-Gartenbautechnik<\/title>\n<meta name=\"robots\" content=\"index, follow, max-snippet:-1, max-image-preview:large, max-video-preview:-1\" \/>\n<link rel=\"canonical\" href=\"https:\/\/eve-techniek.nl\/de\/home\" \/>\n<meta property=\"og:locale\" content=\"de_DE\" \/>\n<meta property=\"og:type\" content=\"article\" \/>\n<meta property=\"og:title\" content=\"Professioneel Gew\u00e4chshaus-Gartenbautechnik\" \/>\n<meta property=\"og:description\" content=\"Haben Sie eine St\u00f6rung oder ein Problem mit Ihrer Installation? Unser Team aus erfahrenen Servicetechnikern steht Ihnen gerne zur Verf\u00fcgung! Rufen Sie uns an +31 591 745 459 oder per E-Mail an service@eve-techniek.nl. Wir bieten Fernunterst\u00fctzung \u00fcber Teamviewer an und besuchen Sie bei Bedarf gerne. Neben St\u00f6rungen bieten wir auch regelm\u00e4\u00dfige Wartungen an, um Problemen [&hellip;]\" \/>\n<meta property=\"og:url\" content=\"https:\/\/eve-techniek.nl\/de\/home\" \/>\n<meta property=\"og:site_name\" content=\"EVE Techniek\" \/>\n<meta property=\"article:modified_time\" content=\"2024-07-16T08:06:33+00:00\" \/>\n<meta property=\"og:image\" content=\"https:\/\/eve-techniek.nl\/wp-content\/uploads\/2016\/04\/Untitled-2.jpg\" \/>\n\t<meta property=\"og:image:width\" content=\"1920\" \/>\n\t<meta property=\"og:image:height\" content=\"600\" \/>\n\t<meta property=\"og:image:type\" content=\"image\/jpeg\" \/>\n<meta name=\"twitter:card\" content=\"summary_large_image\" \/>\n<meta name=\"twitter:label1\" content=\"Gesch\u00e4tzte Lesezeit\" \/>\n\t<meta name=\"twitter:data1\" content=\"1\u00a0Minute\" \/>\n<script type=\"application\/ld+json\" class=\"yoast-schema-graph\">{\"@context\":\"https:\\\/\\\/schema.org\",\"@graph\":[{\"@type\":\"WebPage\",\"@id\":\"https:\\\/\\\/eve-techniek.nl\\\/de\\\/home\",\"url\":\"https:\\\/\\\/eve-techniek.nl\\\/de\\\/home\",\"name\":\"Professioneel Gew\u00e4chshaus-Gartenbautechnik\",\"isPartOf\":{\"@id\":\"https:\\\/\\\/eve-techniek.nl\\\/#website\"},\"primaryImageOfPage\":{\"@id\":\"https:\\\/\\\/eve-techniek.nl\\\/de\\\/home#primaryimage\"},\"image\":{\"@id\":\"https:\\\/\\\/eve-techniek.nl\\\/de\\\/home#primaryimage\"},\"thumbnailUrl\":\"https:\\\/\\\/eve-techniek.nl\\\/wp-content\\\/uploads\\\/2024\\\/03\\\/IMG_8333-scaled-1.jpg\",\"datePublished\":\"2021-07-15T12:51:30+00:00\",\"dateModified\":\"2024-07-16T08:06:33+00:00\",\"breadcrumb\":{\"@id\":\"https:\\\/\\\/eve-techniek.nl\\\/de\\\/home#breadcrumb\"},\"inLanguage\":\"de\",\"potentialAction\":[{\"@type\":\"ReadAction\",\"target\":[\"https:\\\/\\\/eve-techniek.nl\\\/de\\\/home\"]}]},{\"@type\":\"ImageObject\",\"inLanguage\":\"de\",\"@id\":\"https:\\\/\\\/eve-techniek.nl\\\/de\\\/home#primaryimage\",\"url\":\"https:\\\/\\\/eve-techniek.nl\\\/wp-content\\\/uploads\\\/2024\\\/03\\\/IMG_8333-scaled-1.jpg\",\"contentUrl\":\"https:\\\/\\\/eve-techniek.nl\\\/wp-content\\\/uploads\\\/2024\\\/03\\\/IMG_8333-scaled-1.jpg\",\"width\":2560,\"height\":1707},{\"@type\":\"BreadcrumbList\",\"@id\":\"https:\\\/\\\/eve-techniek.nl\\\/de\\\/home#breadcrumb\",\"itemListElement\":[{\"@type\":\"ListItem\",\"position\":1,\"name\":\"Home\",\"item\":\"https:\\\/\\\/eve-techniek.nl\\\/de\\\/home\"},{\"@type\":\"ListItem\",\"position\":2,\"name\":\"Home\"}]},{\"@type\":\"WebSite\",\"@id\":\"https:\\\/\\\/eve-techniek.nl\\\/#website\",\"url\":\"https:\\\/\\\/eve-techniek.nl\\\/\",\"name\":\"EVE Techniek\",\"description\":\"\",\"potentialAction\":[{\"@type\":\"SearchAction\",\"target\":{\"@type\":\"EntryPoint\",\"urlTemplate\":\"https:\\\/\\\/eve-techniek.nl\\\/?s={search_term_string}\"},\"query-input\":{\"@type\":\"PropertyValueSpecification\",\"valueRequired\":true,\"valueName\":\"search_term_string\"}}],\"inLanguage\":\"de\"}]}<\/script>\n<!-- \/ Yoast SEO plugin. -->","yoast_head_json":{"title":"Professioneel Gew\u00e4chshaus-Gartenbautechnik","robots":{"index":"index","follow":"follow","max-snippet":"max-snippet:-1","max-image-preview":"max-image-preview:large","max-video-preview":"max-video-preview:-1"},"canonical":"https:\/\/eve-techniek.nl\/de\/home","og_locale":"de_DE","og_type":"article","og_title":"Professioneel Gew\u00e4chshaus-Gartenbautechnik","og_description":"Haben Sie eine St\u00f6rung oder ein Problem mit Ihrer Installation? Unser Team aus erfahrenen Servicetechnikern steht Ihnen gerne zur Verf\u00fcgung! Rufen Sie uns an +31 591 745 459 oder per E-Mail an service@eve-techniek.nl. Wir bieten Fernunterst\u00fctzung \u00fcber Teamviewer an und besuchen Sie bei Bedarf gerne. Neben St\u00f6rungen bieten wir auch regelm\u00e4\u00dfige Wartungen an, um Problemen [&hellip;]","og_url":"https:\/\/eve-techniek.nl\/de\/home","og_site_name":"EVE Techniek","article_modified_time":"2024-07-16T08:06:33+00:00","og_image":[{"width":1920,"height":600,"url":"https:\/\/eve-techniek.nl\/wp-content\/uploads\/2016\/04\/Untitled-2.jpg","type":"image\/jpeg"}],"twitter_card":"summary_large_image","twitter_misc":{"Gesch\u00e4tzte Lesezeit":"1\u00a0Minute"},"schema":{"@context":"https:\/\/schema.org","@graph":[{"@type":"WebPage","@id":"https:\/\/eve-techniek.nl\/de\/home","url":"https:\/\/eve-techniek.nl\/de\/home","name":"Professioneel Gew\u00e4chshaus-Gartenbautechnik","isPartOf":{"@id":"https:\/\/eve-techniek.nl\/#website"},"primaryImageOfPage":{"@id":"https:\/\/eve-techniek.nl\/de\/home#primaryimage"},"image":{"@id":"https:\/\/eve-techniek.nl\/de\/home#primaryimage"},"thumbnailUrl":"https:\/\/eve-techniek.nl\/wp-content\/uploads\/2024\/03\/IMG_8333-scaled-1.jpg","datePublished":"2021-07-15T12:51:30+00:00","dateModified":"2024-07-16T08:06:33+00:00","breadcrumb":{"@id":"https:\/\/eve-techniek.nl\/de\/home#breadcrumb"},"inLanguage":"de","potentialAction":[{"@type":"ReadAction","target":["https:\/\/eve-techniek.nl\/de\/home"]}]},{"@type":"ImageObject","inLanguage":"de","@id":"https:\/\/eve-techniek.nl\/de\/home#primaryimage","url":"https:\/\/eve-techniek.nl\/wp-content\/uploads\/2024\/03\/IMG_8333-scaled-1.jpg","contentUrl":"https:\/\/eve-techniek.nl\/wp-content\/uploads\/2024\/03\/IMG_8333-scaled-1.jpg","width":2560,"height":1707},{"@type":"BreadcrumbList","@id":"https:\/\/eve-techniek.nl\/de\/home#breadcrumb","itemListElement":[{"@type":"ListItem","position":1,"name":"Home","item":"https:\/\/eve-techniek.nl\/de\/home"},{"@type":"ListItem","position":2,"name":"Home"}]},{"@type":"WebSite","@id":"https:\/\/eve-techniek.nl\/#website","url":"https:\/\/eve-techniek.nl\/","name":"EVE Techniek","description":"","potentialAction":[{"@type":"SearchAction","target":{"@type":"EntryPoint","urlTemplate":"https:\/\/eve-techniek.nl\/?s={search_term_string}"},"query-input":{"@type":"PropertyValueSpecification","valueRequired":true,"valueName":"search_term_string"}}],"inLanguage":"de"}]}},"_links":{"self":[{"href":"https:\/\/eve-techniek.nl\/de\/wp-json\/wp\/v2\/pages\/788","targetHints":{"allow":["GET"]}}],"collection":[{"href":"https:\/\/eve-techniek.nl\/de\/wp-json\/wp\/v2\/pages"}],"about":[{"href":"https:\/\/eve-techniek.nl\/de\/wp-json\/wp\/v2\/types\/page"}],"author":[{"embeddable":true,"href":"https:\/\/eve-techniek.nl\/de\/wp-json\/wp\/v2\/users\/4"}],"replies":[{"embeddable":true,"href":"https:\/\/eve-techniek.nl\/de\/wp-json\/wp\/v2\/comments?post=788"}],"version-history":[{"count":9,"href":"https:\/\/eve-techniek.nl\/de\/wp-json\/wp\/v2\/pages\/788\/revisions"}],"predecessor-version":[{"id":1894,"href":"https:\/\/eve-techniek.nl\/de\/wp-json\/wp\/v2\/pages\/788\/revisions\/1894"}],"wp:featuredmedia":[{"embeddable":true,"href":"https:\/\/eve-techniek.nl\/de\/wp-json\/wp\/v2\/media\/1798"}],"wp:attachment":[{"href":"https:\/\/eve-techniek.nl\/de\/wp-json\/wp\/v2\/media?parent=788"}],"curies":[{"name":"wp","href":"https:\/\/api.w.org\/{rel}","templated":true}]}}