{"id":785,"date":"2021-07-15T14:49:28","date_gmt":"2021-07-15T12:49:28","guid":{"rendered":"https:\/\/eve-techniek.nl\/projekte-2"},"modified":"2024-04-02T12:23:10","modified_gmt":"2024-04-02T10:23:10","slug":"datenschutzerklarung","status":"publish","type":"page","link":"https:\/\/eve-techniek.nl\/de\/datenschutzerklarung","title":{"rendered":"Projekte"},"content":{"rendered":"<p><strong>Datenschutz-Bestimmungen<\/strong><\/p>\n<p><strong>EVE Techniek B.V.<\/strong><br \/>\nEVE Techniek B.V. mit Sitz in Ecu 2 8305 BA Emmeloord ist f\u00fcr die Verarbeitung personenbezogener Daten gem\u00e4\u00df dieser Datenschutzerkl\u00e4rung verantwortlich.<\/p>\n<p>Kontaktdetails:<br \/>\nEVE Techniek B.V.<br \/>\nEcu 2<br \/>\n8305 BA Emmeloord<br \/>\n0524 745003<\/p>\n<p>Personenbezogene Daten, die wir verarbeiten.<br \/>\nEVE Techniek B.V. verarbeitet Ihre personenbezogenen Daten, weil Sie unsere Dienste nutzen und\/oder uns diese selbst zur Verf\u00fcgung stellen. Nachfolgend finden Sie eine \u00dcbersicht \u00fcber die von uns verarbeiteten personenbezogenen Daten:<\/p>\n<p>&#8211; Vor-und Nachname<br \/>\n&#8211; Adressdaten<br \/>\n&#8211; Telefonnummer<br \/>\n&#8211; E-Mail-Addresse<\/p>\n<p><strong>Besondere und\/oder sensible personenbezogene Daten, die wir verarbeiten.<\/strong><br \/>\nUnsere Website und\/oder unser Dienst beabsichtigt nicht, Daten \u00fcber Website-Besucher zu sammeln, die j\u00fcnger als 16 Jahre sind. Es sei denn, sie haben die Erlaubnis der Eltern oder Erziehungsberechtigten. Allerdings k\u00f6nnen wir nicht \u00fcberpr\u00fcfen, ob ein Besucher ist \u00e4lter als 16. Wir raten Eltern daher, sich an den Online-Aktivit\u00e4ten ihrer Kinder zu beteiligen, um zu verhindern, dass Daten \u00fcber Kinder ohne Zustimmung der Eltern erhoben werden. Wenn Sie davon \u00fcberzeugt sind, dass wir ohne diese Erlaubnis personenbezogene Daten eines Minderj\u00e4hrigen gesammelt haben, kontaktieren Sie uns bitte \u00fcber Administration@eve-techniek.nl und wir werden diese Informationen l\u00f6schen.<\/p>\n<p><strong>Zu welchem \u200b\u200bZweck und auf welcher Grundlage verarbeiten wir personenbezogene Daten.<\/strong><br \/>\nEVE Techniek B.V. verarbeitet Ihre personenbezogenen Daten zu folgenden Zwecken:<br \/>\n&#8211; Abwicklung Ihrer Zahlung.<br \/>\n&#8211; Um Sie anrufen oder Ihnen eine E-Mail senden zu k\u00f6nnen, wenn dies zur Erbringung unserer Dienstleistungen erforderlich ist. &#8211; Um Ihnen Waren und Dienstleistungen zu liefern. &#8211; EVE Techniek B.V. verarbeitet auch personenbezogene Daten, wenn wir dazu gesetzlich verpflichtet sind, etwa Daten, die wir f\u00fcr unsere Steuererkl\u00e4rung ben\u00f6tigen.<\/p>\n<p>Innerhalb dieser Website selbst werden keine personenbezogenen Daten gespeichert. \u00dcber Kontaktformulare versendete E-Mails werden innerhalb dieser Website nicht gespeichert.<\/p>\n<p><strong>Automatisierte Entscheidungsfindung.<\/strong><br \/>\nEVE Techniek B.V. trifft keine Entscheidungen auf der Grundlage einer automatisierten Verarbeitung in Angelegenheiten, die (erhebliche) Folgen f\u00fcr Menschen haben k\u00f6nnen. Dies sind Entscheidungen, die von Computerprogrammen oder -systemen getroffen werden, ohne dass eine Person (zum Beispiel ein Mitarbeiter von EVE Techniek B.V.) beteiligt ist. EVE Techniek B.V. verwendet die folgenden Computerprogramme oder -systeme:<br \/>\n&#8211; Syntess, f\u00fcr Berechnungen, Angebote und Verkaufsrechnungen. &#8211; Quickstart, zur Verarbeitung von Verkaufsrechnungen.<\/p>\n<p>EVE Techniek verwendet ein gekauftes CRM-System. Diese enth\u00e4lt \u00dcbersichten \u00fcber Bestellungen, Angebote, Produkte und die Registrierung von Mitarbeitern. Diese halten wir selbst auf dem neuesten Stand und sind wichtig, damit alle Aufgaben f\u00fcr Sie reibungslos ablaufen. Wir speichern Ihre E-Mail-Anfrage, Bestellung und Daten erst, nachdem Sie sich bei uns beworben haben. M\u00f6chten Sie Ihre Daten anpassen oder l\u00f6schen lassen? Bitte kontaktieren Sie uns \u00fcber Administratie@eve-techniek,nl.<\/p>\n<p><strong>Wie lange wir personenbezogene Daten aufbewahren.<\/strong><br \/>\nEVE Techniek B.V. speichert Ihre personenbezogenen Daten nicht l\u00e4nger als unbedingt erforderlich, um die Zwecke zu erf\u00fcllen, f\u00fcr die Ihre Daten erhoben werden.<\/p>\n<p><strong>Weitergabe personenbezogener Daten an Dritte.<\/strong><br \/>\nEVE Techniek B.V. nur an Dritte weitergibt und nur, wenn dies f\u00fcr die Durchf\u00fchrung unserer Vereinbarung mit Ihnen oder zur Erf\u00fcllung einer gesetzlichen Verpflichtung erforderlich ist.<\/p>\n<p><strong>Cookies oder \u00e4hnliche Techniken, die wir verwenden.<\/strong><br \/>\nEVE Techniek B.V. verwendet nur technische und funktionale Cookies. Und analytische Cookies, die Ihre Privatsph\u00e4re nicht verletzen.<br \/>\nEin Cookie ist eine kleine Textdatei, die beim ersten Besuch dieser Website auf Ihrem Computer, Tablet oder Smartphone gespeichert wird. Die von uns verwendeten Cookies sind<br \/>\ndie f\u00fcr den technischen Betrieb der Website und Ihre Benutzerfreundlichkeit erforderlich sind. Sie stellen sicher, dass die Website ordnungsgem\u00e4\u00df funktioniert und merken sich beispielsweise Ihre bevorzugten Einstellungen. Damit k\u00f6nnen wir auch unsere Website optimieren. Sie k\u00f6nnen Cookies ablehnen, indem Sie Ihren Internetbrowser so einstellen, dass er keine Cookies mehr speichert. Dar\u00fcber hinaus k\u00f6nnen Sie auch alle zuvor gespeicherten Informationen \u00fcber die Einstellungen Ihres Browsers l\u00f6schen.<\/p>\n<p><strong>Daten anzeigen, \u00e4ndern oder l\u00f6schen.<\/strong><br \/>\nSie haben das Recht, Ihre personenbezogenen Daten einzusehen, zu korrigieren oder zu l\u00f6schen. Dar\u00fcber hinaus haben Sie das Recht, Ihre Einwilligung zur Datenverarbeitung zu widerrufen oder der Verarbeitung Ihrer personenbezogenen Daten durch EVE Techniek B.V. zu widersprechen. und Sie haben das Recht auf Daten\u00fcbertragbarkeit. Das bedeutet, dass Sie eine Anfrage an uns richten k\u00f6nnen, um die personenbezogenen Daten, die wir \u00fcber Sie in einer Computerdatei haben, an Sie oder eine andere von Ihnen genannte Organisation zu senden. Sie k\u00f6nnen einen Antrag auf Einsichtnahme, Berichtigung, L\u00f6schung, Daten\u00fcbertragung Ihrer personenbezogenen Daten oder auf Widerruf Ihrer Einwilligung oder Widerspruch gegen die Verarbeitung Ihrer personenbezogenen Daten an Administratie@eve-techniek.nl senden.<br \/>\nUm sicherzustellen, dass der Antrag auf Zugang von Ihnen gestellt wurde, bitten wir Sie, dem Antrag eine Kopie Ihres Identit\u00e4tsnachweises beizuf\u00fcgen. Machen Sie in dieser Kopie Ihr Passfoto, MRZ (maschinenlesbare Zone, der Nummernstreifen am unteren Rand des Passes), Passnummer und B\u00fcrgerservicenummer (BSN) schwarz. Dies dient dem Schutz Ihrer Privatsph\u00e4re. Wir werden Ihre Anfrage so schnell wie m\u00f6glich, jedoch innerhalb von vier Wochen, beantworten.<br \/>\nEVE Techniek B.V. weisen Sie auch darauf hin, dass Sie die M\u00f6glichkeit haben, eine Beschwerde bei der nationalen Aufsichtsbeh\u00f6rde, der niederl\u00e4ndischen Datenschutzbeh\u00f6rde, einzureichen. Dies k\u00f6nnen Sie \u00fcber den folgenden Link tun:<br \/>\nhttps:\/\/autoriteitpersoonsgegevens.nl\/nl\/contact-met-de-autoriteit-persoonsgegevens\/tipons<\/p>\n<p><strong>Wie wir personenbezogene Daten sch\u00fctzen.<\/strong><br \/>\nEVE Techniek B.V. nimmt den Schutz Ihrer Daten ernst und ergreift geeignete Ma\u00dfnahmen, um Missbrauch, Verlust, unbefugten Zugriff, ungewollte Offenlegung und unbefugte \u00c4nderung zu verhindern. Wenn Sie den Eindruck haben, dass Ihre Daten nicht ordnungsgem\u00e4\u00df gesichert sind oder Hinweise auf einen Missbrauch vorliegen, wenden Sie sich bitte an unseren Kundenservice oder \u00fcber Administratie@eve-techniek.nl<\/p>\n","protected":false},"excerpt":{"rendered":"<p>Datenschutz-Bestimmungen EVE Techniek B.V. EVE Techniek B.V. mit Sitz in Ecu 2 8305 BA Emmeloord ist f\u00fcr die Verarbeitung personenbezogener Daten gem\u00e4\u00df dieser Datenschutzerkl\u00e4rung verantwortlich. Kontaktdetails: EVE Techniek B.V. Ecu 2 8305 BA Emmeloord 0524 745003 Personenbezogene Daten, die wir verarbeiten. EVE Techniek B.V. verarbeitet Ihre personenbezogenen Daten, weil Sie unsere Dienste nutzen und\/oder uns [&hellip;]<\/p>\n","protected":false},"author":4,"featured_media":613,"parent":0,"menu_order":0,"comment_status":"closed","ping_status":"closed","template":"","meta":{"_acf_changed":false,"footnotes":""},"class_list":["post-785","page","type-page","status-publish","has-post-thumbnail","hentry"],"acf":[],"yoast_head":"<!-- This site is optimized with the Yoast SEO plugin v27.3 - https:\/\/yoast.com\/product\/yoast-seo-wordpress\/ -->\n<title>Projekte - EVE Techniek<\/title>\n<meta name=\"robots\" content=\"noindex, nofollow\" \/>\n<meta property=\"og:locale\" content=\"de_DE\" \/>\n<meta property=\"og:type\" content=\"article\" \/>\n<meta property=\"og:title\" content=\"Projekte - EVE Techniek\" \/>\n<meta property=\"og:description\" content=\"Datenschutz-Bestimmungen EVE Techniek B.V. EVE Techniek B.V. mit Sitz in Ecu 2 8305 BA Emmeloord ist f\u00fcr die Verarbeitung personenbezogener Daten gem\u00e4\u00df dieser Datenschutzerkl\u00e4rung verantwortlich. Kontaktdetails: EVE Techniek B.V. Ecu 2 8305 BA Emmeloord 0524 745003 Personenbezogene Daten, die wir verarbeiten. EVE Techniek B.V. verarbeitet Ihre personenbezogenen Daten, weil Sie unsere Dienste nutzen und\/oder uns [&hellip;]\" \/>\n<meta property=\"og:url\" content=\"https:\/\/eve-techniek.nl\/de\/datenschutzerklarung\" \/>\n<meta property=\"og:site_name\" content=\"EVE Techniek\" \/>\n<meta property=\"article:modified_time\" content=\"2024-04-02T10:23:10+00:00\" \/>\n<meta property=\"og:image\" content=\"https:\/\/eve-techniek.nl\/wp-content\/uploads\/2018\/06\/tuinbouw-glasgroenten_20180814102958138.jpg\" \/>\n\t<meta property=\"og:image:width\" content=\"1618\" \/>\n\t<meta property=\"og:image:height\" content=\"1080\" \/>\n\t<meta property=\"og:image:type\" content=\"image\/jpeg\" \/>\n<meta name=\"twitter:card\" content=\"summary_large_image\" \/>\n<meta name=\"twitter:label1\" content=\"Gesch\u00e4tzte Lesezeit\" \/>\n\t<meta name=\"twitter:data1\" content=\"4\u00a0Minuten\" \/>\n<script type=\"application\/ld+json\" class=\"yoast-schema-graph\">{\"@context\":\"https:\\\/\\\/schema.org\",\"@graph\":[{\"@type\":\"WebPage\",\"@id\":\"https:\\\/\\\/eve-techniek.nl\\\/de\\\/datenschutzerklarung\",\"url\":\"https:\\\/\\\/eve-techniek.nl\\\/de\\\/datenschutzerklarung\",\"name\":\"Projekte - EVE Techniek\",\"isPartOf\":{\"@id\":\"https:\\\/\\\/eve-techniek.nl\\\/#website\"},\"primaryImageOfPage\":{\"@id\":\"https:\\\/\\\/eve-techniek.nl\\\/de\\\/datenschutzerklarung#primaryimage\"},\"image\":{\"@id\":\"https:\\\/\\\/eve-techniek.nl\\\/de\\\/datenschutzerklarung#primaryimage\"},\"thumbnailUrl\":\"https:\\\/\\\/eve-techniek.nl\\\/wp-content\\\/uploads\\\/2018\\\/06\\\/tuinbouw-glasgroenten_20180814102958138.jpg\",\"datePublished\":\"2021-07-15T12:49:28+00:00\",\"dateModified\":\"2024-04-02T10:23:10+00:00\",\"breadcrumb\":{\"@id\":\"https:\\\/\\\/eve-techniek.nl\\\/de\\\/datenschutzerklarung#breadcrumb\"},\"inLanguage\":\"de\",\"potentialAction\":[{\"@type\":\"ReadAction\",\"target\":[\"https:\\\/\\\/eve-techniek.nl\\\/de\\\/datenschutzerklarung\"]}]},{\"@type\":\"ImageObject\",\"inLanguage\":\"de\",\"@id\":\"https:\\\/\\\/eve-techniek.nl\\\/de\\\/datenschutzerklarung#primaryimage\",\"url\":\"https:\\\/\\\/eve-techniek.nl\\\/wp-content\\\/uploads\\\/2018\\\/06\\\/tuinbouw-glasgroenten_20180814102958138.jpg\",\"contentUrl\":\"https:\\\/\\\/eve-techniek.nl\\\/wp-content\\\/uploads\\\/2018\\\/06\\\/tuinbouw-glasgroenten_20180814102958138.jpg\",\"width\":1618,\"height\":1080},{\"@type\":\"BreadcrumbList\",\"@id\":\"https:\\\/\\\/eve-techniek.nl\\\/de\\\/datenschutzerklarung#breadcrumb\",\"itemListElement\":[{\"@type\":\"ListItem\",\"position\":1,\"name\":\"Home\",\"item\":\"https:\\\/\\\/eve-techniek.nl\\\/de\\\/home\"},{\"@type\":\"ListItem\",\"position\":2,\"name\":\"Projekte\"}]},{\"@type\":\"WebSite\",\"@id\":\"https:\\\/\\\/eve-techniek.nl\\\/#website\",\"url\":\"https:\\\/\\\/eve-techniek.nl\\\/\",\"name\":\"EVE Techniek\",\"description\":\"\",\"potentialAction\":[{\"@type\":\"SearchAction\",\"target\":{\"@type\":\"EntryPoint\",\"urlTemplate\":\"https:\\\/\\\/eve-techniek.nl\\\/?s={search_term_string}\"},\"query-input\":{\"@type\":\"PropertyValueSpecification\",\"valueRequired\":true,\"valueName\":\"search_term_string\"}}],\"inLanguage\":\"de\"}]}<\/script>\n<!-- \/ Yoast SEO plugin. -->","yoast_head_json":{"title":"Projekte - EVE Techniek","robots":{"index":"noindex","follow":"nofollow"},"og_locale":"de_DE","og_type":"article","og_title":"Projekte - EVE Techniek","og_description":"Datenschutz-Bestimmungen EVE Techniek B.V. EVE Techniek B.V. mit Sitz in Ecu 2 8305 BA Emmeloord ist f\u00fcr die Verarbeitung personenbezogener Daten gem\u00e4\u00df dieser Datenschutzerkl\u00e4rung verantwortlich. Kontaktdetails: EVE Techniek B.V. Ecu 2 8305 BA Emmeloord 0524 745003 Personenbezogene Daten, die wir verarbeiten. EVE Techniek B.V. verarbeitet Ihre personenbezogenen Daten, weil Sie unsere Dienste nutzen und\/oder uns [&hellip;]","og_url":"https:\/\/eve-techniek.nl\/de\/datenschutzerklarung","og_site_name":"EVE Techniek","article_modified_time":"2024-04-02T10:23:10+00:00","og_image":[{"width":1618,"height":1080,"url":"https:\/\/eve-techniek.nl\/wp-content\/uploads\/2018\/06\/tuinbouw-glasgroenten_20180814102958138.jpg","type":"image\/jpeg"}],"twitter_card":"summary_large_image","twitter_misc":{"Gesch\u00e4tzte Lesezeit":"4\u00a0Minuten"},"schema":{"@context":"https:\/\/schema.org","@graph":[{"@type":"WebPage","@id":"https:\/\/eve-techniek.nl\/de\/datenschutzerklarung","url":"https:\/\/eve-techniek.nl\/de\/datenschutzerklarung","name":"Projekte - EVE Techniek","isPartOf":{"@id":"https:\/\/eve-techniek.nl\/#website"},"primaryImageOfPage":{"@id":"https:\/\/eve-techniek.nl\/de\/datenschutzerklarung#primaryimage"},"image":{"@id":"https:\/\/eve-techniek.nl\/de\/datenschutzerklarung#primaryimage"},"thumbnailUrl":"https:\/\/eve-techniek.nl\/wp-content\/uploads\/2018\/06\/tuinbouw-glasgroenten_20180814102958138.jpg","datePublished":"2021-07-15T12:49:28+00:00","dateModified":"2024-04-02T10:23:10+00:00","breadcrumb":{"@id":"https:\/\/eve-techniek.nl\/de\/datenschutzerklarung#breadcrumb"},"inLanguage":"de","potentialAction":[{"@type":"ReadAction","target":["https:\/\/eve-techniek.nl\/de\/datenschutzerklarung"]}]},{"@type":"ImageObject","inLanguage":"de","@id":"https:\/\/eve-techniek.nl\/de\/datenschutzerklarung#primaryimage","url":"https:\/\/eve-techniek.nl\/wp-content\/uploads\/2018\/06\/tuinbouw-glasgroenten_20180814102958138.jpg","contentUrl":"https:\/\/eve-techniek.nl\/wp-content\/uploads\/2018\/06\/tuinbouw-glasgroenten_20180814102958138.jpg","width":1618,"height":1080},{"@type":"BreadcrumbList","@id":"https:\/\/eve-techniek.nl\/de\/datenschutzerklarung#breadcrumb","itemListElement":[{"@type":"ListItem","position":1,"name":"Home","item":"https:\/\/eve-techniek.nl\/de\/home"},{"@type":"ListItem","position":2,"name":"Projekte"}]},{"@type":"WebSite","@id":"https:\/\/eve-techniek.nl\/#website","url":"https:\/\/eve-techniek.nl\/","name":"EVE Techniek","description":"","potentialAction":[{"@type":"SearchAction","target":{"@type":"EntryPoint","urlTemplate":"https:\/\/eve-techniek.nl\/?s={search_term_string}"},"query-input":{"@type":"PropertyValueSpecification","valueRequired":true,"valueName":"search_term_string"}}],"inLanguage":"de"}]}},"_links":{"self":[{"href":"https:\/\/eve-techniek.nl\/de\/wp-json\/wp\/v2\/pages\/785","targetHints":{"allow":["GET"]}}],"collection":[{"href":"https:\/\/eve-techniek.nl\/de\/wp-json\/wp\/v2\/pages"}],"about":[{"href":"https:\/\/eve-techniek.nl\/de\/wp-json\/wp\/v2\/types\/page"}],"author":[{"embeddable":true,"href":"https:\/\/eve-techniek.nl\/de\/wp-json\/wp\/v2\/users\/4"}],"replies":[{"embeddable":true,"href":"https:\/\/eve-techniek.nl\/de\/wp-json\/wp\/v2\/comments?post=785"}],"version-history":[{"count":3,"href":"https:\/\/eve-techniek.nl\/de\/wp-json\/wp\/v2\/pages\/785\/revisions"}],"predecessor-version":[{"id":1869,"href":"https:\/\/eve-techniek.nl\/de\/wp-json\/wp\/v2\/pages\/785\/revisions\/1869"}],"wp:featuredmedia":[{"embeddable":true,"href":"https:\/\/eve-techniek.nl\/de\/wp-json\/wp\/v2\/media\/613"}],"wp:attachment":[{"href":"https:\/\/eve-techniek.nl\/de\/wp-json\/wp\/v2\/media?parent=785"}],"curies":[{"name":"wp","href":"https:\/\/api.w.org\/{rel}","templated":true}]}}