{"id":738,"date":"2021-03-26T16:29:46","date_gmt":"2021-03-26T15:29:46","guid":{"rendered":"https:\/\/eve-techniek.nl\/ueber-uns"},"modified":"2024-04-16T11:41:43","modified_gmt":"2024-04-16T09:41:43","slug":"ueber-uns","status":"publish","type":"page","link":"https:\/\/eve-techniek.nl\/de\/ueber-uns","title":{"rendered":"\u00dcber uns"},"content":{"rendered":"<p data-slate-node=\"element\"><span data-slate-node=\"text\">EVE Techniek B.V. ist ein zuverl\u00e4ssiger und professioneller Partner im Bereich Gew\u00e4chshausgartenbau. Durch unsere umfangreiche Erfahrung bei verschiedenen Arten von Gew\u00e4chshausgartenbauunternehmen haben wir ein fundiertes Wissen \u00fcber diese Branche aufgebaut.<\/span><\/p>\n<p data-slate-node=\"element\"><span data-slate-node=\"text\">Wir legen gro\u00dfen Wert auf den Aufbau starker Beziehungen zu unseren Kunden. Durch die enge Zusammenarbeit k\u00f6nnen wir einen guten Einblick in Ihre spezifische Situation gewinnen. Dies erm\u00f6glicht uns eine gezielte Beratung und die Lieferung der richtigen Ger\u00e4te oder Produkte zum richtigen Zeitpunkt. So k\u00f6nnen Sie als Kunde m\u00f6glichst nachhaltig und effizient arbeiten.<\/span><\/p>\n<h2 data-slate-node=\"element\"><span data-slate-node=\"text\">Unsere Dienstleistungen:<\/span><\/h2>\n<p data-slate-node=\"element\"><span data-slate-node=\"text\"><strong><a href=\"https:\/\/www.priva.com\/horticulture\">Priva<\/a>:<\/strong><br \/>\n<\/span><span data-slate-node=\"text\">Als <a href=\"https:\/\/www.priva.com\/horticulture\"><em>Priva-H\u00e4ndler<\/em><\/a> sind wir auf die Entwicklung, Installation und Wartung von Priva-Systemen spezialisiert. Mit diesen fortschrittlichen Technologien k\u00f6nnen wir unter anderem Ihre Klimatisierung, Bew\u00e4sserung und Energiemanagement optimieren. Dadurch k\u00f6nnen Sie die Produktivit\u00e4t steigern und Kosten sparen.<\/span><\/p>\n<p data-slate-node=\"element\"><span data-slate-node=\"text\"><a href=\"https:\/\/eve-techniek.nl\/de\/dienstleistungen\/elektrische-systeme\"><strong>Elektrische Systeme:<\/strong><\/a><br \/>\nUnsere erfahrenen Elektriker sorgen f\u00fcr die Installation und Wartung elektrischer Anlagen im Gew\u00e4chshausgartenbau. Ob Beleuchtungsanlagen, Schaltschr\u00e4nke oder andere elektrische Komponenten, wir garantieren einen sicheren und zuverl\u00e4ssigen Betrieb.<\/span><\/p>\n<p data-slate-node=\"element\"><span data-slate-node=\"text\"><a href=\"https:\/\/eve-techniek.nl\/de\/dienstleistungen\/wassertechnische-anlagen\"><strong>Wassertechnische Anlagen:<\/strong><\/a><br \/>\nAls Spezialist im Bereich Wassertechnik bieten wir ma\u00dfgeschneiderte L\u00f6sungen f\u00fcr Bew\u00e4sserungssysteme, Wasserspeicherung und Wasseraufbereitung. Wir sorgen daf\u00fcr, dass Ihre Pflanzen stets ausreichend Wasser erhalten und der Wasserverbrauch effizient geregelt wird.<\/span><\/p>\n<p data-slate-node=\"element\"><span data-slate-node=\"text\"><strong><a href=\"https:\/\/eve-techniek.nl\/de\/dienstleistungen\/bedienung\">Service<\/a> und <a href=\"https:\/\/eve-techniek.nl\/de\/dienstleistungen\/technische-wartung\">Wartung<\/a>:<\/strong><br \/>\nMit unseren hervorragenden Service- und Wartungsleistungen sind wir jederzeit f\u00fcr Sie da. Unsere Techniker sind schnell vor Ort, um etwaige St\u00f6rungen zu beheben und vorbeugende Wartungsarbeiten durchzuf\u00fchren. Dadurch minimieren wir die Ausfallzeiten Ihrer Anlagen.<\/span><\/p>\n<p data-slate-node=\"element\"><a href=\"https:\/\/eve-techniek.nl\/de\/dienstleistungen\/klimacomputer\"><strong>Klimacomputer:<\/strong><\/a><br \/>\n<span data-slate-fragment=\"JTVCJTdCJTIydHlwZSUyMiUzQSUyMnBhcmFncmFwaCUyMiUyQyUyMmNoaWxkcmVuJTIyJTNBJTVCJTdCJTIydGV4dCUyMiUzQSUyMkVWRSUyMFRlY2huaWVrJTIwYmllZHQlMjBvcCUyMG1hYXQlMjBnZW1hYWt0ZSUyMGtsaW1hYXRvcGxvc3NpbmdlbiUyMHZvb3IlMjBkZSUyMGdsYXN0dWluYm91dy4lMjBFZW4lMjBuYXV3a2V1cmlnJTIwZ2VyZWdlbGQlMjBiaW5uZW5rbGltYWF0JTIwaXMlMjBlc3NlbnRpZWVsJTIwdm9vciUyMG9wdGltYWxlJTIwZ2V3YXNncm9laS4lMjBXaWolMjB6b3JnZW4lMjB2b29yJTIwZGUlMjBqdWlzdGUlMjBiYWxhbnMlMjB0dXNzZW4lMjB0ZW1wZXJhdHV1ciUyQyUyMGx1Y2h0dm9jaHRpZ2hlaWQlMkMlMjBDTzItY29uY2VudHJhdGllJTIwZW4lMjBleHRlcm5lJTIwZmFjdG9yZW4uJTIwT256ZSUyMGVydmFyZW4lMjBzcGVjaWFsaXN0ZW4lMjBvbnR3ZXJwZW4lMjB2ZXJ3YXJtaW5nc3N5c3RlbWVuJTIwZGllJTIwdm9sZG9lbiUyMGFhbiUyMHV3JTIwc3BlY2lmaWVrZSUyMGJlaG9lZnRlbi4lMjBEYWFybmFhc3QlMjB6b3JnZW4lMjB3aWolMjB2b29yJTIwdW5pZm9ybWUlMjBDTzItZGlzdHJpYnV0aWUlMkMlMjB3YXQlMjBiaWpkcmFhZ3QlMjBhYW4lMjBvcHRpbWFsZSUyMGdyb2VpJTIwZW4lMjBwcm9kdWN0aXZpdGVpdC4lMjBPbnplJTIwZGllbnN0ZW4lMjBvbXZhdHRlbiUyMG9uZGVyJTIwYW5kZXJlJTIwa2FzdmVyd2FybWluZyUyMGVuJTIwLWtvZWxpbmclMkMlMjBrZXRlbC0lMjBlbiUyMHdhcm10ZW9wc2xhZ3N5c3RlbWVuJTJDJTIwZW4lMjBXS0stJTIwZW4lMjB3YXJtdGVwb21wc3lzdGVtZW4uJTIwTWV0JTIwRVZFJTIwVGVjaG5pZWslMjBiZW50JTIwdSUyMHZlcnpla2VyZCUyMHZhbiUyMGtsaW1hYXR0ZWNobmlzY2hlJTIwc3lzdGVtZW4lMjB2YW4lMjBkZSUyMGhvb2dzdGUlMjBrd2FsaXRlaSUyMiU3RCU1RCU3RCU1RA==\">EVE Techniek bietet ma\u00dfgeschneiderte Klimal\u00f6sungen f\u00fcr den Gew\u00e4chshausgartenbau. Ein genau kontrolliertes Raumklima ist f\u00fcr ein optimales Pflanzenwachstum unerl\u00e4sslich. Wir sorgen f\u00fcr das richtige Gleichgewicht zwischen Temperatur, Luftfeuchtigkeit, CO2-Konzentration und externen Faktoren. Unsere erfahrenen Spezialisten entwerfen Heizsysteme, die Ihren spezifischen Anforderungen entsprechen. Dar\u00fcber hinaus sorgen wir f\u00fcr eine gleichm\u00e4\u00dfige CO2-Verteilung, die zu optimalem Wachstum und Produktivit\u00e4t beitr\u00e4gt. Unsere Dienstleistungen umfassen die Beheizung und K\u00fchlung von Gew\u00e4chsh\u00e4usern, Kessel- und W\u00e4rmespeichersysteme sowie KWK- und W\u00e4rmepumpensysteme. Bei EVE Techniek k\u00f6nnen Sie sich auf klimatechnische Systeme von h\u00f6chster Qualit\u00e4t verlassen.<\/span><\/p>\n<p data-slate-node=\"element\"><span data-slate-node=\"text\"><strong>Qualit\u00e4t und <a href=\"https:\/\/eve-techniek.nl\/de\/projekte\/1864\/erdbeerhof-thien-2\">Innovation<\/a>:<\/strong><br \/>\nBei EVE Techniek B.V. Wir sind bestrebt, unseren Kunden qualitativ hochwertige Produkte und Dienstleistungen anzubieten. Wir investieren kontinuierlich in das Fachwissen unserer Mitarbeiter und uns selbst, um stets \u00fcber die neuesten Entwicklungen im Unterglasanbausektor informiert zu sein.<\/span><\/p>\n<p data-slate-node=\"element\" data-slate-fragment=\"JTVCJTdCJTIydHlwZSUyMiUzQSUyMmhlYWRpbmctb25lJTIyJTJDJTIyY2hpbGRyZW4lMjIlM0ElNUIlN0IlMjJ0ZXh0JTIyJTNBJTIyQmV0cm91d2JhYXJoZWlkJTIwZW4lMjBQcm9mZXNzaW9uYWxpdGVpdCUyMGluJTIwZGUlMjBHbGFzdHVpbmJvdXclMjIlN0QlNUQlN0QlMkMlN0IlMjJ0eXBlJTIyJTNBJTIycGFyYWdyYXBoJTIyJTJDJTIyY2hpbGRyZW4lMjIlM0ElNUIlN0IlMjJ0ZXh0JTIyJTNBJTIyJTIyJTdEJTVEJTdEJTJDJTdCJTIydHlwZSUyMiUzQSUyMnBhcmFncmFwaCUyMiUyQyUyMmNoaWxkcmVuJTIyJTNBJTVCJTdCJTIydGV4dCUyMiUzQSUyMkVWRSUyMFRlY2huaWVrJTIwQi5WLiUyMGlzJTIwZWVuJTIwYmV0cm91d2JhcmUlMjBlbiUyMHByb2Zlc3Npb25lbGUlMjBwYXJ0bmVyJTIwaW4lMjBkZSUyMGdsYXN0dWluYm91dyUyMHNlY3Rvci4lMjBNZXQlMjBvbnplJTIwcnVpbWUlMjBlcnZhcmluZyUyMGJpaiUyMGRpdmVyc2UlMjBzb29ydGVuJTIwZ2xhc3R1aW5ib3V3YmVkcmlqdmVuJTIwaGViYmVuJTIwd2lqJTIwZWVuJTIwZGllcGdhYW5kZSUyMGtlbm5pcyUyMG9wZ2Vib3V3ZCUyMG92ZXIlMjBkZXplJTIwYmVkcmlqZnN0YWsuJTIyJTdEJTVEJTdEJTJDJTdCJTIydHlwZSUyMiUzQSUyMnBhcmFncmFwaCUyMiUyQyUyMmNoaWxkcmVuJTIyJTNBJTVCJTdCJTIydGV4dCUyMiUzQSUyMiUyMiU3RCU1RCU3RCUyQyU3QiUyMnR5cGUlMjIlM0ElMjJwYXJhZ3JhcGglMjIlMkMlMjJjaGlsZHJlbiUyMiUzQSU1QiU3QiUyMnRleHQlMjIlM0ElMjJXaWolMjBoZWNodGVuJTIwdmVlbCUyMHdhYXJkZSUyMGFhbiUyMGhldCUyMG9wYm91d2VuJTIwdmFuJTIwc3RlcmtlJTIwcmVsYXRpZXMlMjBtZXQlMjBvbnplJTIwa2xhbnRlbi4lMjBEb29yJTIwbmF1dyUyMHNhbWVuJTIwdGUlMjB3ZXJrZW4lMkMlMjB6aWpuJTIwd2lqJTIwaW4lMjBzdGFhdCUyMG9tJTIwZ29lZCUyMGluemljaHQlMjB0ZSUyMGtyaWpnZW4lMjBpbiUyMHV3JTIwc3BlY2lmaWVrZSUyMHNpdHVhdGllLiUyMERpdCUyMHN0ZWx0JTIwb25zJTIwaW4lMjBzdGFhdCUyMG9tJTIwZ2VyaWNodCUyMGFkdmllcyUyMHRlJTIwZ2V2ZW4lMjBlbiUyMGRlJTIwanVpc3RlJTIwYXBwYXJhdHV1ciUyMG9mJTIwcHJvZHVjdGVuJTIwb3AlMjBoZXQlMjBqdWlzdGUlMjBtb21lbnQlMjB0ZSUyMGxldmVyZW4uJTIwT3AlMjBkZXplJTIwbWFuaWVyJTIwa3VudCUyMHUlMjBhbHMlMjBrbGFudCUyMHpvJTIwZHV1cnphYW0lMjBlbiUyMGVmZmljaSVDMyVBQm50JTIwbW9nZWxpamslMjB3ZXJrZW4uJTIyJTdEJTVEJTdEJTJDJTdCJTIydHlwZSUyMiUzQSUyMnBhcmFncmFwaCUyMiUyQyUyMmNoaWxkcmVuJTIyJTNBJTVCJTdCJTIydGV4dCUyMiUzQSUyMiUyMiU3RCU1RCU3RCUyQyU3QiUyMnR5cGUlMjIlM0ElMjJoZWFkaW5nLXR3byUyMiUyQyUyMmNoaWxkcmVuJTIyJTNBJTVCJTdCJTIydGV4dCUyMiUzQSUyMk9uemUlMjBEaWVuc3RlbiUzQSUyMiU3RCU1RCU3RCUyQyU3QiUyMnR5cGUlMjIlM0ElMjJwYXJhZ3JhcGglMjIlMkMlMjJjaGlsZHJlbiUyMiUzQSU1QiU3QiUyMnRleHQlMjIlM0ElMjIlMjIlN0QlNUQlN0QlMkMlN0IlMjJ0eXBlJTIyJTNBJTIyaGVhZGluZy10aHJlZSUyMiUyQyUyMmNoaWxkcmVuJTIyJTNBJTVCJTdCJTIydGV4dCUyMiUzQSUyMlByaXZhJTIyJTdEJTVEJTdEJTJDJTdCJTIydHlwZSUyMiUzQSUyMnBhcmFncmFwaCUyMiUyQyUyMmNoaWxkcmVuJTIyJTNBJTVCJTdCJTIydGV4dCUyMiUzQSUyMiUyMiU3RCU1RCU3RCUyQyU3QiUyMnR5cGUlMjIlM0ElMjJwYXJhZ3JhcGglMjIlMkMlMjJjaGlsZHJlbiUyMiUzQSU1QiU3QiUyMnRleHQlMjIlM0ElMjJXaWolMjB6aWpuJTIwZ2VzcGVjaWFsaXNlZXJkJTIwaW4lMjBoZXQlMjBvbnR3ZXJwZW4lMkMlMjBpbnN0YWxsZXJlbiUyMGVuJTIwb25kZXJob3VkZW4lMjB2YW4lMjBQcml2YSUyMHN5c3RlbWVuLiUyME1ldCUyMGRlemUlMjBnZWF2YW5jZWVyZGUlMjB0ZWNobm9sb2dpZSVDMyVBQm4lMjBrdW5uZW4lMjB3aWolMjB1dyUyMGtsaW1hYXRiZWhlZXJzaW5nJTJDJTIwaXJyaWdhdGllJTIwZW4lMjBlbmVyZ2llYmVoZWVyJTIwb3B0aW1hbGlzZXJlbi4lMjBIaWVyZG9vciUyMGt1bnQlMjB1JTIwZGUlMjBwcm9kdWN0aXZpdGVpdCUyMHZlcmhvZ2VuJTIwZW4lMjBrb3N0ZW4lMjBiZXNwYXJlbi4lMjIlN0QlNUQlN0QlMkMlN0IlMjJ0eXBlJTIyJTNBJTIycGFyYWdyYXBoJTIyJTJDJTIyY2hpbGRyZW4lMjIlM0ElNUIlN0IlMjJ0ZXh0JTIyJTNBJTIyJTIyJTdEJTVEJTdEJTJDJTdCJTIydHlwZSUyMiUzQSUyMmhlYWRpbmctdGhyZWUlMjIlMkMlMjJjaGlsZHJlbiUyMiUzQSU1QiU3QiUyMnRleHQlMjIlM0ElMjJFbGVrdHJpc2NoZSUyMEluc3RhbGxhdGllcyUyMiU3RCU1RCU3RCUyQyU3QiUyMnR5cGUlMjIlM0ElMjJwYXJhZ3JhcGglMjIlMkMlMjJjaGlsZHJlbiUyMiUzQSU1QiU3QiUyMnRleHQlMjIlM0ElMjIlMjIlN0QlNUQlN0QlMkMlN0IlMjJ0eXBlJTIyJTNBJTIycGFyYWdyYXBoJTIyJTJDJTIyY2hpbGRyZW4lMjIlM0ElNUIlN0IlMjJ0ZXh0JTIyJTNBJTIyT256ZSUyMGVydmFyZW4lMjBlbGVrdHJpY2llbnMlMjB6b3JnZW4lMjB2b29yJTIwZGUlMjBpbnN0YWxsYXRpZSUyMGVuJTIwb25kZXJob3VkJTIwdmFuJTIwZWxla3RyaXNjaGUlMjBzeXN0ZW1lbiUyMGluJTIwZGUlMjBnbGFzdHVpbmJvdXcuJTIwT2YlMjBoZXQlMjBudSUyMGdhYXQlMjBvbSUyMGJlbGljaHRpbmdzc3lzdGVtZW4lMkMlMjBzY2hha2Vsa2FzdGVuJTIwb2YlMjBhbmRlcmUlMjBlbGVrdHJpc2NoZSUyMGNvbXBvbmVudGVuJTJDJTIwd2lqJTIwZ2FyYW5kZXJlbiUyMGVlbiUyMHZlaWxpZ2UlMjBlbiUyMGJldHJvdXdiYXJlJTIwd2Vya2luZy4lMjIlN0QlNUQlN0QlMkMlN0IlMjJ0eXBlJTIyJTNBJTIycGFyYWdyYXBoJTIyJTJDJTIyY2hpbGRyZW4lMjIlM0ElNUIlN0IlMjJ0ZXh0JTIyJTNBJTIyJTIyJTdEJTVEJTdEJTJDJTdCJTIydHlwZSUyMiUzQSUyMmhlYWRpbmctdGhyZWUlMjIlMkMlMjJjaGlsZHJlbiUyMiUzQSU1QiU3QiUyMnRleHQlMjIlM0ElMjJXYXRlciUyMFRlY2huaXNjaGUlMjBJbnN0YWxsYXRpZXMlMjIlN0QlNUQlN0QlMkMlN0IlMjJ0eXBlJTIyJTNBJTIycGFyYWdyYXBoJTIyJTJDJTIyY2hpbGRyZW4lMjIlM0ElNUIlN0IlMjJ0ZXh0JTIyJTNBJTIyJTIyJTdEJTVEJTdEJTJDJTdCJTIydHlwZSUyMiUzQSUyMnBhcmFncmFwaCUyMiUyQyUyMmNoaWxkcmVuJTIyJTNBJTVCJTdCJTIydGV4dCUyMiUzQSUyMkFscyUyMHNwZWNpYWxpc3QlMjBvcCUyMGhldCUyMGdlYmllZCUyMHZhbiUyMHdhdGVyJTIwdGVjaG5pZWslMkMlMjBiaWVkZW4lMjB3aWolMjBvcCUyMG1hYXQlMjBnZW1hYWt0ZSUyMG9wbG9zc2luZ2VuJTIwdm9vciUyMGlycmlnYXRpZXN5c3RlbWVuJTJDJTIwd2F0ZXJvcHNsYWclMjBlbiUyMHdhdGVyenVpdmVyaW5nLiUyMFdpaiUyMHpvcmdlbiUyMGVydm9vciUyMGRhdCUyMHV3JTIwZ2V3YXNzZW4lMjBhbHRpamQlMjB2b2xkb2VuZGUlMjB3YXRlciUyMGtyaWpnZW4lMjBlbiUyMGRhdCUyMGhldCUyMGdlYnJ1aWslMjB2YW4lMjB3YXRlciUyMGVmZmljaSVDMyVBQm50JTIwd29yZHQlMjBnZXJlZ2VsZC4lMjIlN0QlNUQlN0QlMkMlN0IlMjJ0eXBlJTIyJTNBJTIycGFyYWdyYXBoJTIyJTJDJTIyY2hpbGRyZW4lMjIlM0ElNUIlN0IlMjJ0ZXh0JTIyJTNBJTIyJTIyJTdEJTVEJTdEJTJDJTdCJTIydHlwZSUyMiUzQSUyMmhlYWRpbmctdGhyZWUlMjIlMkMlMjJjaGlsZHJlbiUyMiUzQSU1QiU3QiUyMnRleHQlMjIlM0ElMjJLbGltYWF0JTIwQ29tcHV0ZXIlMjIlN0QlNUQlN0QlMkMlN0IlMjJ0eXBlJTIyJTNBJTIycGFyYWdyYXBoJTIyJTJDJTIyY2hpbGRyZW4lMjIlM0ElNUIlN0IlMjJ0ZXh0JTIyJTNBJTIyJTIyJTdEJTVEJTdEJTJDJTdCJTIydHlwZSUyMiUzQSUyMnBhcmFncmFwaCUyMiUyQyUyMmNoaWxkcmVuJTIyJTNBJTVCJTdCJTIydGV4dCUyMiUzQSUyMkVWRSUyMFRlY2huaWVrJTIwQi5WLiUyMGxldmVydCUyMGdlYXZhbmNlZXJkZSUyMGtsaW1hYXRjb21wdXRlcnMlMjBkaWUlMjBuYXV3a2V1cmlnJTIwaGV0JTIwa2xpbWFhdCUyMGluJTIwdXclMjBrYXMlMjBrdW5uZW4lMjByZWdlbGVuLiUyME1ldCUyMGJlaHVscCUyMHZhbiUyMHNlbnNvcmVuJTIwbWV0ZW4lMjB3aWolMjBjb25zdGFudCUyMHRlbXBlcmF0dXVyJTJDJTIwbHVjaHR2b2NodGlnaGVpZCUyMGVuJTIwQ08yLW5pdmVhdXMlMjBvbSUyMG9wdGltYWxlJTIwZ3JvZWlvbXN0YW5kaWdoZWRlbiUyMHRlJTIwY3JlJUMzJUFCcmVuJTIwdm9vciUyMHV3JTIwZ2V3YXNzZW4uJTIyJTdEJTVEJTdEJTJDJTdCJTIydHlwZSUyMiUzQSUyMnBhcmFncmFwaCUyMiUyQyUyMmNoaWxkcmVuJTIyJTNBJTVCJTdCJTIydGV4dCUyMiUzQSUyMiUyMiU3RCU1RCU3RCUyQyU3QiUyMnR5cGUlMjIlM0ElMjJoZWFkaW5nLXRocmVlJTIyJTJDJTIyY2hpbGRyZW4lMjIlM0ElNUIlN0IlMjJ0ZXh0JTIyJTNBJTIyU2VydmljZSUyMGVuJTIwT25kZXJob3VkJTIyJTdEJTVEJTdEJTJDJTdCJTIydHlwZSUyMiUzQSUyMnBhcmFncmFwaCUyMiUyQyUyMmNoaWxkcmVuJTIyJTNBJTVCJTdCJTIydGV4dCUyMiUzQSUyMiUyMiU3RCU1RCU3RCUyQyU3QiUyMnR5cGUlMjIlM0ElMjJwYXJhZ3JhcGglMjIlMkMlMjJjaGlsZHJlbiUyMiUzQSU1QiU3QiUyMnRleHQlMjIlM0ElMjJXaWolMjBzdGFhbiUyMGFsdGlqZCUyMHZvb3IlMjB1JTIwa2xhYXIlMjBtZXQlMjBvbnplJTIwdWl0c3Rla2VuZGUlMjBzZXJ2aWNlJTIwZW4lMjBvbmRlcmhvdWRzZGllbnN0ZW4uJTIwT256ZSUyMHRlY2huaWNpJTIwemlqbiUyMHNuZWwlMjB0ZXIlMjBwbGFhdHNlJTIwb20lMjBldmVudHVlbGUlMjBzdG9yaW5nZW4lMjBvcCUyMHRlJTIwbG9zc2VuJTIwZW4lMjBwcmV2ZW50aWVmJTIwb25kZXJob3VkJTIwdWl0JTIwdGUlMjB2b2VyZW4uJTIwT3AlMjBkZXplJTIwbWFuaWVyJTIwbWluaW1hbGlzZXJlbiUyMHdpaiUyMGRlJTIwZG93bnRpbWUlMjB2YW4lMjB1dyUyMGluc3RhbGxhdGllcy4lMjIlN0QlNUQlN0QlMkMlN0IlMjJ0eXBlJTIyJTNBJTIycGFyYWdyYXBoJTIyJTJDJTIyY2hpbGRyZW4lMjIlM0ElNUIlN0IlMjJ0ZXh0JTIyJTNBJTIyJTIyJTdEJTVEJTdEJTJDJTdCJTIydHlwZSUyMiUzQSUyMmhlYWRpbmctdHdvJTIyJTJDJTIyY2hpbGRyZW4lMjIlM0ElNUIlN0IlMjJ0ZXh0JTIyJTNBJTIyS3dhbGl0ZWl0JTIwZW4lMjBJbm5vdmF0aWUlMjIlN0QlNUQlN0QlMkMlN0IlMjJ0eXBlJTIyJTNBJTIycGFyYWdyYXBoJTIyJTJDJTIyY2hpbGRyZW4lMjIlM0ElNUIlN0IlMjJ0ZXh0JTIyJTNBJTIyJTIyJTdEJTVEJTdEJTJDJTdCJTIydHlwZSUyMiUzQSUyMnBhcmFncmFwaCUyMiUyQyUyMmNoaWxkcmVuJTIyJTNBJTVCJTdCJTIydGV4dCUyMiUzQSUyMkJpaiUyMEVWRSUyMFRlY2huaWVrJTIwQi5WLiUyMHN0cmV2ZW4lMjB3aWolMjBlcm5hYXIlMjBvbSUyMGt3YWxpdGF0aWVmJTIwaG9vZ3dhYXJkaWdlJTIwcHJvZHVjdGVuJTIwZW4lMjBkaWVuc3RlbiUyMHRlJTIwbGV2ZXJlbiUyMGFhbiUyMG9uemUlMjBrbGFudGVuLiUyMFdpaiUyMGludmVzdGVyZW4lMjBjb250aW51JTIwaW4lMjBkZSUyMHZha2tlbm5pcyUyMHZhbiUyMG9uemUlMjBtZWRld2Vya2VycyUyMGVuJTIwb25zemVsZiUyQyUyMHpvZGF0JTIwd2lqJTIwYWx0aWpkJTIwb3AlMjBkZSUyMGhvb2d0ZSUyMHppam4lMjB2YW4lMjBkZSUyMG5pZXV3c3RlJTIwb250d2lra2VsaW5nZW4lMjBpbiUyMGRlJTIwZ2xhc3R1aW5ib3V3c2VjdG9yLiUyMiU3RCU1RCU3RCUyQyU3QiUyMnR5cGUlMjIlM0ElMjJwYXJhZ3JhcGglMjIlMkMlMjJjaGlsZHJlbiUyMiUzQSU1QiU3QiUyMnRleHQlMjIlM0ElMjIlMjIlN0QlNUQlN0QlMkMlN0IlMjJ0eXBlJTIyJTNBJTIycGFyYWdyYXBoJTIyJTJDJTIyY2hpbGRyZW4lMjIlM0ElNUIlN0IlMjJ0ZXh0JTIyJTNBJTIyRG9vciUyMG9uemUlMjBleHBlcnRpc2UlMkMlMjBiZXRyb3V3YmFhcmhlaWQlMjBlbiUyMHByb2Zlc3Npb25hbGl0ZWl0JTIwa3VubmVuJTIwd2lqJTIwdSUyMGhlbHBlbiUyMG9tJTIwdXclMjBnbGFzdHVpbmJvdXdiZWRyaWpmJTIwbmFhciUyMGVlbiUyMGhvZ2VyJTIwbml2ZWF1JTIwdGUlMjB0aWxsZW4uJTIwTmVlbSUyMHZhbmRhYWclMjBub2clMjBjb250YWN0JTIwbWV0JTIwb25zJTIwb3AlMjBvbSUyMHRlJTIwYmVzcHJla2VuJTIwaG9lJTIwd2lqJTIwdSUyMGt1bm5lbiUyMG9uZGVyc3RldW5lbi4lMjIlN0QlNUQlN0QlMkMlN0IlMjJ0eXBlJTIyJTNBJTIycGFyYWdyYXBoJTIyJTJDJTIyY2hpbGRyZW4lMjIlM0ElNUIlN0IlMjJ0ZXh0JTIyJTNBJTIyJTIyJTdEJTVEJTdEJTVE\"><span data-slate-node=\"text\">Durch unser Fachwissen, unsere Zuverl\u00e4ssigkeit und unsere Professionalit\u00e4t k\u00f6nnen wir Ihnen helfen, Ihr Gew\u00e4chshausgartenbauunternehmen auf die n\u00e4chste Stufe zu heben.<\/span><\/p>\n<p data-slate-node=\"element\">\n","protected":false},"excerpt":{"rendered":"<p>EVE Techniek B.V. ist ein zuverl\u00e4ssiger und professioneller Partner im Bereich Gew\u00e4chshausgartenbau. Durch unsere umfangreiche Erfahrung bei verschiedenen Arten von Gew\u00e4chshausgartenbauunternehmen haben wir ein fundiertes Wissen \u00fcber diese Branche aufgebaut. Wir legen gro\u00dfen Wert auf den Aufbau starker Beziehungen zu unseren Kunden. Durch die enge Zusammenarbeit k\u00f6nnen wir einen guten Einblick in Ihre spezifische Situation [&hellip;]<\/p>\n","protected":false},"author":4,"featured_media":505,"parent":0,"menu_order":0,"comment_status":"closed","ping_status":"closed","template":"","meta":{"_acf_changed":false,"footnotes":""},"class_list":["post-738","page","type-page","status-publish","has-post-thumbnail","hentry"],"acf":[],"yoast_head":"<!-- This site is optimized with the Yoast SEO plugin v27.3 - https:\/\/yoast.com\/product\/yoast-seo-wordpress\/ -->\n<title>\u00dcber uns - EVE Techniek<\/title>\n<meta name=\"robots\" content=\"index, follow, max-snippet:-1, max-image-preview:large, max-video-preview:-1\" \/>\n<link rel=\"canonical\" href=\"https:\/\/eve-techniek.nl\/de\/ueber-uns\" \/>\n<meta property=\"og:locale\" content=\"de_DE\" \/>\n<meta property=\"og:type\" content=\"article\" \/>\n<meta property=\"og:title\" content=\"\u00dcber uns - EVE Techniek\" \/>\n<meta property=\"og:description\" content=\"EVE Techniek B.V. ist ein zuverl\u00e4ssiger und professioneller Partner im Bereich Gew\u00e4chshausgartenbau. Durch unsere umfangreiche Erfahrung bei verschiedenen Arten von Gew\u00e4chshausgartenbauunternehmen haben wir ein fundiertes Wissen \u00fcber diese Branche aufgebaut. Wir legen gro\u00dfen Wert auf den Aufbau starker Beziehungen zu unseren Kunden. Durch die enge Zusammenarbeit k\u00f6nnen wir einen guten Einblick in Ihre spezifische Situation [&hellip;]\" \/>\n<meta property=\"og:url\" content=\"https:\/\/eve-techniek.nl\/de\/ueber-uns\" \/>\n<meta property=\"og:site_name\" content=\"EVE Techniek\" \/>\n<meta property=\"article:modified_time\" content=\"2024-04-16T09:41:43+00:00\" \/>\n<meta property=\"og:image\" content=\"https:\/\/eve-techniek.nl\/wp-content\/uploads\/2016\/04\/Birkenhof-DSC_0247-1024x576.jpg\" \/>\n\t<meta property=\"og:image:width\" content=\"1024\" \/>\n\t<meta property=\"og:image:height\" content=\"576\" \/>\n\t<meta property=\"og:image:type\" content=\"image\/jpeg\" \/>\n<meta name=\"twitter:card\" content=\"summary_large_image\" \/>\n<meta name=\"twitter:label1\" content=\"Gesch\u00e4tzte Lesezeit\" \/>\n\t<meta name=\"twitter:data1\" content=\"1\u00a0Minute\" \/>\n<script type=\"application\/ld+json\" class=\"yoast-schema-graph\">{\"@context\":\"https:\\\/\\\/schema.org\",\"@graph\":[{\"@type\":\"WebPage\",\"@id\":\"https:\\\/\\\/eve-techniek.nl\\\/de\\\/ueber-uns\",\"url\":\"https:\\\/\\\/eve-techniek.nl\\\/de\\\/ueber-uns\",\"name\":\"\u00dcber uns - EVE Techniek\",\"isPartOf\":{\"@id\":\"https:\\\/\\\/eve-techniek.nl\\\/#website\"},\"primaryImageOfPage\":{\"@id\":\"https:\\\/\\\/eve-techniek.nl\\\/de\\\/ueber-uns#primaryimage\"},\"image\":{\"@id\":\"https:\\\/\\\/eve-techniek.nl\\\/de\\\/ueber-uns#primaryimage\"},\"thumbnailUrl\":\"https:\\\/\\\/eve-techniek.nl\\\/wp-content\\\/uploads\\\/2016\\\/04\\\/Birkenhof-DSC_0247.jpg\",\"datePublished\":\"2021-03-26T15:29:46+00:00\",\"dateModified\":\"2024-04-16T09:41:43+00:00\",\"breadcrumb\":{\"@id\":\"https:\\\/\\\/eve-techniek.nl\\\/de\\\/ueber-uns#breadcrumb\"},\"inLanguage\":\"de\",\"potentialAction\":[{\"@type\":\"ReadAction\",\"target\":[\"https:\\\/\\\/eve-techniek.nl\\\/de\\\/ueber-uns\"]}]},{\"@type\":\"ImageObject\",\"inLanguage\":\"de\",\"@id\":\"https:\\\/\\\/eve-techniek.nl\\\/de\\\/ueber-uns#primaryimage\",\"url\":\"https:\\\/\\\/eve-techniek.nl\\\/wp-content\\\/uploads\\\/2016\\\/04\\\/Birkenhof-DSC_0247.jpg\",\"contentUrl\":\"https:\\\/\\\/eve-techniek.nl\\\/wp-content\\\/uploads\\\/2016\\\/04\\\/Birkenhof-DSC_0247.jpg\",\"width\":3840,\"height\":2160},{\"@type\":\"BreadcrumbList\",\"@id\":\"https:\\\/\\\/eve-techniek.nl\\\/de\\\/ueber-uns#breadcrumb\",\"itemListElement\":[{\"@type\":\"ListItem\",\"position\":1,\"name\":\"Home\",\"item\":\"https:\\\/\\\/eve-techniek.nl\\\/de\\\/home\"},{\"@type\":\"ListItem\",\"position\":2,\"name\":\"\u00dcber uns\"}]},{\"@type\":\"WebSite\",\"@id\":\"https:\\\/\\\/eve-techniek.nl\\\/#website\",\"url\":\"https:\\\/\\\/eve-techniek.nl\\\/\",\"name\":\"EVE Techniek\",\"description\":\"\",\"potentialAction\":[{\"@type\":\"SearchAction\",\"target\":{\"@type\":\"EntryPoint\",\"urlTemplate\":\"https:\\\/\\\/eve-techniek.nl\\\/?s={search_term_string}\"},\"query-input\":{\"@type\":\"PropertyValueSpecification\",\"valueRequired\":true,\"valueName\":\"search_term_string\"}}],\"inLanguage\":\"de\"}]}<\/script>\n<!-- \/ Yoast SEO plugin. -->","yoast_head_json":{"title":"\u00dcber uns - EVE Techniek","robots":{"index":"index","follow":"follow","max-snippet":"max-snippet:-1","max-image-preview":"max-image-preview:large","max-video-preview":"max-video-preview:-1"},"canonical":"https:\/\/eve-techniek.nl\/de\/ueber-uns","og_locale":"de_DE","og_type":"article","og_title":"\u00dcber uns - EVE Techniek","og_description":"EVE Techniek B.V. ist ein zuverl\u00e4ssiger und professioneller Partner im Bereich Gew\u00e4chshausgartenbau. Durch unsere umfangreiche Erfahrung bei verschiedenen Arten von Gew\u00e4chshausgartenbauunternehmen haben wir ein fundiertes Wissen \u00fcber diese Branche aufgebaut. Wir legen gro\u00dfen Wert auf den Aufbau starker Beziehungen zu unseren Kunden. Durch die enge Zusammenarbeit k\u00f6nnen wir einen guten Einblick in Ihre spezifische Situation [&hellip;]","og_url":"https:\/\/eve-techniek.nl\/de\/ueber-uns","og_site_name":"EVE Techniek","article_modified_time":"2024-04-16T09:41:43+00:00","og_image":[{"width":1024,"height":576,"url":"https:\/\/eve-techniek.nl\/wp-content\/uploads\/2016\/04\/Birkenhof-DSC_0247-1024x576.jpg","type":"image\/jpeg"}],"twitter_card":"summary_large_image","twitter_misc":{"Gesch\u00e4tzte Lesezeit":"1\u00a0Minute"},"schema":{"@context":"https:\/\/schema.org","@graph":[{"@type":"WebPage","@id":"https:\/\/eve-techniek.nl\/de\/ueber-uns","url":"https:\/\/eve-techniek.nl\/de\/ueber-uns","name":"\u00dcber uns - EVE Techniek","isPartOf":{"@id":"https:\/\/eve-techniek.nl\/#website"},"primaryImageOfPage":{"@id":"https:\/\/eve-techniek.nl\/de\/ueber-uns#primaryimage"},"image":{"@id":"https:\/\/eve-techniek.nl\/de\/ueber-uns#primaryimage"},"thumbnailUrl":"https:\/\/eve-techniek.nl\/wp-content\/uploads\/2016\/04\/Birkenhof-DSC_0247.jpg","datePublished":"2021-03-26T15:29:46+00:00","dateModified":"2024-04-16T09:41:43+00:00","breadcrumb":{"@id":"https:\/\/eve-techniek.nl\/de\/ueber-uns#breadcrumb"},"inLanguage":"de","potentialAction":[{"@type":"ReadAction","target":["https:\/\/eve-techniek.nl\/de\/ueber-uns"]}]},{"@type":"ImageObject","inLanguage":"de","@id":"https:\/\/eve-techniek.nl\/de\/ueber-uns#primaryimage","url":"https:\/\/eve-techniek.nl\/wp-content\/uploads\/2016\/04\/Birkenhof-DSC_0247.jpg","contentUrl":"https:\/\/eve-techniek.nl\/wp-content\/uploads\/2016\/04\/Birkenhof-DSC_0247.jpg","width":3840,"height":2160},{"@type":"BreadcrumbList","@id":"https:\/\/eve-techniek.nl\/de\/ueber-uns#breadcrumb","itemListElement":[{"@type":"ListItem","position":1,"name":"Home","item":"https:\/\/eve-techniek.nl\/de\/home"},{"@type":"ListItem","position":2,"name":"\u00dcber uns"}]},{"@type":"WebSite","@id":"https:\/\/eve-techniek.nl\/#website","url":"https:\/\/eve-techniek.nl\/","name":"EVE Techniek","description":"","potentialAction":[{"@type":"SearchAction","target":{"@type":"EntryPoint","urlTemplate":"https:\/\/eve-techniek.nl\/?s={search_term_string}"},"query-input":{"@type":"PropertyValueSpecification","valueRequired":true,"valueName":"search_term_string"}}],"inLanguage":"de"}]}},"_links":{"self":[{"href":"https:\/\/eve-techniek.nl\/de\/wp-json\/wp\/v2\/pages\/738","targetHints":{"allow":["GET"]}}],"collection":[{"href":"https:\/\/eve-techniek.nl\/de\/wp-json\/wp\/v2\/pages"}],"about":[{"href":"https:\/\/eve-techniek.nl\/de\/wp-json\/wp\/v2\/types\/page"}],"author":[{"embeddable":true,"href":"https:\/\/eve-techniek.nl\/de\/wp-json\/wp\/v2\/users\/4"}],"replies":[{"embeddable":true,"href":"https:\/\/eve-techniek.nl\/de\/wp-json\/wp\/v2\/comments?post=738"}],"version-history":[{"count":4,"href":"https:\/\/eve-techniek.nl\/de\/wp-json\/wp\/v2\/pages\/738\/revisions"}],"predecessor-version":[{"id":1883,"href":"https:\/\/eve-techniek.nl\/de\/wp-json\/wp\/v2\/pages\/738\/revisions\/1883"}],"wp:featuredmedia":[{"embeddable":true,"href":"https:\/\/eve-techniek.nl\/de\/wp-json\/wp\/v2\/media\/505"}],"wp:attachment":[{"href":"https:\/\/eve-techniek.nl\/de\/wp-json\/wp\/v2\/media?parent=738"}],"curies":[{"name":"wp","href":"https:\/\/api.w.org\/{rel}","templated":true}]}}