{"id":736,"date":"2021-03-26T16:25:40","date_gmt":"2021-03-26T15:25:40","guid":{"rendered":"https:\/\/eve-techniek.nl\/wassertechnische-anlagen"},"modified":"2023-12-19T14:53:31","modified_gmt":"2023-12-19T13:53:31","slug":"wassertechnische-anlagen","status":"publish","type":"page","link":"https:\/\/eve-techniek.nl\/de\/dienstleistungen\/wassertechnische-anlagen","title":{"rendered":"Wassertechnische Anlagen"},"content":{"rendered":"<p data-slate-node=\"element\">\n<h4 data-slate-node=\"element\"><span data-slate-node=\"text\">Holen Sie sich die beste Qualit\u00e4t aus Ihrem Anbau<\/span><\/h4>\n<p data-slate-node=\"element\"><span data-slate-node=\"text\">Die Bedeutung einer wassertechnischen Anlage ist nicht zu untersch\u00e4tzen. Zus\u00e4tzlich zu Ihrer Elektro- und Heizungsanlage ist das Bew\u00e4sserungssystem f\u00fcr die Erzielung optimaler Ergebnisse bei Ihrem Gew\u00e4chshausgr\u00fcnprojekt unerl\u00e4sslich.<\/span><\/p>\n<p data-slate-node=\"element\"><span data-slate-node=\"text\">Denn gutes Wasser ist kostbar. Die richtige Dosierung der N\u00e4hrstoffkombination ist im modernen Gartenbau von gro\u00dfer Bedeutung, wo eine genaue Wasserinstallation unabdingbar ist. Jede Kulturpflanze ben\u00f6tigt eine andere Zusammensetzung und Menge an Wasser, um ein optimales Wachstum zu erzielen.<\/span><\/p>\n<p data-slate-node=\"element\"><span data-slate-node=\"text\">Bei unseren wassertechnischen Anlagen steht die Individualisierung im Mittelpunkt. Wir entwerfen, entwickeln, installieren und betreuen Ihr Projekt bis zur Auslieferung. Unser Fachwissen erm\u00f6glicht es uns, f\u00fcr jede Kultur die richtige Anlage zu realisieren.<\/span><\/p>\n<p data-slate-node=\"element\"><span data-slate-node=\"text\">Eine durchdachte wassertechnische Installation bietet viele Vorteile. Erstens sorgt es daf\u00fcr, dass Ihre Gesch\u00e4ftsprozesse zuverl\u00e4ssig und fehlerfrei ablaufen, was Kosten spart. Dar\u00fcber hinaus tr\u00e4gt es zu einem nachhaltigen Gesch\u00e4ftsbetrieb bei, bei dem wir R\u00fccksicht auf die Umwelt nehmen.<\/span><\/p>\n<p data-slate-node=\"element\"><span data-slate-node=\"text\">Bei der Realisierung Ihrer wassertechnischen Anlage verwenden wir hochwertige Komponenten wie Schalttafeln, Pumpen, Filter und Ventile. Diese platzieren wir nach dem Design oder in Absprache mit Ihnen, wenn Sie andere W\u00fcnsche haben.<\/span><\/p>\n<p data-slate-node=\"element\"><span data-slate-node=\"text\">Zu unseren Bew\u00e4sserungssysteml\u00f6sungen geh\u00f6ren:<\/span><\/p>\n<ul data-slate-node=\"element\">\n<li data-slate-node=\"element\"><span data-slate-node=\"text\">Sprinkleranlage<\/span><\/li>\n<li data-slate-node=\"element\"><span data-slate-node=\"text\">Tropfinstallation<\/span><\/li>\n<li data-slate-node=\"element\"><span data-slate-node=\"text\">Ebbe-Flut-System<\/span><\/li>\n<li data-slate-node=\"element\"><span data-slate-node=\"text\">Dachbew\u00e4sserung<\/span><\/li>\n<li data-slate-node=\"element\"><span data-slate-node=\"text\">Baum gie\u00dfen<\/span><\/li>\n<\/ul>\n<p data-slate-node=\"element\"><span data-slate-node=\"text\">Wir bieten auch Wasseraufbereitungsoptionen an, wie zum Beispiel:<\/span><\/p>\n<ul>\n<li><span data-slate-node=\"text\">Umkehrosmoseanlage<\/span><\/li>\n<li data-slate-node=\"element\"><span data-slate-node=\"text\">Fl\u00fcssigd\u00fcngeranlage<\/span><\/li>\n<li data-slate-node=\"element\"><span data-slate-node=\"text\">Pumpensysteme und Wassereinheiten<\/span><\/li>\n<li data-slate-node=\"element\"><span data-slate-node=\"text\">Desinfektionsanlagen wie:<br \/>\nPriva Vialux M-Line,<br \/>\nPriva Vialux HD-UV<br \/>\nPriva Vialux E-Line<\/span><\/li>\n<\/ul>\n<p data-slate-node=\"element\"><span data-slate-node=\"text\">Mit unserem umfangreichen Sortiment und Know-how k\u00f6nnen wir die ideale wassertechnische Anlage f\u00fcr Ihren Anbau realisieren. Wir verstehen, dass jeder G\u00e4rtner einzigartige Bed\u00fcrfnisse hat und arbeiten deshalb eng mit Ihnen zusammen, um sicherzustellen, dass die Gestaltung und Installation Ihren spezifischen Anforderungen perfekt entspricht.<\/span><\/p>\n<p data-slate-node=\"element\" data-slate-fragment=\"JTVCJTdCJTIydHlwZSUyMiUzQSUyMnBhcmFncmFwaCUyMiUyQyUyMmNoaWxkcmVuJTIyJTNBJTVCJTdCJTIydGV4dCUyMiUzQSUyMiUyMiU3RCU1RCU3RCUyQyU3QiUyMnR5cGUlMjIlM0ElMjJoZWFkaW5nLW9uZSUyMiUyQyUyMmNoaWxkcmVuJTIyJTNBJTVCJTdCJTIydGV4dCUyMiUzQSUyMldhdGVyJTIwdGVjaG5pc2NoZSUyMGluc3RhbGxhdGllJTNBJTIwSGFhbCUyMGRlJTIwYmVzdGUlMjBrd2FsaXRlaXQlMjB1aXQlMjB1dyUyMHRlZWx0JTIyJTdEJTVEJTdEJTJDJTdCJTIydHlwZSUyMiUzQSUyMnBhcmFncmFwaCUyMiUyQyUyMmNoaWxkcmVuJTIyJTNBJTVCJTdCJTIydGV4dCUyMiUzQSUyMiUyMiU3RCU1RCU3RCUyQyU3QiUyMnR5cGUlMjIlM0ElMjJwYXJhZ3JhcGglMjIlMkMlMjJjaGlsZHJlbiUyMiUzQSU1QiU3QiUyMnRleHQlMjIlM0ElMjJIZXQlMjBiZWxhbmclMjB2YW4lMjBlZW4lMjB3YXRlciUyMHRlY2huaXNjaGUlMjBpbnN0YWxsYXRpZSUyMG1hZyUyMG5pZXQlMjBvbmRlcnNjaGF0JTIwd29yZGVuLiUyME5hYXN0JTIwdXclMjBlbGVrdHJpc2NoZSUyMGVuJTIwd2FybXRlJTIwaW5zdGFsbGF0aWUlMkMlMjBpcyUyMGhldCUyMHdhdGVyZ2VlZnN5c3RlZW0lMjBlc3NlbnRpZWVsJTIwdm9vciUyMGhldCUyMGJlaGFsZW4lMjB2YW4lMjBvcHRpbWFsZSUyMHJlc3VsdGF0ZW4lMjBpbiUyMHV3JTIwdGVlbHQlMjBrYXMlMjBncm9lbnByb2plY3QuJTIyJTdEJTVEJTdEJTJDJTdCJTIydHlwZSUyMiUzQSUyMnBhcmFncmFwaCUyMiUyQyUyMmNoaWxkcmVuJTIyJTNBJTVCJTdCJTIydGV4dCUyMiUzQSUyMiUyMiU3RCU1RCU3RCUyQyU3QiUyMnR5cGUlMjIlM0ElMjJwYXJhZ3JhcGglMjIlMkMlMjJjaGlsZHJlbiUyMiUzQSU1QiU3QiUyMnRleHQlMjIlM0ElMjJHb2VkJTIwd2F0ZXIlMjBpcyUyMGltbWVycyUyMGtvc3RiYWFyLiUyMEhldCUyMGRvc2VyZW4lMjB2YW4lMjBkZSUyMGp1aXN0ZSUyMGNvbWJpbmF0aWUlMjB2b2VkaW5nc3N0b2ZmZW4lMjBpcyUyMHZhbiUyMGdyb290JTIwYmVsYW5nJTIwaW4lMjBkZSUyMG1vZGVybmUlMjB0dWluYm91dyUyQyUyMHdhYXIlMjBlZW4lMjBuYXV3a2V1cmlnZSUyMHdhdGVyaW5zdGFsbGF0aWUlMjBvbm1pc2JhYXIlMjBpcy4lMjBJZWRlciUyMGdld2FzJTIwdmVyZWlzdCUyMGVlbiUyMGFuZGVyZSUyMHNhbWVuc3RlbGxpbmclMjBlbiUyMGhvZXZlZWxoZWlkJTIwd2F0ZXIlMjBvbSUyMHRvdCUyMG9wdGltYWxlJTIwZ3JvZWklMjB0ZSUyMGtvbWVuLiUyMiU3RCU1RCU3RCUyQyU3QiUyMnR5cGUlMjIlM0ElMjJwYXJhZ3JhcGglMjIlMkMlMjJjaGlsZHJlbiUyMiUzQSU1QiU3QiUyMnRleHQlMjIlM0ElMjIlMjIlN0QlNUQlN0QlMkMlN0IlMjJ0eXBlJTIyJTNBJTIycGFyYWdyYXBoJTIyJTJDJTIyY2hpbGRyZW4lMjIlM0ElNUIlN0IlMjJ0ZXh0JTIyJTNBJTIyQmlqJTIwb256ZSUyMHdhdGVyJTIwdGVjaG5pc2NoZSUyMGluc3RhbGxhdGllcyUyMHN0YWF0JTIwbWFhdHdlcmslMjBjZW50cmFhbC4lMjBXZSUyMG9udHdlcnBlbiUyQyUyMG9udHdpa2tlbGVuJTJDJTIwaW5zdGFsbGVyZW4lMjBlbiUyMGJlZ2VsZWlkZW4lMjB1dyUyMHByb2plY3QlMjB0b3QlMjBhYW4lMjBvcGxldmVyaW5nLiUyME9uemUlMjBleHBlcnRpc2UlMjBzdGVsdCUyMG9ucyUyMGluJTIwc3RhYXQlMjBvbSUyMHZvb3IlMjBpZWRlcmUlMjB0ZWVsdCUyMGRlJTIwanVpc3RlJTIwaW5zdGFsbGF0aWUlMjB0ZSUyMHJlYWxpc2VyZW4uJTIyJTdEJTVEJTdEJTJDJTdCJTIydHlwZSUyMiUzQSUyMnBhcmFncmFwaCUyMiUyQyUyMmNoaWxkcmVuJTIyJTNBJTVCJTdCJTIydGV4dCUyMiUzQSUyMiUyMiU3RCU1RCU3RCUyQyU3QiUyMnR5cGUlMjIlM0ElMjJwYXJhZ3JhcGglMjIlMkMlMjJjaGlsZHJlbiUyMiUzQSU1QiU3QiUyMnRleHQlMjIlM0ElMjJFZW4lMjBkb29yZGFjaHRlJTIwd2F0ZXIlMjB0ZWNobmlzY2hlJTIwaW5zdGFsbGF0aWUlMjBiaWVkdCUyMHZlbGUlMjB2b29yZGVsZW4uJTIwVGVuJTIwZWVyc3RlJTIwem9yZ3QlMjBoZXQlMjBlcnZvb3IlMjBkYXQlMjB1dyUyMGJlZHJpamZzcHJvY2Vzc2VuJTIwYmV0cm91d2JhYXIlMjBlbiUyMHN0b3JpbmdzdnJpaiUyMHZlcmxvcGVuJTJDJTIwd2F0JTIwa29zdGVuYmVzcGFyZW5kJTIwd2Vya3QuJTIwRGFhcm5hYXN0JTIwZHJhYWd0JTIwaGV0JTIwYmlqJTIwYWFuJTIwZWVuJTIwZHV1cnphbWUlMjBiZWRyaWpmc3ZvZXJpbmclMkMlMjB3YWFyYmlqJTIwd2UlMjByZWtlbmluZyUyMGhvdWRlbiUyMG1ldCUyMGhldCUyMG1pbGlldS4lMjIlN0QlNUQlN0QlMkMlN0IlMjJ0eXBlJTIyJTNBJTIycGFyYWdyYXBoJTIyJTJDJTIyY2hpbGRyZW4lMjIlM0ElNUIlN0IlMjJ0ZXh0JTIyJTNBJTIyJTIyJTdEJTVEJTdEJTJDJTdCJTIydHlwZSUyMiUzQSUyMnBhcmFncmFwaCUyMiUyQyUyMmNoaWxkcmVuJTIyJTNBJTVCJTdCJTIydGV4dCUyMiUzQSUyMkJpaiUyMGRlJTIwcmVhbGlzYXRpZSUyMHZhbiUyMHV3JTIwd2F0ZXIlMjB0ZWNobmlzY2hlJTIwaW5zdGFsbGF0aWUlMjBtYWtlbiUyMHdlJTIwZ2VicnVpayUyMHZhbiUyMGhvb2d3YWFyZGlnZSUyMGNvbXBvbmVudGVuJTIwem9hbHMlMjBzY2hha2VscGFuZWxlbiUyQyUyMHBvbXBlbiUyQyUyMGZpbHRlcnMlMjBlbiUyMGtsZXBwZW4uJTIwRGV6ZSUyMHBsYWF0c2VuJTIwd2UlMjB2b2xnZW5zJTIwaGV0JTIwb250d2VycCUyMG9mJTIwaW4lMjBvdmVybGVnJTIwbWV0JTIwdSUyMG1vY2h0JTIwdSUyMGFuZGVyZSUyMHdlbnNlbiUyMGhlYmJlbi4lMjIlN0QlNUQlN0QlMkMlN0IlMjJ0eXBlJTIyJTNBJTIycGFyYWdyYXBoJTIyJTJDJTIyY2hpbGRyZW4lMjIlM0ElNUIlN0IlMjJ0ZXh0JTIyJTNBJTIyJTIyJTdEJTVEJTdEJTJDJTdCJTIydHlwZSUyMiUzQSUyMnBhcmFncmFwaCUyMiUyQyUyMmNoaWxkcmVuJTIyJTNBJTVCJTdCJTIydGV4dCUyMiUzQSUyMk9uemUlMjB3YXRlcmdlZWZzeXN0ZWVtJTIwb3Bsb3NzaW5nZW4lMjBvbXZhdHRlbiUyMG9uZGVyJTIwYW5kZXJlJTNBJTIyJTdEJTVEJTdEJTJDJTdCJTIydHlwZSUyMiUzQSUyMnBhcmFncmFwaCUyMiUyQyUyMmNoaWxkcmVuJTIyJTNBJTVCJTdCJTIydGV4dCUyMiUzQSUyMiUyMiU3RCU1RCU3RCUyQyU3QiUyMnR5cGUlMjIlM0ElMjJidWxsZXRlZC1saXN0JTIyJTJDJTIyY2hpbGRyZW4lMjIlM0ElNUIlN0IlMjJ0eXBlJTIyJTNBJTIybGlzdC1pdGVtJTIyJTJDJTIyY2hpbGRyZW4lMjIlM0ElNUIlN0IlMjJ0ZXh0JTIyJTNBJTIyQmVyZWdlbmluZ3NpbnN0YWxsYXRpZSUyMiU3RCU1RCU3RCUyQyU3QiUyMnR5cGUlMjIlM0ElMjJsaXN0LWl0ZW0lMjIlMkMlMjJjaGlsZHJlbiUyMiUzQSU1QiU3QiUyMnRleHQlMjIlM0ElMjJEcnVwcGVsaW5zdGFsbGF0aWUlMjIlN0QlNUQlN0QlMkMlN0IlMjJ0eXBlJTIyJTNBJTIybGlzdC1pdGVtJTIyJTJDJTIyY2hpbGRyZW4lMjIlM0ElNUIlN0IlMjJ0ZXh0JTIyJTNBJTIyRWIlMjAlMjYlMjB2bG9lZHN5c3RlZW0lMjIlN0QlNUQlN0QlMkMlN0IlMjJ0eXBlJTIyJTNBJTIybGlzdC1pdGVtJTIyJTJDJTIyY2hpbGRyZW4lMjIlM0ElNUIlN0IlMjJ0ZXh0JTIyJTNBJTIyRGFrYmVyZWdlbmluZyUyMiU3RCU1RCU3RCUyQyU3QiUyMnR5cGUlMjIlM0ElMjJsaXN0LWl0ZW0lMjIlMkMlMjJjaGlsZHJlbiUyMiUzQSU1QiU3QiUyMnRleHQlMjIlM0ElMjJHaWV0Ym9vbSUyMiU3RCU1RCU3RCU1RCU3RCUyQyU3QiUyMnR5cGUlMjIlM0ElMjJwYXJhZ3JhcGglMjIlMkMlMjJjaGlsZHJlbiUyMiUzQSU1QiU3QiUyMnRleHQlMjIlM0ElMjIlMjIlN0QlNUQlN0QlMkMlN0IlMjJ0eXBlJTIyJTNBJTIycGFyYWdyYXBoJTIyJTJDJTIyY2hpbGRyZW4lMjIlM0ElNUIlN0IlMjJ0ZXh0JTIyJTNBJTIyRGFhcm5hYXN0JTIwYmllZGVuJTIwd2UlMjBvb2slMjB3YXRlcmJlaGFuZGVsaW5nc29wdGllcyUyQyUyMHpvYWxzJTNBJTIyJTdEJTVEJTdEJTJDJTdCJTIydHlwZSUyMiUzQSUyMnBhcmFncmFwaCUyMiUyQyUyMmNoaWxkcmVuJTIyJTNBJTVCJTdCJTIydGV4dCUyMiUzQSUyMiUyMiU3RCU1RCU3RCUyQyU3QiUyMnR5cGUlMjIlM0ElMjJidWxsZXRlZC1saXN0JTIyJTJDJTIyY2hpbGRyZW4lMjIlM0ElNUIlN0IlMjJ0eXBlJTIyJTNBJTIybGlzdC1pdGVtJTIyJTJDJTIyY2hpbGRyZW4lMjIlM0ElNUIlN0IlMjJ0ZXh0JTIyJTNBJTIyT21nZWtlZXJkZSUyMG9zbW9zZS1pbnN0YWxsYXRpZSUyMiU3RCU1RCU3RCUyQyU3QiUyMnR5cGUlMjIlM0ElMjJsaXN0LWl0ZW0lMjIlMkMlMjJjaGlsZHJlbiUyMiUzQSU1QiU3QiUyMnRleHQlMjIlM0ElMjJWbG9laWJhcmUlMjBtZXN0c3RvZmluc3RhbGxhdGllJTIyJTdEJTVEJTdEJTJDJTdCJTIydHlwZSUyMiUzQSUyMmxpc3QtaXRlbSUyMiUyQyUyMmNoaWxkcmVuJTIyJTNBJTVCJTdCJTIydGV4dCUyMiUzQSUyMlBvbXBzeXN0ZW1lbiUyMGVuJTIwd2F0ZXJ1bml0cyUyMiU3RCU1RCU3RCUyQyU3QiUyMnR5cGUlMjIlM0ElMjJsaXN0LWl0ZW0lMjIlMkMlMjJjaGlsZHJlbiUyMiUzQSU1QiU3QiUyMnRleHQlMjIlM0ElMjJPbnRzbWV0dGluZ3NpbnN0YWxsYXRpZXMlMjB6b2FscyUyMFByaXZhJTIwVmlhbHV4JTIwTS1MaW5lJTJDJTIwUHJpdmElMjBWaWFsdXglMjBIRC1VViUyMGVuJTIwUHJpdmElMjBWaWFsdXglMjBFLUxpbmUuJTIyJTdEJTVEJTdEJTVEJTdEJTJDJTdCJTIydHlwZSUyMiUzQSUyMnBhcmFncmFwaCUyMiUyQyUyMmNoaWxkcmVuJTIyJTNBJTVCJTdCJTIydGV4dCUyMiUzQSUyMiUyMiU3RCU1RCU3RCUyQyU3QiUyMnR5cGUlMjIlM0ElMjJwYXJhZ3JhcGglMjIlMkMlMjJjaGlsZHJlbiUyMiUzQSU1QiU3QiUyMnRleHQlMjIlM0ElMjJNZXQlMjBvbnMlMjB1aXRnZWJyZWlkZSUyMGFzc29ydGltZW50JTIwZW4lMjBvbnplJTIwZXhwZXJ0aXNlJTIwa3VubmVuJTIwd2UlMjBkZSUyMGlkZWFsZSUyMHdhdGVyJTIwdGVjaG5pc2NoZSUyMGluc3RhbGxhdGllJTIwdm9vciUyMHV3JTIwdGVlbHQlMjByZWFsaXNlcmVuLiUyMFdpaiUyMGJlZ3JpanBlbiUyMGRhdCUyMGVsa2UlMjB0dWluZGVyJTIwdW5pZWtlJTIwYmVob2VmdGVuJTIwaGVlZnQlMjBlbiUyMGRhYXJvbSUyMHdlcmtlbiUyMHdpaiUyMG5hdXclMjBtZXQlMjB1JTIwc2FtZW4lMjBvbSUyMGVydm9vciUyMHRlJTIwem9yZ2VuJTIwZGF0JTIwaGV0JTIwb250d2VycCUyMGVuJTIwZGUlMjBpbnN0YWxsYXRpZSUyMHBlcmZlY3QlMjBhYW5zbHVpdGVuJTIwYmlqJTIwdXclMjBzcGVjaWZpZWtlJTIwZWlzZW4uJTIyJTdEJTVEJTdEJTJDJTdCJTIydHlwZSUyMiUzQSUyMnBhcmFncmFwaCUyMiUyQyUyMmNoaWxkcmVuJTIyJTNBJTVCJTdCJTIydGV4dCUyMiUzQSUyMiUyMiU3RCU1RCU3RCUyQyU3QiUyMnR5cGUlMjIlM0ElMjJwYXJhZ3JhcGglMjIlMkMlMjJjaGlsZHJlbiUyMiUzQSU1QiU3QiUyMnRleHQlMjIlM0ElMjJLb3J0b20lMkMlMjBlZW4lMjBob29nd2FhcmRpZ2UlMjB3YXRlciUyMHRlY2huaXNjaGUlMjBpbnN0YWxsYXRpZSUyMGlzJTIwZXNzZW50aWVlbCUyMHZvb3IlMjBoZXQlMjBiZWhhbGVuJTIwdmFuJTIwb3B0aW1hbGUlMjByZXN1bHRhdGVuJTIwaW4lMjBkZSUyMGdsYXN0dWluYm91dy4lMjBNZXQlMjBvbnplJTIwZXhwZXJ0aXNlJTIwZW4lMjBtYWF0d2Vya29wbG9zc2luZ2VuJTIwem9yZ2VuJTIwd2lqJTIwZXJ2b29yJTIwZGF0JTIwdSUyMGRlJTIwYmVzdGUlMjBrd2FsaXRlaXQlMjB1aXQlMjB1dyUyMHRlZWx0JTIwa3VudCUyMGhhbGVuLiUyMiU3RCU1RCU3RCU1RA==\"><span data-slate-node=\"text\">Kurz gesagt: Eine qualitativ hochwertige wassertechnische Installation ist f\u00fcr die Erzielung optimaler Ergebnisse im Gew\u00e4chshausgartenbau unerl\u00e4sslich. Mit unserem Fachwissen und ma\u00dfgeschneiderten L\u00f6sungen stellen wir sicher, dass Sie die beste Qualit\u00e4t aus Ihrem Anbau herausholen.<\/span><\/p>\n","protected":false},"excerpt":{"rendered":"<p>Holen Sie sich die beste Qualit\u00e4t aus Ihrem Anbau Die Bedeutung einer wassertechnischen Anlage ist nicht zu untersch\u00e4tzen. Zus\u00e4tzlich zu Ihrer Elektro- und Heizungsanlage ist das Bew\u00e4sserungssystem f\u00fcr die Erzielung optimaler Ergebnisse bei Ihrem Gew\u00e4chshausgr\u00fcnprojekt unerl\u00e4sslich. Denn gutes Wasser ist kostbar. Die richtige Dosierung der N\u00e4hrstoffkombination ist im modernen Gartenbau von gro\u00dfer Bedeutung, wo eine [&hellip;]<\/p>\n","protected":false},"author":4,"featured_media":663,"parent":819,"menu_order":0,"comment_status":"closed","ping_status":"closed","template":"","meta":{"_acf_changed":false,"footnotes":""},"class_list":["post-736","page","type-page","status-publish","has-post-thumbnail","hentry"],"acf":[],"yoast_head":"<!-- This site is optimized with the Yoast SEO plugin v27.3 - https:\/\/yoast.com\/product\/yoast-seo-wordpress\/ -->\n<title>Wassertechnische Anlagen - EVE Techniek<\/title>\n<meta name=\"robots\" content=\"index, follow, max-snippet:-1, max-image-preview:large, max-video-preview:-1\" \/>\n<link rel=\"canonical\" href=\"https:\/\/eve-techniek.nl\/de\/dienstleistungen\/wassertechnische-anlagen\" \/>\n<meta property=\"og:locale\" content=\"de_DE\" \/>\n<meta property=\"og:type\" content=\"article\" \/>\n<meta property=\"og:title\" content=\"Wassertechnische Anlagen - EVE Techniek\" \/>\n<meta property=\"og:description\" content=\"Holen Sie sich die beste Qualit\u00e4t aus Ihrem Anbau Die Bedeutung einer wassertechnischen Anlage ist nicht zu untersch\u00e4tzen. Zus\u00e4tzlich zu Ihrer Elektro- und Heizungsanlage ist das Bew\u00e4sserungssystem f\u00fcr die Erzielung optimaler Ergebnisse bei Ihrem Gew\u00e4chshausgr\u00fcnprojekt unerl\u00e4sslich. Denn gutes Wasser ist kostbar. Die richtige Dosierung der N\u00e4hrstoffkombination ist im modernen Gartenbau von gro\u00dfer Bedeutung, wo eine [&hellip;]\" \/>\n<meta property=\"og:url\" content=\"https:\/\/eve-techniek.nl\/de\/dienstleistungen\/wassertechnische-anlagen\" \/>\n<meta property=\"og:site_name\" content=\"EVE Techniek\" \/>\n<meta property=\"article:modified_time\" content=\"2023-12-19T13:53:31+00:00\" \/>\n<meta property=\"og:image\" content=\"https:\/\/eve-techniek.nl\/wp-content\/uploads\/2016\/04\/DSC_0134-verkleind.jpg\" \/>\n\t<meta property=\"og:image:width\" content=\"2987\" \/>\n\t<meta property=\"og:image:height\" content=\"1269\" \/>\n\t<meta property=\"og:image:type\" content=\"image\/jpeg\" \/>\n<meta name=\"twitter:card\" content=\"summary_large_image\" \/>\n<meta name=\"twitter:label1\" content=\"Gesch\u00e4tzte Lesezeit\" \/>\n\t<meta name=\"twitter:data1\" content=\"2\u00a0Minuten\" \/>\n<script type=\"application\/ld+json\" class=\"yoast-schema-graph\">{\"@context\":\"https:\\\/\\\/schema.org\",\"@graph\":[{\"@type\":\"WebPage\",\"@id\":\"https:\\\/\\\/eve-techniek.nl\\\/de\\\/dienstleistungen\\\/wassertechnische-anlagen\",\"url\":\"https:\\\/\\\/eve-techniek.nl\\\/de\\\/dienstleistungen\\\/wassertechnische-anlagen\",\"name\":\"Wassertechnische Anlagen - EVE Techniek\",\"isPartOf\":{\"@id\":\"https:\\\/\\\/eve-techniek.nl\\\/#website\"},\"primaryImageOfPage\":{\"@id\":\"https:\\\/\\\/eve-techniek.nl\\\/de\\\/dienstleistungen\\\/wassertechnische-anlagen#primaryimage\"},\"image\":{\"@id\":\"https:\\\/\\\/eve-techniek.nl\\\/de\\\/dienstleistungen\\\/wassertechnische-anlagen#primaryimage\"},\"thumbnailUrl\":\"https:\\\/\\\/eve-techniek.nl\\\/wp-content\\\/uploads\\\/2016\\\/04\\\/DSC_0134-verkleind.jpg\",\"datePublished\":\"2021-03-26T15:25:40+00:00\",\"dateModified\":\"2023-12-19T13:53:31+00:00\",\"breadcrumb\":{\"@id\":\"https:\\\/\\\/eve-techniek.nl\\\/de\\\/dienstleistungen\\\/wassertechnische-anlagen#breadcrumb\"},\"inLanguage\":\"de\",\"potentialAction\":[{\"@type\":\"ReadAction\",\"target\":[\"https:\\\/\\\/eve-techniek.nl\\\/de\\\/dienstleistungen\\\/wassertechnische-anlagen\"]}]},{\"@type\":\"ImageObject\",\"inLanguage\":\"de\",\"@id\":\"https:\\\/\\\/eve-techniek.nl\\\/de\\\/dienstleistungen\\\/wassertechnische-anlagen#primaryimage\",\"url\":\"https:\\\/\\\/eve-techniek.nl\\\/wp-content\\\/uploads\\\/2016\\\/04\\\/DSC_0134-verkleind.jpg\",\"contentUrl\":\"https:\\\/\\\/eve-techniek.nl\\\/wp-content\\\/uploads\\\/2016\\\/04\\\/DSC_0134-verkleind.jpg\",\"width\":2987,\"height\":1269},{\"@type\":\"BreadcrumbList\",\"@id\":\"https:\\\/\\\/eve-techniek.nl\\\/de\\\/dienstleistungen\\\/wassertechnische-anlagen#breadcrumb\",\"itemListElement\":[{\"@type\":\"ListItem\",\"position\":1,\"name\":\"Home\",\"item\":\"https:\\\/\\\/eve-techniek.nl\\\/de\\\/home\"},{\"@type\":\"ListItem\",\"position\":2,\"name\":\"Dienstleistungen\",\"item\":\"https:\\\/\\\/eve-techniek.nl\\\/de\\\/dienstleistungen\"},{\"@type\":\"ListItem\",\"position\":3,\"name\":\"Wassertechnische Anlagen\"}]},{\"@type\":\"WebSite\",\"@id\":\"https:\\\/\\\/eve-techniek.nl\\\/#website\",\"url\":\"https:\\\/\\\/eve-techniek.nl\\\/\",\"name\":\"EVE Techniek\",\"description\":\"\",\"potentialAction\":[{\"@type\":\"SearchAction\",\"target\":{\"@type\":\"EntryPoint\",\"urlTemplate\":\"https:\\\/\\\/eve-techniek.nl\\\/?s={search_term_string}\"},\"query-input\":{\"@type\":\"PropertyValueSpecification\",\"valueRequired\":true,\"valueName\":\"search_term_string\"}}],\"inLanguage\":\"de\"}]}<\/script>\n<!-- \/ Yoast SEO plugin. -->","yoast_head_json":{"title":"Wassertechnische Anlagen - EVE Techniek","robots":{"index":"index","follow":"follow","max-snippet":"max-snippet:-1","max-image-preview":"max-image-preview:large","max-video-preview":"max-video-preview:-1"},"canonical":"https:\/\/eve-techniek.nl\/de\/dienstleistungen\/wassertechnische-anlagen","og_locale":"de_DE","og_type":"article","og_title":"Wassertechnische Anlagen - EVE Techniek","og_description":"Holen Sie sich die beste Qualit\u00e4t aus Ihrem Anbau Die Bedeutung einer wassertechnischen Anlage ist nicht zu untersch\u00e4tzen. Zus\u00e4tzlich zu Ihrer Elektro- und Heizungsanlage ist das Bew\u00e4sserungssystem f\u00fcr die Erzielung optimaler Ergebnisse bei Ihrem Gew\u00e4chshausgr\u00fcnprojekt unerl\u00e4sslich. Denn gutes Wasser ist kostbar. Die richtige Dosierung der N\u00e4hrstoffkombination ist im modernen Gartenbau von gro\u00dfer Bedeutung, wo eine [&hellip;]","og_url":"https:\/\/eve-techniek.nl\/de\/dienstleistungen\/wassertechnische-anlagen","og_site_name":"EVE Techniek","article_modified_time":"2023-12-19T13:53:31+00:00","og_image":[{"width":2987,"height":1269,"url":"https:\/\/eve-techniek.nl\/wp-content\/uploads\/2016\/04\/DSC_0134-verkleind.jpg","type":"image\/jpeg"}],"twitter_card":"summary_large_image","twitter_misc":{"Gesch\u00e4tzte Lesezeit":"2\u00a0Minuten"},"schema":{"@context":"https:\/\/schema.org","@graph":[{"@type":"WebPage","@id":"https:\/\/eve-techniek.nl\/de\/dienstleistungen\/wassertechnische-anlagen","url":"https:\/\/eve-techniek.nl\/de\/dienstleistungen\/wassertechnische-anlagen","name":"Wassertechnische Anlagen - EVE Techniek","isPartOf":{"@id":"https:\/\/eve-techniek.nl\/#website"},"primaryImageOfPage":{"@id":"https:\/\/eve-techniek.nl\/de\/dienstleistungen\/wassertechnische-anlagen#primaryimage"},"image":{"@id":"https:\/\/eve-techniek.nl\/de\/dienstleistungen\/wassertechnische-anlagen#primaryimage"},"thumbnailUrl":"https:\/\/eve-techniek.nl\/wp-content\/uploads\/2016\/04\/DSC_0134-verkleind.jpg","datePublished":"2021-03-26T15:25:40+00:00","dateModified":"2023-12-19T13:53:31+00:00","breadcrumb":{"@id":"https:\/\/eve-techniek.nl\/de\/dienstleistungen\/wassertechnische-anlagen#breadcrumb"},"inLanguage":"de","potentialAction":[{"@type":"ReadAction","target":["https:\/\/eve-techniek.nl\/de\/dienstleistungen\/wassertechnische-anlagen"]}]},{"@type":"ImageObject","inLanguage":"de","@id":"https:\/\/eve-techniek.nl\/de\/dienstleistungen\/wassertechnische-anlagen#primaryimage","url":"https:\/\/eve-techniek.nl\/wp-content\/uploads\/2016\/04\/DSC_0134-verkleind.jpg","contentUrl":"https:\/\/eve-techniek.nl\/wp-content\/uploads\/2016\/04\/DSC_0134-verkleind.jpg","width":2987,"height":1269},{"@type":"BreadcrumbList","@id":"https:\/\/eve-techniek.nl\/de\/dienstleistungen\/wassertechnische-anlagen#breadcrumb","itemListElement":[{"@type":"ListItem","position":1,"name":"Home","item":"https:\/\/eve-techniek.nl\/de\/home"},{"@type":"ListItem","position":2,"name":"Dienstleistungen","item":"https:\/\/eve-techniek.nl\/de\/dienstleistungen"},{"@type":"ListItem","position":3,"name":"Wassertechnische Anlagen"}]},{"@type":"WebSite","@id":"https:\/\/eve-techniek.nl\/#website","url":"https:\/\/eve-techniek.nl\/","name":"EVE Techniek","description":"","potentialAction":[{"@type":"SearchAction","target":{"@type":"EntryPoint","urlTemplate":"https:\/\/eve-techniek.nl\/?s={search_term_string}"},"query-input":{"@type":"PropertyValueSpecification","valueRequired":true,"valueName":"search_term_string"}}],"inLanguage":"de"}]}},"_links":{"self":[{"href":"https:\/\/eve-techniek.nl\/de\/wp-json\/wp\/v2\/pages\/736","targetHints":{"allow":["GET"]}}],"collection":[{"href":"https:\/\/eve-techniek.nl\/de\/wp-json\/wp\/v2\/pages"}],"about":[{"href":"https:\/\/eve-techniek.nl\/de\/wp-json\/wp\/v2\/types\/page"}],"author":[{"embeddable":true,"href":"https:\/\/eve-techniek.nl\/de\/wp-json\/wp\/v2\/users\/4"}],"replies":[{"embeddable":true,"href":"https:\/\/eve-techniek.nl\/de\/wp-json\/wp\/v2\/comments?post=736"}],"version-history":[{"count":2,"href":"https:\/\/eve-techniek.nl\/de\/wp-json\/wp\/v2\/pages\/736\/revisions"}],"predecessor-version":[{"id":1554,"href":"https:\/\/eve-techniek.nl\/de\/wp-json\/wp\/v2\/pages\/736\/revisions\/1554"}],"up":[{"embeddable":true,"href":"https:\/\/eve-techniek.nl\/de\/wp-json\/wp\/v2\/pages\/819"}],"wp:featuredmedia":[{"embeddable":true,"href":"https:\/\/eve-techniek.nl\/de\/wp-json\/wp\/v2\/media\/663"}],"wp:attachment":[{"href":"https:\/\/eve-techniek.nl\/de\/wp-json\/wp\/v2\/media?parent=736"}],"curies":[{"name":"wp","href":"https:\/\/api.w.org\/{rel}","templated":true}]}}