{"id":729,"date":"2021-03-26T15:50:13","date_gmt":"2021-03-26T14:50:13","guid":{"rendered":"https:\/\/eve-techniek.nl\/bedienung"},"modified":"2023-12-05T14:42:38","modified_gmt":"2023-12-05T13:42:38","slug":"bedienung","status":"publish","type":"page","link":"https:\/\/eve-techniek.nl\/de\/dienstleistungen\/bedienung","title":{"rendered":"Service"},"content":{"rendered":"<p>Der Gew\u00e4chshausgartenbau ist eine Branche, die in hohem Ma\u00dfe auf effizienten Service und Wartung angewiesen ist, um einen reibungslosen Betrieb zu gew\u00e4hrleisten.<br \/>\nAllerdings ist es unvermeidlich, dass es auch zu den ung\u00fcnstigsten Zeiten zu Problemen und St\u00f6rungen kommt. Hier greift unser engagiertes Team von Servicetechnikern ein, um den Tag zu retten!<\/p>\n<p>Ganz gleich, ob Sie mit M\u00e4ngeln an der\/den Installation(en), Wartungsbedarf oder unerwarteten St\u00f6rungen konfrontiert sind, unser Team ist nur einen Anruf entfernt.<br \/>\nSie erreichen uns unter <a class=\"phone\" href=\"tel:+31%20591%20745%20459\">+31 591 745 459<\/a> oder senden Sie eine E-Mail an <a href=\"service@eve-techniek.nl\">service@eve-techniek.nl<\/a><br \/>\nUnser Servicekoordinator steht Ihnen w\u00e4hrend der B\u00fcrozeiten f\u00fcr Sie zur Verf\u00fcgung und der diensthabende Servicetechniker steht Ihnen auch au\u00dferhalb der regul\u00e4ren B\u00fcrozeiten gerne zur Verf\u00fcgung.<\/p>\n<p>Um St\u00f6rungen schnellstm\u00f6glich zu diagnostizieren und zu beheben, k\u00f6nnen sich unsere Servicetechniker \u00fcber Teamviewer aus der Ferne bei Ihnen anmelden. \u00dcber Teamviewer k\u00f6nnen unsere Servicetechniker aus der Ferne auf Ihre Systeme und Ger\u00e4te zugreifen, Probleme diagnostizieren und sogar notwendige Reparaturen (mit Ihrer Hilfe) und Anpassungen durchf\u00fchren.<br \/>\nSollte die Hilfe \u00fcber Teamviewer nicht ausreichen, kommen wir in Absprache mit Ihnen vorbei, um Ihnen weiter zu helfen.<\/p>\n<p>Zus\u00e4tzlich zu unserem reaktionsschnellen Service und der Fernunterst\u00fctzung bieten wir auch Wartung an, um Probleme zu verhindern, bevor sie auftreten. Regelm\u00e4\u00dfige Wartung verl\u00e4ngert nicht nur die Lebensdauer Ihrer Anlagen, sondern verbessert auch deren Effizienz und verringert das Risiko von St\u00f6rungen.<\/p>\n<p>Wenn es um Service, Wartung und zeitnahen Support geht, k\u00f6nnen Sie sich auf unser Team aus engagierten Servicetechnikern verlassen.<\/p>\n<h5 class=\"footer-title\">FEHLFUNKTION?<br \/>\n<span class=\"prefix\">E<\/span> <a href=\"service@eve-techniek.nl\">service@eve-techniek.nl<\/a><br \/>\n<span class=\"prefix\">T<\/span> <a class=\"phone\" href=\"tel:+31%20591%20745%20459\">+31 591 745 459<\/a><\/h5>\n<div id=\"attachment_15\" style=\"width: 137px\" class=\"wp-caption aligncenter\"><a href=\"https:\/\/get.teamviewer.com\/eve_techniek\"><img loading=\"lazy\" decoding=\"async\" aria-describedby=\"caption-attachment-15\" class=\" wp-image-15 aligncenter\" src=\"https:\/\/eve-techniek.nl\/wp-content\/uploads\/2016\/04\/service_four.png\" alt=\"Ferngesteuerte Hilfe\" width=\"127\" height=\"127\"><\/a><p id=\"caption-attachment-15\" class=\"wp-caption-text\"><span style=\"color: #333399;\"><strong> Ferngesteuerte Hilfe<\/strong><\/span><\/p><\/div>\n","protected":false},"excerpt":{"rendered":"<p>Der Gew\u00e4chshausgartenbau ist eine Branche, die in hohem Ma\u00dfe auf effizienten Service und Wartung angewiesen ist, um einen reibungslosen Betrieb zu gew\u00e4hrleisten. Allerdings ist es unvermeidlich, dass es auch zu den ung\u00fcnstigsten Zeiten zu Problemen und St\u00f6rungen kommt. Hier greift unser engagiertes Team von Servicetechnikern ein, um den Tag zu retten! Ganz gleich, ob Sie [&hellip;]<\/p>\n","protected":false},"author":2,"featured_media":665,"parent":819,"menu_order":0,"comment_status":"closed","ping_status":"closed","template":"","meta":{"_acf_changed":false,"footnotes":""},"class_list":["post-729","page","type-page","status-publish","has-post-thumbnail","hentry"],"acf":[],"yoast_head":"<!-- This site is optimized with the Yoast SEO plugin v27.3 - https:\/\/yoast.com\/product\/yoast-seo-wordpress\/ -->\n<title>Service - EVE Techniek<\/title>\n<meta name=\"robots\" content=\"index, follow, max-snippet:-1, max-image-preview:large, max-video-preview:-1\" \/>\n<link rel=\"canonical\" href=\"https:\/\/eve-techniek.nl\/de\/dienstleistungen\/bedienung\" \/>\n<meta property=\"og:locale\" content=\"de_DE\" \/>\n<meta property=\"og:type\" content=\"article\" \/>\n<meta property=\"og:title\" content=\"Service - EVE Techniek\" \/>\n<meta property=\"og:description\" content=\"Der Gew\u00e4chshausgartenbau ist eine Branche, die in hohem Ma\u00dfe auf effizienten Service und Wartung angewiesen ist, um einen reibungslosen Betrieb zu gew\u00e4hrleisten. Allerdings ist es unvermeidlich, dass es auch zu den ung\u00fcnstigsten Zeiten zu Problemen und St\u00f6rungen kommt. Hier greift unser engagiertes Team von Servicetechnikern ein, um den Tag zu retten! Ganz gleich, ob Sie [&hellip;]\" \/>\n<meta property=\"og:url\" content=\"https:\/\/eve-techniek.nl\/de\/dienstleistungen\/bedienung\" \/>\n<meta property=\"og:site_name\" content=\"EVE Techniek\" \/>\n<meta property=\"article:modified_time\" content=\"2023-12-05T13:42:38+00:00\" \/>\n<meta property=\"og:image\" content=\"https:\/\/eve-techniek.nl\/wp-content\/uploads\/2020\/07\/Erica-storing-2.jpg\" \/>\n\t<meta property=\"og:image:width\" content=\"2064\" \/>\n\t<meta property=\"og:image:height\" content=\"978\" \/>\n\t<meta property=\"og:image:type\" content=\"image\/jpeg\" \/>\n<meta name=\"twitter:card\" content=\"summary_large_image\" \/>\n<meta name=\"twitter:label1\" content=\"Gesch\u00e4tzte Lesezeit\" \/>\n\t<meta name=\"twitter:data1\" content=\"1\u00a0Minute\" \/>\n<script type=\"application\/ld+json\" class=\"yoast-schema-graph\">{\"@context\":\"https:\\\/\\\/schema.org\",\"@graph\":[{\"@type\":\"WebPage\",\"@id\":\"https:\\\/\\\/eve-techniek.nl\\\/de\\\/dienstleistungen\\\/bedienung\",\"url\":\"https:\\\/\\\/eve-techniek.nl\\\/de\\\/dienstleistungen\\\/bedienung\",\"name\":\"Service - EVE Techniek\",\"isPartOf\":{\"@id\":\"https:\\\/\\\/eve-techniek.nl\\\/#website\"},\"primaryImageOfPage\":{\"@id\":\"https:\\\/\\\/eve-techniek.nl\\\/de\\\/dienstleistungen\\\/bedienung#primaryimage\"},\"image\":{\"@id\":\"https:\\\/\\\/eve-techniek.nl\\\/de\\\/dienstleistungen\\\/bedienung#primaryimage\"},\"thumbnailUrl\":\"https:\\\/\\\/eve-techniek.nl\\\/wp-content\\\/uploads\\\/2020\\\/07\\\/Erica-storing-2.jpg\",\"datePublished\":\"2021-03-26T14:50:13+00:00\",\"dateModified\":\"2023-12-05T13:42:38+00:00\",\"breadcrumb\":{\"@id\":\"https:\\\/\\\/eve-techniek.nl\\\/de\\\/dienstleistungen\\\/bedienung#breadcrumb\"},\"inLanguage\":\"de\",\"potentialAction\":[{\"@type\":\"ReadAction\",\"target\":[\"https:\\\/\\\/eve-techniek.nl\\\/de\\\/dienstleistungen\\\/bedienung\"]}]},{\"@type\":\"ImageObject\",\"inLanguage\":\"de\",\"@id\":\"https:\\\/\\\/eve-techniek.nl\\\/de\\\/dienstleistungen\\\/bedienung#primaryimage\",\"url\":\"https:\\\/\\\/eve-techniek.nl\\\/wp-content\\\/uploads\\\/2020\\\/07\\\/Erica-storing-2.jpg\",\"contentUrl\":\"https:\\\/\\\/eve-techniek.nl\\\/wp-content\\\/uploads\\\/2020\\\/07\\\/Erica-storing-2.jpg\",\"width\":2064,\"height\":978},{\"@type\":\"BreadcrumbList\",\"@id\":\"https:\\\/\\\/eve-techniek.nl\\\/de\\\/dienstleistungen\\\/bedienung#breadcrumb\",\"itemListElement\":[{\"@type\":\"ListItem\",\"position\":1,\"name\":\"Home\",\"item\":\"https:\\\/\\\/eve-techniek.nl\\\/de\\\/home\"},{\"@type\":\"ListItem\",\"position\":2,\"name\":\"Dienstleistungen\",\"item\":\"https:\\\/\\\/eve-techniek.nl\\\/de\\\/dienstleistungen\"},{\"@type\":\"ListItem\",\"position\":3,\"name\":\"Service\"}]},{\"@type\":\"WebSite\",\"@id\":\"https:\\\/\\\/eve-techniek.nl\\\/#website\",\"url\":\"https:\\\/\\\/eve-techniek.nl\\\/\",\"name\":\"EVE Techniek\",\"description\":\"\",\"potentialAction\":[{\"@type\":\"SearchAction\",\"target\":{\"@type\":\"EntryPoint\",\"urlTemplate\":\"https:\\\/\\\/eve-techniek.nl\\\/?s={search_term_string}\"},\"query-input\":{\"@type\":\"PropertyValueSpecification\",\"valueRequired\":true,\"valueName\":\"search_term_string\"}}],\"inLanguage\":\"de\"}]}<\/script>\n<!-- \/ Yoast SEO plugin. -->","yoast_head_json":{"title":"Service - EVE Techniek","robots":{"index":"index","follow":"follow","max-snippet":"max-snippet:-1","max-image-preview":"max-image-preview:large","max-video-preview":"max-video-preview:-1"},"canonical":"https:\/\/eve-techniek.nl\/de\/dienstleistungen\/bedienung","og_locale":"de_DE","og_type":"article","og_title":"Service - EVE Techniek","og_description":"Der Gew\u00e4chshausgartenbau ist eine Branche, die in hohem Ma\u00dfe auf effizienten Service und Wartung angewiesen ist, um einen reibungslosen Betrieb zu gew\u00e4hrleisten. Allerdings ist es unvermeidlich, dass es auch zu den ung\u00fcnstigsten Zeiten zu Problemen und St\u00f6rungen kommt. Hier greift unser engagiertes Team von Servicetechnikern ein, um den Tag zu retten! Ganz gleich, ob Sie [&hellip;]","og_url":"https:\/\/eve-techniek.nl\/de\/dienstleistungen\/bedienung","og_site_name":"EVE Techniek","article_modified_time":"2023-12-05T13:42:38+00:00","og_image":[{"width":2064,"height":978,"url":"https:\/\/eve-techniek.nl\/wp-content\/uploads\/2020\/07\/Erica-storing-2.jpg","type":"image\/jpeg"}],"twitter_card":"summary_large_image","twitter_misc":{"Gesch\u00e4tzte Lesezeit":"1\u00a0Minute"},"schema":{"@context":"https:\/\/schema.org","@graph":[{"@type":"WebPage","@id":"https:\/\/eve-techniek.nl\/de\/dienstleistungen\/bedienung","url":"https:\/\/eve-techniek.nl\/de\/dienstleistungen\/bedienung","name":"Service - EVE Techniek","isPartOf":{"@id":"https:\/\/eve-techniek.nl\/#website"},"primaryImageOfPage":{"@id":"https:\/\/eve-techniek.nl\/de\/dienstleistungen\/bedienung#primaryimage"},"image":{"@id":"https:\/\/eve-techniek.nl\/de\/dienstleistungen\/bedienung#primaryimage"},"thumbnailUrl":"https:\/\/eve-techniek.nl\/wp-content\/uploads\/2020\/07\/Erica-storing-2.jpg","datePublished":"2021-03-26T14:50:13+00:00","dateModified":"2023-12-05T13:42:38+00:00","breadcrumb":{"@id":"https:\/\/eve-techniek.nl\/de\/dienstleistungen\/bedienung#breadcrumb"},"inLanguage":"de","potentialAction":[{"@type":"ReadAction","target":["https:\/\/eve-techniek.nl\/de\/dienstleistungen\/bedienung"]}]},{"@type":"ImageObject","inLanguage":"de","@id":"https:\/\/eve-techniek.nl\/de\/dienstleistungen\/bedienung#primaryimage","url":"https:\/\/eve-techniek.nl\/wp-content\/uploads\/2020\/07\/Erica-storing-2.jpg","contentUrl":"https:\/\/eve-techniek.nl\/wp-content\/uploads\/2020\/07\/Erica-storing-2.jpg","width":2064,"height":978},{"@type":"BreadcrumbList","@id":"https:\/\/eve-techniek.nl\/de\/dienstleistungen\/bedienung#breadcrumb","itemListElement":[{"@type":"ListItem","position":1,"name":"Home","item":"https:\/\/eve-techniek.nl\/de\/home"},{"@type":"ListItem","position":2,"name":"Dienstleistungen","item":"https:\/\/eve-techniek.nl\/de\/dienstleistungen"},{"@type":"ListItem","position":3,"name":"Service"}]},{"@type":"WebSite","@id":"https:\/\/eve-techniek.nl\/#website","url":"https:\/\/eve-techniek.nl\/","name":"EVE Techniek","description":"","potentialAction":[{"@type":"SearchAction","target":{"@type":"EntryPoint","urlTemplate":"https:\/\/eve-techniek.nl\/?s={search_term_string}"},"query-input":{"@type":"PropertyValueSpecification","valueRequired":true,"valueName":"search_term_string"}}],"inLanguage":"de"}]}},"_links":{"self":[{"href":"https:\/\/eve-techniek.nl\/de\/wp-json\/wp\/v2\/pages\/729","targetHints":{"allow":["GET"]}}],"collection":[{"href":"https:\/\/eve-techniek.nl\/de\/wp-json\/wp\/v2\/pages"}],"about":[{"href":"https:\/\/eve-techniek.nl\/de\/wp-json\/wp\/v2\/types\/page"}],"author":[{"embeddable":true,"href":"https:\/\/eve-techniek.nl\/de\/wp-json\/wp\/v2\/users\/2"}],"replies":[{"embeddable":true,"href":"https:\/\/eve-techniek.nl\/de\/wp-json\/wp\/v2\/comments?post=729"}],"version-history":[{"count":2,"href":"https:\/\/eve-techniek.nl\/de\/wp-json\/wp\/v2\/pages\/729\/revisions"}],"predecessor-version":[{"id":1502,"href":"https:\/\/eve-techniek.nl\/de\/wp-json\/wp\/v2\/pages\/729\/revisions\/1502"}],"up":[{"embeddable":true,"href":"https:\/\/eve-techniek.nl\/de\/wp-json\/wp\/v2\/pages\/819"}],"wp:featuredmedia":[{"embeddable":true,"href":"https:\/\/eve-techniek.nl\/de\/wp-json\/wp\/v2\/media\/665"}],"wp:attachment":[{"href":"https:\/\/eve-techniek.nl\/de\/wp-json\/wp\/v2\/media?parent=729"}],"curies":[{"name":"wp","href":"https:\/\/api.w.org\/{rel}","templated":true}]}}