{"id":728,"date":"2021-03-26T15:35:38","date_gmt":"2021-03-26T14:35:38","guid":{"rendered":"https:\/\/eve-techniek.nl\/klimacomputer"},"modified":"2023-12-19T15:54:35","modified_gmt":"2023-12-19T14:54:35","slug":"klimacomputer","status":"publish","type":"page","link":"https:\/\/eve-techniek.nl\/de\/dienstleistungen\/klimacomputer","title":{"rendered":"Klimacomputer"},"content":{"rendered":"<p data-slate-node=\"element\">\n<h4 data-slate-node=\"element\"><span data-slate-node=\"text\">Ihre Gew\u00e4chshausinstallation:<br \/>\nEine pr\u00e4zise Kontrolle f\u00fcr optimales Pflanzenwachstum<\/span><\/h4>\n<p data-slate-node=\"element\"><span data-slate-node=\"text\">Ein neu geregeltes Innenklima ist von gro\u00dfer Bedeutung f\u00fcr Ihr Wohlbefinden im Glasgarten. Die Optimierung von Licht, Temperatur, Luftfeuchtigkeit und CO2-Konzentration ist f\u00fcr ein gutes und effizientes Wachstum unerl\u00e4sslich. Dar\u00fcber hinaus m\u00fcssen auch \u00e4u\u00dfere Faktoren wie Wind, Regen und Sonnenschein ber\u00fccksichtigt werden, die das Klima im Gew\u00e4chshaus beeinflussen k\u00f6nnen.<\/span><\/p>\n<p data-slate-node=\"element\"><span data-slate-node=\"text\">EVE Techniek wei\u00df, wie wichtig ein gut reguliertes Klima in Ihrem Gew\u00e4chshaus ist. Es erm\u00f6glicht nicht nur die Kontrolle \u00fcber das Wachstum Ihrer Pflanzen, sondern hilft auch, Sch\u00e4dlingen und Krankheiten vorzubeugen.<\/span><\/p>\n<p data-slate-node=\"element\"><span data-slate-node=\"text\">Bei EVE Techniek verf\u00fcgen wir \u00fcber umfangreiche Erfahrung im Bereich PRIVA-Klimasysteme. Wir bilden uns st\u00e4ndig weiter, um immer auf dem neuesten Stand der Entwicklungen im Bereich der Klimatechnik zu sein.<\/span><\/p>\n<h4 data-slate-node=\"element\"><span data-slate-node=\"text\">Balance: Der Schl\u00fcssel zum Erfolg<\/span><\/h4>\n<p data-slate-node=\"element\"><span data-slate-node=\"text\">Gleichgewicht ist in jedem Klimasystem unerl\u00e4sslich. Voraussetzung f\u00fcr ein optimales Pflanzenwachstum ist eine Anlage mit konstanter Temperaturverteilung. Bei EVE Techniek ber\u00fccksichtigen wir bei unseren Berechnungen das Gleichgewicht zwischen Qualit\u00e4t, Selbstkostenpreis und Energieverbrauch. Da Energie ein entscheidender Faktor in Ihrer Anlage ist, bietet ein gut entwickeltes und installiertes Heizsystem den gr\u00f6\u00dftm\u00f6glichen Nutzen.<\/span><\/p>\n<p data-slate-node=\"element\"><span data-slate-node=\"text\">EVE Techniek liefert ma\u00dfgeschneiderte L\u00f6sungen; Unsere Spezialisten konzipieren ein Heizsystem, das genau Ihren Anforderungen entspricht. Dabei werden die spezifischen Bed\u00fcrfnisse Ihrer Kulturen ber\u00fccksichtigt.<\/span><\/p>\n<h4 data-slate-node=\"element\"><span data-slate-node=\"text\">Gleichm\u00e4\u00dfige CO2-Verteilung<\/span><\/h4>\n<p data-slate-node=\"element\"><span data-slate-node=\"text\">CO2-Anlagen sind f\u00fcr das Wachstum Ihrer Pflanzen von gro\u00dfer Bedeutung. Bei EVE Techniek verf\u00fcgen wir \u00fcber ein selbst entwickeltes Berechnungsmodul, das eine m\u00f6glichst gleichm\u00e4\u00dfige CO2-Verteilung im Gew\u00e4chshaus gew\u00e4hrleistet. Dies tr\u00e4gt zu einem optimalen Wachstum und einer optimalen Produktivit\u00e4t Ihrer Pflanzen bei.<\/span><\/p>\n<h4 data-slate-node=\"element\"><span data-slate-node=\"text\">Unsere Dienstleistungen<\/span><\/h4>\n<ul data-slate-node=\"element\">\n<li data-slate-node=\"element\"><span data-slate-node=\"text\">Verschiedene Heizanlagen f\u00fcr Gew\u00e4chsh\u00e4user<\/span><\/li>\n<li data-slate-node=\"element\"><span data-slate-node=\"text\">Verschiedene K\u00fchlanlagen f\u00fcr Gew\u00e4chsh\u00e4user<\/span><\/li>\n<li data-slate-node=\"element\"><span data-slate-node=\"text\">Kesselhausinstallationen<\/span><\/li>\n<li data-slate-node=\"element\"><span data-slate-node=\"text\">Kesselinstallationen<\/span><\/li>\n<li data-slate-node=\"element\"><span data-slate-node=\"text\">Erweiterungsinstallationen<\/span><\/li>\n<li data-slate-node=\"element\"><span data-slate-node=\"text\">W\u00e4rmespeichersysteme<\/span><\/li>\n<li data-slate-node=\"element\"><span data-slate-node=\"text\">CO2-Anlagen<\/span><\/li>\n<li data-slate-node=\"element\"><span data-slate-node=\"text\">KWK-Anlagen<\/span><\/li>\n<li data-slate-node=\"element\"><span data-slate-node=\"text\">W\u00e4rmepumpensysteme<\/span><\/li>\n<\/ul>\n<p data-slate-node=\"element\" data-slate-fragment=\"JTVCJTdCJTIydHlwZSUyMiUzQSUyMnBhcmFncmFwaCUyMiUyQyUyMmNoaWxkcmVuJTIyJTNBJTVCJTdCJTIydGV4dCUyMiUzQSUyMiUyMiU3RCU1RCU3RCUyQyU3QiUyMnR5cGUlMjIlM0ElMjJoZWFkaW5nLW9uZSUyMiUyQyUyMmNoaWxkcmVuJTIyJTNBJTVCJTdCJTIydGV4dCUyMiUzQSUyMlV3JTIwS2FzaW5zdGFsbGF0aWUlM0ElMjBFZW4lMjBQcmVjaWV6ZSUyMFJlZ2VsaW5nJTIwdm9vciUyME9wdGltYWFsJTIwR2V3YXNncm9laSUyMiU3RCU1RCU3RCUyQyU3QiUyMnR5cGUlMjIlM0ElMjJwYXJhZ3JhcGglMjIlMkMlMjJjaGlsZHJlbiUyMiUzQSU1QiU3QiUyMnRleHQlMjIlM0ElMjIlMjIlN0QlNUQlN0QlMkMlN0IlMjJ0eXBlJTIyJTNBJTIycGFyYWdyYXBoJTIyJTJDJTIyY2hpbGRyZW4lMjIlM0ElNUIlN0IlMjJ0ZXh0JTIyJTNBJTIyRWVuJTIwbmF1d2tldXJpZyUyMGdlcmVnZWxkJTIwYmlubmVua2xpbWFhdCUyMGlzJTIwdmFuJTIwZ3Jvb3QlMjBiZWxhbmclMjB2b29yJTIwdXclMjBnZXdhcyUyMGluJTIwZGUlMjBnbGFzdHVpbmJvdXcuJTIwSGV0JTIwb3B0aW1hbGlzZXJlbiUyMHZhbiUyMGxpY2h0JTJDJTIwdGVtcGVyYXR1dXIlMkMlMjBsdWNodHZvY2h0aWdoZWlkJTIwZW4lMjBDTzItY29uY2VudHJhdGllJTIwaXMlMjBlc3NlbnRpZWVsJTIwb20lMjBlZW4lMjBnb2VkZSUyMGVuJTIwZWZmaWNpJUMzJUFCbnRlJTIwZ3JvZWklMjB0ZSUyMGJldm9yZGVyZW4uJTIwRGFhcm5hYXN0JTIwbW9ldCUyMGVyJTIwb29rJTIwcmVrZW5pbmclMjBnZWhvdWRlbiUyMHdvcmRlbiUyMG1ldCUyMGV4dGVybmUlMjBmYWN0b3JlbiUyMHpvYWxzJTIwd2luZCUyQyUyMHJlZ2VuJTIwZW4lMjB6b25uZXNjaGlqbiUyMGRpZSUyMGludmxvZWQlMjBrdW5uZW4lMjBoZWJiZW4lMjBvcCUyMGhldCUyMGtsaW1hYXQlMjBpbiUyMGRlJTIwa2FzLiUyMiU3RCU1RCU3RCUyQyU3QiUyMnR5cGUlMjIlM0ElMjJwYXJhZ3JhcGglMjIlMkMlMjJjaGlsZHJlbiUyMiUzQSU1QiU3QiUyMnRleHQlMjIlM0ElMjIlMjIlN0QlNUQlN0QlMkMlN0IlMjJ0eXBlJTIyJTNBJTIycGFyYWdyYXBoJTIyJTJDJTIyY2hpbGRyZW4lMjIlM0ElNUIlN0IlMjJ0ZXh0JTIyJTNBJTIyRVZFJTIwVGVjaG5pZWslMjBiZWdyaWpwdCUyMGhldCUyMGJlbGFuZyUyMHZhbiUyMGVlbiUyMGdvZWQlMjBnZXJlZ3VsZWVyZCUyMGtsaW1hYXQlMjBpbiUyMHV3JTIwa2FzLiUyMEhldCUyMGJpZWR0JTIwbmlldCUyMGFsbGVlbiUyMGNvbnRyb2xlJTIwb3ZlciUyMGRlJTIwZ3JvZWklMjB2YW4lMjB1dyUyMGdld2Fzc2VuJTJDJTIwbWFhciUyMGhlbHB0JTIwb29rJTIwYmlqJTIwaGV0JTIwdm9vcmtvbWVuJTIwdmFuJTIwcGxhZ2VuJTIwZW4lMjB6aWVrdGVzLiUyMiU3RCU1RCU3RCUyQyU3QiUyMnR5cGUlMjIlM0ElMjJwYXJhZ3JhcGglMjIlMkMlMjJjaGlsZHJlbiUyMiUzQSU1QiU3QiUyMnRleHQlMjIlM0ElMjIlMjIlN0QlNUQlN0QlMkMlN0IlMjJ0eXBlJTIyJTNBJTIycGFyYWdyYXBoJTIyJTJDJTIyY2hpbGRyZW4lMjIlM0ElNUIlN0IlMjJ0ZXh0JTIyJTNBJTIyTmFhc3QlMjBvbnplJTIwZXhwZXJ0aXNlJTIwaW4lMjBWb2NvbSUyMGluc3RhbGxhdGllcyUyMHppam4lMjB3aWolMjBvb2slMjBnb2VkJTIwYmVrZW5kJTIwbWV0JTIwUFJJVkElMjBzeXN0ZW1lbi4lMjBXZSUyMGJsaWp2ZW4lMjBvbnN6ZWxmJTIwdm9vcnRkdXJlbmQlMjBiaWpzY2hvbGVuJTIwb20lMjBhbHRpamQlMjBvcCUyMGRlJTIwaG9vZ3RlJTIwdGUlMjB6aWpuJTIwdmFuJTIwZGUlMjBuaWV1d3N0ZSUyMG9udHdpa2tlbGluZ2VuJTIwb3AlMjBoZXQlMjBnZWJpZWQlMjB2YW4lMjBrbGltYWF0dGVjaG5pZWsuJTIyJTdEJTVEJTdEJTJDJTdCJTIydHlwZSUyMiUzQSUyMnBhcmFncmFwaCUyMiUyQyUyMmNoaWxkcmVuJTIyJTNBJTVCJTdCJTIydGV4dCUyMiUzQSUyMiUyMiU3RCU1RCU3RCUyQyU3QiUyMnR5cGUlMjIlM0ElMjJoZWFkaW5nLXR3byUyMiUyQyUyMmNoaWxkcmVuJTIyJTNBJTVCJTdCJTIydGV4dCUyMiUzQSUyMkJhbGFucyUzQSUyMERlJTIwU2xldXRlbCUyMHRvdCUyMFN1Y2NlcyUyMiU3RCU1RCU3RCUyQyU3QiUyMnR5cGUlMjIlM0ElMjJwYXJhZ3JhcGglMjIlMkMlMjJjaGlsZHJlbiUyMiUzQSU1QiU3QiUyMnRleHQlMjIlM0ElMjIlMjIlN0QlNUQlN0QlMkMlN0IlMjJ0eXBlJTIyJTNBJTIycGFyYWdyYXBoJTIyJTJDJTIyY2hpbGRyZW4lMjIlM0ElNUIlN0IlMjJ0ZXh0JTIyJTNBJTIyQmlqJTIwZWxrJTIwa2xpbWFhdHN5c3RlZW0lMjBpcyUyMGJhbGFucyUyMHZhbiUyMGVzc2VudGllZWwlMjBiZWxhbmcuJTIwRWVuJTIwaW5zdGFsbGF0aWUlMjBtZXQlMjBlZW4lMjBjb25zdGFudGUlMjB0ZW1wZXJhdHV1cnZlcmRlbGluZyUyMGlzJTIwZWVuJTIwdmVyZWlzdGUlMjB2b29yJTIwb3B0aW1hbGUlMjBnZXdhc2dyb2VpLiUyMEJpaiUyMEVWRSUyMFRlY2huaWVrJTIwaG91ZGVuJTIwd2UlMjByZWtlbmluZyUyMG1ldCUyMGRlJTIwYmFsYW5zJTIwdHVzc2VuJTIwa3dhbGl0ZWl0JTJDJTIwa29zdHByaWpzJTIwZW4lMjBlbmVyZ2llZ2VicnVpayUyMGJpaiUyMGhldCUyMG1ha2VuJTIwdmFuJTIwb256ZSUyMGJlcmVrZW5pbmdlbi4lMjBBYW5nZXppZW4lMjBlbmVyZ2llJTIwZWVuJTIwY3J1Y2lhbGUlMjBmYWN0b3IlMjBpcyUyMGluJTIwdXclMjBpbnN0YWxsYXRpZSUyQyUyMGJpZWR0JTIwZWVuJTIwZ29lZCUyMG9udHdpa2tlbGQlMjBlbiUyMGdlJUMzJUFGbnN0YWxsZWVyZCUyMHZlcndhcm1pbmdzc3lzdGVlbSUyMG1heGltYWxlJTIwdm9vcmRlbGVuLiUyMiU3RCU1RCU3RCUyQyU3QiUyMnR5cGUlMjIlM0ElMjJwYXJhZ3JhcGglMjIlMkMlMjJjaGlsZHJlbiUyMiUzQSU1QiU3QiUyMnRleHQlMjIlM0ElMjIlMjIlN0QlNUQlN0QlMkMlN0IlMjJ0eXBlJTIyJTNBJTIycGFyYWdyYXBoJTIyJTJDJTIyY2hpbGRyZW4lMjIlM0ElNUIlN0IlMjJ0ZXh0JTIyJTNBJTIyRVZFJTIwVGVjaG5pZWslMjBsZXZlcnQlMjBtYWF0d2VyayUzQiUyMG9uemUlMjBzcGVjaWFsaXN0ZW4lMjBvbnR3ZXJwZW4lMjBlZW4lMjB2ZXJ3YXJtaW5nc3N5c3RlZW0lMjBkYXQlMjBuYXV3a2V1cmlnJTIwYWFuJTIwdXclMjBlaXNlbiUyMHZvbGRvZXQuJTIwSGllcmJpaiUyMHdvcmR0JTIwcmVrZW5pbmclMjBnZWhvdWRlbiUyMG1ldCUyMGRlJTIwc3BlY2lmaWVrZSUyMGJlaG9lZnRlbiUyMHZhbiUyMHV3JTIwZ2V3YXNzZW4uJTIyJTdEJTVEJTdEJTJDJTdCJTIydHlwZSUyMiUzQSUyMnBhcmFncmFwaCUyMiUyQyUyMmNoaWxkcmVuJTIyJTNBJTVCJTdCJTIydGV4dCUyMiUzQSUyMiUyMiU3RCU1RCU3RCUyQyU3QiUyMnR5cGUlMjIlM0ElMjJoZWFkaW5nLXR3byUyMiUyQyUyMmNoaWxkcmVuJTIyJTNBJTVCJTdCJTIydGV4dCUyMiUzQSUyMlVuaWZvcm1lJTIwQ08yLWRpc3RyaWJ1dGllJTIyJTdEJTVEJTdEJTJDJTdCJTIydHlwZSUyMiUzQSUyMnBhcmFncmFwaCUyMiUyQyUyMmNoaWxkcmVuJTIyJTNBJTVCJTdCJTIydGV4dCUyMiUzQSUyMiUyMiU3RCU1RCU3RCUyQyU3QiUyMnR5cGUlMjIlM0ElMjJwYXJhZ3JhcGglMjIlMkMlMjJjaGlsZHJlbiUyMiUzQSU1QiU3QiUyMnRleHQlMjIlM0ElMjJDTzItaW5zdGFsbGF0aWVzJTIwemlqbiUyMHZhbiUyMGdyb290JTIwYmVsYW5nJTIwdm9vciUyMGRlJTIwZ3JvZWklMjB2YW4lMjB1dyUyMGdld2Fzc2VuLiUyMEJpaiUyMEVWRSUyMFRlY2huaWVrJTIwaGViYmVuJTIwd2UlMjBlZW4lMjB6ZWxmJTIwb250d2lra2VsZGUlMjBjYWxjdWxhdGllbW9kdWxlJTIwZGllJTIwem9yZ3QlMjB2b29yJTIwZGUlMjBtZWVzdCUyMHVuaWZvcm1lJTIwQ08yLWRpc3RyaWJ1dGllJTIwaW4lMjBkZSUyMGthcy4lMjBEaXQlMjBkcmFhZ3QlMjBiaWolMjBhYW4lMjBlZW4lMjBvcHRpbWFsZSUyMGdyb2VpJTIwZW4lMjBwcm9kdWN0aXZpdGVpdCUyMHZhbiUyMHV3JTIwZ2V3YXNzZW4uJTIyJTdEJTVEJTdEJTJDJTdCJTIydHlwZSUyMiUzQSUyMnBhcmFncmFwaCUyMiUyQyUyMmNoaWxkcmVuJTIyJTNBJTVCJTdCJTIydGV4dCUyMiUzQSUyMiUyMiU3RCU1RCU3RCUyQyU3QiUyMnR5cGUlMjIlM0ElMjJoZWFkaW5nLXR3byUyMiUyQyUyMmNoaWxkcmVuJTIyJTNBJTVCJTdCJTIydGV4dCUyMiUzQSUyMk9uemUlMjBEaWVuc3RlbiUyMiU3RCU1RCU3RCUyQyU3QiUyMnR5cGUlMjIlM0ElMjJwYXJhZ3JhcGglMjIlMkMlMjJjaGlsZHJlbiUyMiUzQSU1QiU3QiUyMnRleHQlMjIlM0ElMjIlMjIlN0QlNUQlN0QlMkMlN0IlMjJ0eXBlJTIyJTNBJTIyYnVsbGV0ZWQtbGlzdCUyMiUyQyUyMmNoaWxkcmVuJTIyJTNBJTVCJTdCJTIydHlwZSUyMiUzQSUyMmxpc3QtaXRlbSUyMiUyQyUyMmNoaWxkcmVuJTIyJTNBJTVCJTdCJTIydGV4dCUyMiUzQSUyMkRpdmVyc2UlMjBrYXN2ZXJ3YXJtaW5nJTIwaW5zdGFsbGF0aWVzJTIyJTdEJTVEJTdEJTJDJTdCJTIydHlwZSUyMiUzQSUyMmxpc3QtaXRlbSUyMiUyQyUyMmNoaWxkcmVuJTIyJTNBJTVCJTdCJTIydGV4dCUyMiUzQSUyMkRpdmVyc2UlMjBrYXNrb2VsaW5nJTIwaW5zdGFsbGF0aWVzJTIyJTdEJTVEJTdEJTJDJTdCJTIydHlwZSUyMiUzQSUyMmxpc3QtaXRlbSUyMiUyQyUyMmNoaWxkcmVuJTIyJTNBJTVCJTdCJTIydGV4dCUyMiUzQSUyMktldGVsaHVpc2luc3RhbGxhdGllcyUyMiU3RCU1RCU3RCUyQyU3QiUyMnR5cGUlMjIlM0ElMjJsaXN0LWl0ZW0lMjIlMkMlMjJjaGlsZHJlbiUyMiUzQSU1QiU3QiUyMnRleHQlMjIlM0ElMjJLZXRlbGluc3RhbGxhdGllcyUyMiU3RCU1RCU3RCUyQyU3QiUyMnR5cGUlMjIlM0ElMjJsaXN0LWl0ZW0lMjIlMkMlMjJjaGlsZHJlbiUyMiUzQSU1QiU3QiUyMnRleHQlMjIlM0ElMjJFeHBhbnNpZSUyMGluc3RhbGxhdGllcyUyMiU3RCU1RCU3RCUyQyU3QiUyMnR5cGUlMjIlM0ElMjJsaXN0LWl0ZW0lMjIlMkMlMjJjaGlsZHJlbiUyMiUzQSU1QiU3QiUyMnRleHQlMjIlM0ElMjJXYXJtdGVvcHNsYWdzeXN0ZW1lbiUyMiU3RCU1RCU3RCUyQyU3QiUyMnR5cGUlMjIlM0ElMjJsaXN0LWl0ZW0lMjIlMkMlMjJjaGlsZHJlbiUyMiUzQSU1QiU3QiUyMnRleHQlMjIlM0ElMjJDTzItaW5zdGFsbGF0aWVzJTIyJTdEJTVEJTdEJTJDJTdCJTIydHlwZSUyMiUzQSUyMmxpc3QtaXRlbSUyMiUyQyUyMmNoaWxkcmVuJTIyJTNBJTVCJTdCJTIydGV4dCUyMiUzQSUyMldLSy1pbnN0YWxsYXRpZXMlMjIlN0QlNUQlN0QlMkMlN0IlMjJ0eXBlJTIyJTNBJTIybGlzdC1pdGVtJTIyJTJDJTIyY2hpbGRyZW4lMjIlM0ElNUIlN0IlMjJ0ZXh0JTIyJTNBJTIyV2FybXRlcG9tcHN5c3RlbWVuJTIyJTdEJTVEJTdEJTVEJTdEJTJDJTdCJTIydHlwZSUyMiUzQSUyMnBhcmFncmFwaCUyMiUyQyUyMmNoaWxkcmVuJTIyJTNBJTVCJTdCJTIydGV4dCUyMiUzQSUyMiUyMiU3RCU1RCU3RCUyQyU3QiUyMnR5cGUlMjIlM0ElMjJwYXJhZ3JhcGglMjIlMkMlMjJjaGlsZHJlbiUyMiUzQSU1QiU3QiUyMnRleHQlMjIlM0ElMjJFVkUlMjBUZWNobmllayUyMGlzJTIwZ2VzcGVjaWFsaXNlZXJkJTIwaW4lMjBoZXQlMjBvbnR3ZXJwZW4lMkMlMjBtb250ZXJlbiUyMGVuJTIwaW5zdGFsbGVyZW4lMjB2YW4lMjBkaXZlcnNlJTIwa2xpbWFhdHRlY2huaXNjaGUlMjBzeXN0ZW1lbiUyMHZvb3IlMjBkZSUyMGdsYXN0dWluYm91dy4lMjBNZXQlMjBvbnplJTIwZXhwZXJ0aXNlJTIwZW4lMjBlcnZhcmluZyUyMGJpZWRlbiUyMHdpaiUyMG9wbG9zc2luZ2VuJTIwZGllJTIwdm9sZG9lbiUyMGFhbiUyMGRlJTIwaG9vZ3N0ZSUyMGt3YWxpdGVpdHNub3JtZW4uJTIyJTdEJTVEJTdEJTVE\"><span data-slate-node=\"text\">EVE Techniek ist auf die Planung, Montage und Installation verschiedener klimatechnischer Systeme f\u00fcr den Gew\u00e4chshausanbau spezialisiert. Mit unserem Fachwissen und unserer Erfahrung bieten wir L\u00f6sungen, die h\u00f6chsten Qualit\u00e4tsanspr\u00fcchen gen\u00fcgen.<\/span><\/p>\n","protected":false},"excerpt":{"rendered":"<p>Ihre Gew\u00e4chshausinstallation: Eine pr\u00e4zise Kontrolle f\u00fcr optimales Pflanzenwachstum Ein neu geregeltes Innenklima ist von gro\u00dfer Bedeutung f\u00fcr Ihr Wohlbefinden im Glasgarten. Die Optimierung von Licht, Temperatur, Luftfeuchtigkeit und CO2-Konzentration ist f\u00fcr ein gutes und effizientes Wachstum unerl\u00e4sslich. Dar\u00fcber hinaus m\u00fcssen auch \u00e4u\u00dfere Faktoren wie Wind, Regen und Sonnenschein ber\u00fccksichtigt werden, die das Klima im Gew\u00e4chshaus [&hellip;]<\/p>\n","protected":false},"author":4,"featured_media":601,"parent":819,"menu_order":0,"comment_status":"closed","ping_status":"closed","template":"","meta":{"_acf_changed":false,"footnotes":""},"class_list":["post-728","page","type-page","status-publish","has-post-thumbnail","hentry"],"acf":[],"yoast_head":"<!-- This site is optimized with the Yoast SEO plugin v27.3 - https:\/\/yoast.com\/product\/yoast-seo-wordpress\/ -->\n<title>Klimacomputer - EVE Techniek<\/title>\n<meta name=\"robots\" content=\"index, follow, max-snippet:-1, max-image-preview:large, max-video-preview:-1\" \/>\n<link rel=\"canonical\" href=\"https:\/\/eve-techniek.nl\/de\/dienstleistungen\/klimacomputer\" \/>\n<meta property=\"og:locale\" content=\"de_DE\" \/>\n<meta property=\"og:type\" content=\"article\" \/>\n<meta property=\"og:title\" content=\"Klimacomputer - EVE Techniek\" \/>\n<meta property=\"og:description\" content=\"Ihre Gew\u00e4chshausinstallation: Eine pr\u00e4zise Kontrolle f\u00fcr optimales Pflanzenwachstum Ein neu geregeltes Innenklima ist von gro\u00dfer Bedeutung f\u00fcr Ihr Wohlbefinden im Glasgarten. Die Optimierung von Licht, Temperatur, Luftfeuchtigkeit und CO2-Konzentration ist f\u00fcr ein gutes und effizientes Wachstum unerl\u00e4sslich. Dar\u00fcber hinaus m\u00fcssen auch \u00e4u\u00dfere Faktoren wie Wind, Regen und Sonnenschein ber\u00fccksichtigt werden, die das Klima im Gew\u00e4chshaus [&hellip;]\" \/>\n<meta property=\"og:url\" content=\"https:\/\/eve-techniek.nl\/de\/dienstleistungen\/klimacomputer\" \/>\n<meta property=\"og:site_name\" content=\"EVE Techniek\" \/>\n<meta property=\"article:modified_time\" content=\"2023-12-19T14:54:35+00:00\" \/>\n<meta property=\"og:image\" content=\"https:\/\/eve-techniek.nl\/wp-content\/uploads\/2016\/04\/DSC_0476-1024x576.jpg\" \/>\n\t<meta property=\"og:image:width\" content=\"1024\" \/>\n\t<meta property=\"og:image:height\" content=\"576\" \/>\n\t<meta property=\"og:image:type\" content=\"image\/jpeg\" \/>\n<meta name=\"twitter:card\" content=\"summary_large_image\" \/>\n<meta name=\"twitter:label1\" content=\"Gesch\u00e4tzte Lesezeit\" \/>\n\t<meta name=\"twitter:data1\" content=\"2\u00a0Minuten\" \/>\n<script type=\"application\/ld+json\" class=\"yoast-schema-graph\">{\"@context\":\"https:\\\/\\\/schema.org\",\"@graph\":[{\"@type\":\"WebPage\",\"@id\":\"https:\\\/\\\/eve-techniek.nl\\\/de\\\/dienstleistungen\\\/klimacomputer\",\"url\":\"https:\\\/\\\/eve-techniek.nl\\\/de\\\/dienstleistungen\\\/klimacomputer\",\"name\":\"Klimacomputer - EVE Techniek\",\"isPartOf\":{\"@id\":\"https:\\\/\\\/eve-techniek.nl\\\/#website\"},\"primaryImageOfPage\":{\"@id\":\"https:\\\/\\\/eve-techniek.nl\\\/de\\\/dienstleistungen\\\/klimacomputer#primaryimage\"},\"image\":{\"@id\":\"https:\\\/\\\/eve-techniek.nl\\\/de\\\/dienstleistungen\\\/klimacomputer#primaryimage\"},\"thumbnailUrl\":\"https:\\\/\\\/eve-techniek.nl\\\/wp-content\\\/uploads\\\/2016\\\/04\\\/DSC_0476.jpg\",\"datePublished\":\"2021-03-26T14:35:38+00:00\",\"dateModified\":\"2023-12-19T14:54:35+00:00\",\"breadcrumb\":{\"@id\":\"https:\\\/\\\/eve-techniek.nl\\\/de\\\/dienstleistungen\\\/klimacomputer#breadcrumb\"},\"inLanguage\":\"de\",\"potentialAction\":[{\"@type\":\"ReadAction\",\"target\":[\"https:\\\/\\\/eve-techniek.nl\\\/de\\\/dienstleistungen\\\/klimacomputer\"]}]},{\"@type\":\"ImageObject\",\"inLanguage\":\"de\",\"@id\":\"https:\\\/\\\/eve-techniek.nl\\\/de\\\/dienstleistungen\\\/klimacomputer#primaryimage\",\"url\":\"https:\\\/\\\/eve-techniek.nl\\\/wp-content\\\/uploads\\\/2016\\\/04\\\/DSC_0476.jpg\",\"contentUrl\":\"https:\\\/\\\/eve-techniek.nl\\\/wp-content\\\/uploads\\\/2016\\\/04\\\/DSC_0476.jpg\",\"width\":3840,\"height\":2160},{\"@type\":\"BreadcrumbList\",\"@id\":\"https:\\\/\\\/eve-techniek.nl\\\/de\\\/dienstleistungen\\\/klimacomputer#breadcrumb\",\"itemListElement\":[{\"@type\":\"ListItem\",\"position\":1,\"name\":\"Home\",\"item\":\"https:\\\/\\\/eve-techniek.nl\\\/de\\\/home\"},{\"@type\":\"ListItem\",\"position\":2,\"name\":\"Dienstleistungen\",\"item\":\"https:\\\/\\\/eve-techniek.nl\\\/de\\\/dienstleistungen\"},{\"@type\":\"ListItem\",\"position\":3,\"name\":\"Klimacomputer\"}]},{\"@type\":\"WebSite\",\"@id\":\"https:\\\/\\\/eve-techniek.nl\\\/#website\",\"url\":\"https:\\\/\\\/eve-techniek.nl\\\/\",\"name\":\"EVE Techniek\",\"description\":\"\",\"potentialAction\":[{\"@type\":\"SearchAction\",\"target\":{\"@type\":\"EntryPoint\",\"urlTemplate\":\"https:\\\/\\\/eve-techniek.nl\\\/?s={search_term_string}\"},\"query-input\":{\"@type\":\"PropertyValueSpecification\",\"valueRequired\":true,\"valueName\":\"search_term_string\"}}],\"inLanguage\":\"de\"}]}<\/script>\n<!-- \/ Yoast SEO plugin. -->","yoast_head_json":{"title":"Klimacomputer - EVE Techniek","robots":{"index":"index","follow":"follow","max-snippet":"max-snippet:-1","max-image-preview":"max-image-preview:large","max-video-preview":"max-video-preview:-1"},"canonical":"https:\/\/eve-techniek.nl\/de\/dienstleistungen\/klimacomputer","og_locale":"de_DE","og_type":"article","og_title":"Klimacomputer - EVE Techniek","og_description":"Ihre Gew\u00e4chshausinstallation: Eine pr\u00e4zise Kontrolle f\u00fcr optimales Pflanzenwachstum Ein neu geregeltes Innenklima ist von gro\u00dfer Bedeutung f\u00fcr Ihr Wohlbefinden im Glasgarten. Die Optimierung von Licht, Temperatur, Luftfeuchtigkeit und CO2-Konzentration ist f\u00fcr ein gutes und effizientes Wachstum unerl\u00e4sslich. Dar\u00fcber hinaus m\u00fcssen auch \u00e4u\u00dfere Faktoren wie Wind, Regen und Sonnenschein ber\u00fccksichtigt werden, die das Klima im Gew\u00e4chshaus [&hellip;]","og_url":"https:\/\/eve-techniek.nl\/de\/dienstleistungen\/klimacomputer","og_site_name":"EVE Techniek","article_modified_time":"2023-12-19T14:54:35+00:00","og_image":[{"width":1024,"height":576,"url":"https:\/\/eve-techniek.nl\/wp-content\/uploads\/2016\/04\/DSC_0476-1024x576.jpg","type":"image\/jpeg"}],"twitter_card":"summary_large_image","twitter_misc":{"Gesch\u00e4tzte Lesezeit":"2\u00a0Minuten"},"schema":{"@context":"https:\/\/schema.org","@graph":[{"@type":"WebPage","@id":"https:\/\/eve-techniek.nl\/de\/dienstleistungen\/klimacomputer","url":"https:\/\/eve-techniek.nl\/de\/dienstleistungen\/klimacomputer","name":"Klimacomputer - EVE Techniek","isPartOf":{"@id":"https:\/\/eve-techniek.nl\/#website"},"primaryImageOfPage":{"@id":"https:\/\/eve-techniek.nl\/de\/dienstleistungen\/klimacomputer#primaryimage"},"image":{"@id":"https:\/\/eve-techniek.nl\/de\/dienstleistungen\/klimacomputer#primaryimage"},"thumbnailUrl":"https:\/\/eve-techniek.nl\/wp-content\/uploads\/2016\/04\/DSC_0476.jpg","datePublished":"2021-03-26T14:35:38+00:00","dateModified":"2023-12-19T14:54:35+00:00","breadcrumb":{"@id":"https:\/\/eve-techniek.nl\/de\/dienstleistungen\/klimacomputer#breadcrumb"},"inLanguage":"de","potentialAction":[{"@type":"ReadAction","target":["https:\/\/eve-techniek.nl\/de\/dienstleistungen\/klimacomputer"]}]},{"@type":"ImageObject","inLanguage":"de","@id":"https:\/\/eve-techniek.nl\/de\/dienstleistungen\/klimacomputer#primaryimage","url":"https:\/\/eve-techniek.nl\/wp-content\/uploads\/2016\/04\/DSC_0476.jpg","contentUrl":"https:\/\/eve-techniek.nl\/wp-content\/uploads\/2016\/04\/DSC_0476.jpg","width":3840,"height":2160},{"@type":"BreadcrumbList","@id":"https:\/\/eve-techniek.nl\/de\/dienstleistungen\/klimacomputer#breadcrumb","itemListElement":[{"@type":"ListItem","position":1,"name":"Home","item":"https:\/\/eve-techniek.nl\/de\/home"},{"@type":"ListItem","position":2,"name":"Dienstleistungen","item":"https:\/\/eve-techniek.nl\/de\/dienstleistungen"},{"@type":"ListItem","position":3,"name":"Klimacomputer"}]},{"@type":"WebSite","@id":"https:\/\/eve-techniek.nl\/#website","url":"https:\/\/eve-techniek.nl\/","name":"EVE Techniek","description":"","potentialAction":[{"@type":"SearchAction","target":{"@type":"EntryPoint","urlTemplate":"https:\/\/eve-techniek.nl\/?s={search_term_string}"},"query-input":{"@type":"PropertyValueSpecification","valueRequired":true,"valueName":"search_term_string"}}],"inLanguage":"de"}]}},"_links":{"self":[{"href":"https:\/\/eve-techniek.nl\/de\/wp-json\/wp\/v2\/pages\/728","targetHints":{"allow":["GET"]}}],"collection":[{"href":"https:\/\/eve-techniek.nl\/de\/wp-json\/wp\/v2\/pages"}],"about":[{"href":"https:\/\/eve-techniek.nl\/de\/wp-json\/wp\/v2\/types\/page"}],"author":[{"embeddable":true,"href":"https:\/\/eve-techniek.nl\/de\/wp-json\/wp\/v2\/users\/4"}],"replies":[{"embeddable":true,"href":"https:\/\/eve-techniek.nl\/de\/wp-json\/wp\/v2\/comments?post=728"}],"version-history":[{"count":2,"href":"https:\/\/eve-techniek.nl\/de\/wp-json\/wp\/v2\/pages\/728\/revisions"}],"predecessor-version":[{"id":1558,"href":"https:\/\/eve-techniek.nl\/de\/wp-json\/wp\/v2\/pages\/728\/revisions\/1558"}],"up":[{"embeddable":true,"href":"https:\/\/eve-techniek.nl\/de\/wp-json\/wp\/v2\/pages\/819"}],"wp:featuredmedia":[{"embeddable":true,"href":"https:\/\/eve-techniek.nl\/de\/wp-json\/wp\/v2\/media\/601"}],"wp:attachment":[{"href":"https:\/\/eve-techniek.nl\/de\/wp-json\/wp\/v2\/media?parent=728"}],"curies":[{"name":"wp","href":"https:\/\/api.w.org\/{rel}","templated":true}]}}