{"id":727,"date":"2021-03-26T15:31:12","date_gmt":"2021-03-26T14:31:12","guid":{"rendered":"https:\/\/eve-techniek.nl\/elektrische-systeme"},"modified":"2023-12-19T13:47:14","modified_gmt":"2023-12-19T12:47:14","slug":"elektrische-systeme","status":"publish","type":"page","link":"https:\/\/eve-techniek.nl\/de\/dienstleistungen\/elektrische-systeme","title":{"rendered":"Elektrische Systeme"},"content":{"rendered":"\n<h1 class=\"wp-block-heading has-medium-font-size\">Elektroinstallation: <br\/>die Basis f\u00fcr eine erfolgreiche Gesch\u00e4ftst\u00e4tigkeit im Unterglasanbau<\/h1>\n\n<p>F\u00fcr den optimalen Betrieb eines Gew\u00e4chshausgartenbauunternehmens ist ein guter elektrischer Anschluss eine absolute Notwendigkeit. Die Elektroinstallation bildet das Fundament eines jeden Gartenbaubetriebes und ist entscheidend f\u00fcr den Produktionsprozess und das Qualit\u00e4tsniveau. Bei EVE Techniek verstehen wir, dass jedes Unternehmen einzigartig ist. Deshalb bieten wir ma\u00dfgeschneiderte Beratung, Design, Installationsanleitung und Lieferung.<\/p>\n\n<h2 class=\"wp-block-heading has-medium-font-size\">Gute Beratung: von der allgemeinen bis zur spezifischen Installation<\/h2>\n\n<p>Bei der Planung und Realisierung einer Elektroinstallation ist eine gute Beratung zwischen dem Kunden und EVE Techniek unerl\u00e4sslich. Wir beginnen mit einer Bestandsaufnahme der W\u00fcnsche und Anforderungen des Kunden. Diese b\u00fcndeln wir dann mit unserem umfassenden Wissen und unserer Erfahrung im Bereich der Elektrotechnik im Unterglasanbau.<\/p>\n\n<p>Diese Beratung \u00fcbersetzen wir in einen detaillierten Entwurf, der perfekt zum Produktionsprozess des jeweiligen Unternehmens passt. Dabei ber\u00fccksichtigen wir verschiedene Faktoren wie die Unternehmensgr\u00f6\u00dfe, die angebaute(n) Pflanzensorte(n), die zu steuernden Komponenten innerhalb des Unternehmens und sogar die Unternehmensform.<\/p>\n\n<h2 class=\"wp-block-heading has-medium-font-size\">Jedes Unternehmen ist einzigartig<\/h2>\n\n<p>Unser Ansatz f\u00fcr Elektroinstallationen im Gew\u00e4chshausgartenbau ist alles andere als Standard. Wir verstehen, dass jedes Unternehmen seine eigenen spezifischen Bed\u00fcrfnisse und Herausforderungen hat. Deshalb nutzen wir unser Fachwissen, um ma\u00dfgeschneiderte L\u00f6sungen anzubieten, die perfekt auf die individuelle Situation jedes Kunden abgestimmt sind.<\/p>\n\n<p>Bei EVE Techniek glauben wir, dass die B\u00fcndelung der W\u00fcnsche und Anforderungen des Kunden mit unserem Wissen zu einer optimalen Elektroinstallation f\u00fchrt. Indem wir dem Kunden genau zuh\u00f6ren und unser Fachwissen einsetzen, k\u00f6nnen wir eine Installation realisieren, die nicht nur die Grundanforderungen erf\u00fcllt, sondern auch zu einem effizienteren Produktionsprozess und einem hohen Qualit\u00e4tsniveau beitr\u00e4gt.<\/p>\n\n<h2 class=\"wp-block-heading has-medium-font-size\">Beratung, Design, Anleitung und Lieferung<\/h2>\n\n<p>Bei EVE Techniek k\u00fcmmern wir uns um den gesamten Prozess von der Beratung, dem Design und der Anleitung bis zur Lieferung. Unsere erfahrenen Fachleute beraten Sie gerne zu den besten L\u00f6sungen f\u00fcr Ihre Elektroinstallation.<\/p>\n\n<p>Wir beginnen mit einer fundierten Beratung, die auf Ihre spezifische Situation zugeschnitten ist. Anschlie\u00dfend beginnen wir mit der Planung einer Anlage, die genau Ihren Bed\u00fcrfnissen und Anforderungen entspricht. Wir begleiten Sie w\u00e4hrend des gesamten Prozesses fachkundig, sodass Sie stets \u00fcber den Fortschritt informiert sind und eventuelle Anpassungen vornehmen k\u00f6nnen.<\/p>\n\n<p>Nach Abschluss des Projekts sorgen wir f\u00fcr eine sorgf\u00e4ltige Lieferung. Wir testen alle Systeme und stellen sicher, dass alles ordnungsgem\u00e4\u00df funktioniert. Auf Wunsch bieten wir auch Wartungsvertr\u00e4ge an, damit Ihre Elektroinstallation stets im optimalen Zustand bleibt.<\/p>\n\n<h2 class=\"wp-block-heading has-medium-font-size\">EVE Techniek: Ihr Partner f\u00fcr eine erfolgreiche Elektroinstallation<\/h2>\n\n<p>Als Spezialist f\u00fcr Elektrotechnik f\u00fcr den Gew\u00e4chshausgartenbau verstehen wir die Komplexit\u00e4t und Vielfalt dieser Branche. Wir sind bestrebt, jedem Kunden eine Elektroinstallation zu bieten, die perfekt zu seinem Gesch\u00e4ftsbetrieb passt.<\/p>\n\n<p>Bei EVE Techniek glauben wir an gute Beratung, ma\u00dfgeschneiderte L\u00f6sungen und die Anwendung unseres umfassenden Wissens. Durch die Zusammenarbeit mit unseren Kunden k\u00f6nnen wir eine optimale elektrische Verbindung realisieren, die zum Erfolg ihres Unternehmens beitr\u00e4gt.<\/p>\n","protected":false},"excerpt":{"rendered":"<p>Elektroinstallation: die Basis f\u00fcr eine erfolgreiche Gesch\u00e4ftst\u00e4tigkeit im Unterglasanbau F\u00fcr den optimalen Betrieb eines Gew\u00e4chshausgartenbauunternehmens ist ein guter elektrischer Anschluss eine absolute Notwendigkeit. Die Elektroinstallation bildet das Fundament eines jeden Gartenbaubetriebes und ist entscheidend f\u00fcr den Produktionsprozess und das Qualit\u00e4tsniveau. Bei EVE Techniek verstehen wir, dass jedes Unternehmen einzigartig ist. Deshalb bieten wir ma\u00dfgeschneiderte Beratung, [&hellip;]<\/p>\n","protected":false},"author":4,"featured_media":587,"parent":819,"menu_order":0,"comment_status":"closed","ping_status":"closed","template":"","meta":{"_acf_changed":false,"footnotes":""},"class_list":["post-727","page","type-page","status-publish","has-post-thumbnail","hentry"],"acf":[],"yoast_head":"<!-- This site is optimized with the Yoast SEO plugin v27.3 - https:\/\/yoast.com\/product\/yoast-seo-wordpress\/ -->\n<title>Elektrische Systeme - EVE Techniek<\/title>\n<meta name=\"robots\" content=\"index, follow, max-snippet:-1, max-image-preview:large, max-video-preview:-1\" \/>\n<link rel=\"canonical\" href=\"https:\/\/eve-techniek.nl\/de\/dienstleistungen\/elektrische-systeme\" \/>\n<meta property=\"og:locale\" content=\"de_DE\" \/>\n<meta property=\"og:type\" content=\"article\" \/>\n<meta property=\"og:title\" content=\"Elektrische Systeme - EVE Techniek\" \/>\n<meta property=\"og:description\" content=\"Elektroinstallation: die Basis f\u00fcr eine erfolgreiche Gesch\u00e4ftst\u00e4tigkeit im Unterglasanbau F\u00fcr den optimalen Betrieb eines Gew\u00e4chshausgartenbauunternehmens ist ein guter elektrischer Anschluss eine absolute Notwendigkeit. Die Elektroinstallation bildet das Fundament eines jeden Gartenbaubetriebes und ist entscheidend f\u00fcr den Produktionsprozess und das Qualit\u00e4tsniveau. Bei EVE Techniek verstehen wir, dass jedes Unternehmen einzigartig ist. Deshalb bieten wir ma\u00dfgeschneiderte Beratung, [&hellip;]\" \/>\n<meta property=\"og:url\" content=\"https:\/\/eve-techniek.nl\/de\/dienstleistungen\/elektrische-systeme\" \/>\n<meta property=\"og:site_name\" content=\"EVE Techniek\" \/>\n<meta property=\"article:modified_time\" content=\"2023-12-19T12:47:14+00:00\" \/>\n<meta property=\"og:image\" content=\"https:\/\/eve-techniek.nl\/wp-content\/uploads\/2016\/04\/DSC_0026.jpg\" \/>\n\t<meta property=\"og:image:width\" content=\"2992\" \/>\n\t<meta property=\"og:image:height\" content=\"2000\" \/>\n\t<meta property=\"og:image:type\" content=\"image\/jpeg\" \/>\n<meta name=\"twitter:card\" content=\"summary_large_image\" \/>\n<meta name=\"twitter:label1\" content=\"Gesch\u00e4tzte Lesezeit\" \/>\n\t<meta name=\"twitter:data1\" content=\"1\u00a0Minute\" \/>\n<script type=\"application\/ld+json\" class=\"yoast-schema-graph\">{\"@context\":\"https:\\\/\\\/schema.org\",\"@graph\":[{\"@type\":\"WebPage\",\"@id\":\"https:\\\/\\\/eve-techniek.nl\\\/de\\\/dienstleistungen\\\/elektrische-systeme\",\"url\":\"https:\\\/\\\/eve-techniek.nl\\\/de\\\/dienstleistungen\\\/elektrische-systeme\",\"name\":\"Elektrische Systeme - EVE Techniek\",\"isPartOf\":{\"@id\":\"https:\\\/\\\/eve-techniek.nl\\\/#website\"},\"primaryImageOfPage\":{\"@id\":\"https:\\\/\\\/eve-techniek.nl\\\/de\\\/dienstleistungen\\\/elektrische-systeme#primaryimage\"},\"image\":{\"@id\":\"https:\\\/\\\/eve-techniek.nl\\\/de\\\/dienstleistungen\\\/elektrische-systeme#primaryimage\"},\"thumbnailUrl\":\"https:\\\/\\\/eve-techniek.nl\\\/wp-content\\\/uploads\\\/2016\\\/04\\\/DSC_0026.jpg\",\"datePublished\":\"2021-03-26T14:31:12+00:00\",\"dateModified\":\"2023-12-19T12:47:14+00:00\",\"breadcrumb\":{\"@id\":\"https:\\\/\\\/eve-techniek.nl\\\/de\\\/dienstleistungen\\\/elektrische-systeme#breadcrumb\"},\"inLanguage\":\"de\",\"potentialAction\":[{\"@type\":\"ReadAction\",\"target\":[\"https:\\\/\\\/eve-techniek.nl\\\/de\\\/dienstleistungen\\\/elektrische-systeme\"]}]},{\"@type\":\"ImageObject\",\"inLanguage\":\"de\",\"@id\":\"https:\\\/\\\/eve-techniek.nl\\\/de\\\/dienstleistungen\\\/elektrische-systeme#primaryimage\",\"url\":\"https:\\\/\\\/eve-techniek.nl\\\/wp-content\\\/uploads\\\/2016\\\/04\\\/DSC_0026.jpg\",\"contentUrl\":\"https:\\\/\\\/eve-techniek.nl\\\/wp-content\\\/uploads\\\/2016\\\/04\\\/DSC_0026.jpg\",\"width\":2992,\"height\":2000},{\"@type\":\"BreadcrumbList\",\"@id\":\"https:\\\/\\\/eve-techniek.nl\\\/de\\\/dienstleistungen\\\/elektrische-systeme#breadcrumb\",\"itemListElement\":[{\"@type\":\"ListItem\",\"position\":1,\"name\":\"Home\",\"item\":\"https:\\\/\\\/eve-techniek.nl\\\/de\\\/home\"},{\"@type\":\"ListItem\",\"position\":2,\"name\":\"Dienstleistungen\",\"item\":\"https:\\\/\\\/eve-techniek.nl\\\/de\\\/dienstleistungen\"},{\"@type\":\"ListItem\",\"position\":3,\"name\":\"Elektrische Systeme\"}]},{\"@type\":\"WebSite\",\"@id\":\"https:\\\/\\\/eve-techniek.nl\\\/#website\",\"url\":\"https:\\\/\\\/eve-techniek.nl\\\/\",\"name\":\"EVE Techniek\",\"description\":\"\",\"potentialAction\":[{\"@type\":\"SearchAction\",\"target\":{\"@type\":\"EntryPoint\",\"urlTemplate\":\"https:\\\/\\\/eve-techniek.nl\\\/?s={search_term_string}\"},\"query-input\":{\"@type\":\"PropertyValueSpecification\",\"valueRequired\":true,\"valueName\":\"search_term_string\"}}],\"inLanguage\":\"de\"}]}<\/script>\n<!-- \/ Yoast SEO plugin. -->","yoast_head_json":{"title":"Elektrische Systeme - EVE Techniek","robots":{"index":"index","follow":"follow","max-snippet":"max-snippet:-1","max-image-preview":"max-image-preview:large","max-video-preview":"max-video-preview:-1"},"canonical":"https:\/\/eve-techniek.nl\/de\/dienstleistungen\/elektrische-systeme","og_locale":"de_DE","og_type":"article","og_title":"Elektrische Systeme - EVE Techniek","og_description":"Elektroinstallation: die Basis f\u00fcr eine erfolgreiche Gesch\u00e4ftst\u00e4tigkeit im Unterglasanbau F\u00fcr den optimalen Betrieb eines Gew\u00e4chshausgartenbauunternehmens ist ein guter elektrischer Anschluss eine absolute Notwendigkeit. Die Elektroinstallation bildet das Fundament eines jeden Gartenbaubetriebes und ist entscheidend f\u00fcr den Produktionsprozess und das Qualit\u00e4tsniveau. Bei EVE Techniek verstehen wir, dass jedes Unternehmen einzigartig ist. Deshalb bieten wir ma\u00dfgeschneiderte Beratung, [&hellip;]","og_url":"https:\/\/eve-techniek.nl\/de\/dienstleistungen\/elektrische-systeme","og_site_name":"EVE Techniek","article_modified_time":"2023-12-19T12:47:14+00:00","og_image":[{"width":2992,"height":2000,"url":"https:\/\/eve-techniek.nl\/wp-content\/uploads\/2016\/04\/DSC_0026.jpg","type":"image\/jpeg"}],"twitter_card":"summary_large_image","twitter_misc":{"Gesch\u00e4tzte Lesezeit":"1\u00a0Minute"},"schema":{"@context":"https:\/\/schema.org","@graph":[{"@type":"WebPage","@id":"https:\/\/eve-techniek.nl\/de\/dienstleistungen\/elektrische-systeme","url":"https:\/\/eve-techniek.nl\/de\/dienstleistungen\/elektrische-systeme","name":"Elektrische Systeme - EVE Techniek","isPartOf":{"@id":"https:\/\/eve-techniek.nl\/#website"},"primaryImageOfPage":{"@id":"https:\/\/eve-techniek.nl\/de\/dienstleistungen\/elektrische-systeme#primaryimage"},"image":{"@id":"https:\/\/eve-techniek.nl\/de\/dienstleistungen\/elektrische-systeme#primaryimage"},"thumbnailUrl":"https:\/\/eve-techniek.nl\/wp-content\/uploads\/2016\/04\/DSC_0026.jpg","datePublished":"2021-03-26T14:31:12+00:00","dateModified":"2023-12-19T12:47:14+00:00","breadcrumb":{"@id":"https:\/\/eve-techniek.nl\/de\/dienstleistungen\/elektrische-systeme#breadcrumb"},"inLanguage":"de","potentialAction":[{"@type":"ReadAction","target":["https:\/\/eve-techniek.nl\/de\/dienstleistungen\/elektrische-systeme"]}]},{"@type":"ImageObject","inLanguage":"de","@id":"https:\/\/eve-techniek.nl\/de\/dienstleistungen\/elektrische-systeme#primaryimage","url":"https:\/\/eve-techniek.nl\/wp-content\/uploads\/2016\/04\/DSC_0026.jpg","contentUrl":"https:\/\/eve-techniek.nl\/wp-content\/uploads\/2016\/04\/DSC_0026.jpg","width":2992,"height":2000},{"@type":"BreadcrumbList","@id":"https:\/\/eve-techniek.nl\/de\/dienstleistungen\/elektrische-systeme#breadcrumb","itemListElement":[{"@type":"ListItem","position":1,"name":"Home","item":"https:\/\/eve-techniek.nl\/de\/home"},{"@type":"ListItem","position":2,"name":"Dienstleistungen","item":"https:\/\/eve-techniek.nl\/de\/dienstleistungen"},{"@type":"ListItem","position":3,"name":"Elektrische Systeme"}]},{"@type":"WebSite","@id":"https:\/\/eve-techniek.nl\/#website","url":"https:\/\/eve-techniek.nl\/","name":"EVE Techniek","description":"","potentialAction":[{"@type":"SearchAction","target":{"@type":"EntryPoint","urlTemplate":"https:\/\/eve-techniek.nl\/?s={search_term_string}"},"query-input":{"@type":"PropertyValueSpecification","valueRequired":true,"valueName":"search_term_string"}}],"inLanguage":"de"}]}},"_links":{"self":[{"href":"https:\/\/eve-techniek.nl\/de\/wp-json\/wp\/v2\/pages\/727","targetHints":{"allow":["GET"]}}],"collection":[{"href":"https:\/\/eve-techniek.nl\/de\/wp-json\/wp\/v2\/pages"}],"about":[{"href":"https:\/\/eve-techniek.nl\/de\/wp-json\/wp\/v2\/types\/page"}],"author":[{"embeddable":true,"href":"https:\/\/eve-techniek.nl\/de\/wp-json\/wp\/v2\/users\/4"}],"replies":[{"embeddable":true,"href":"https:\/\/eve-techniek.nl\/de\/wp-json\/wp\/v2\/comments?post=727"}],"version-history":[{"count":4,"href":"https:\/\/eve-techniek.nl\/de\/wp-json\/wp\/v2\/pages\/727\/revisions"}],"predecessor-version":[{"id":1548,"href":"https:\/\/eve-techniek.nl\/de\/wp-json\/wp\/v2\/pages\/727\/revisions\/1548"}],"up":[{"embeddable":true,"href":"https:\/\/eve-techniek.nl\/de\/wp-json\/wp\/v2\/pages\/819"}],"wp:featuredmedia":[{"embeddable":true,"href":"https:\/\/eve-techniek.nl\/de\/wp-json\/wp\/v2\/media\/587"}],"wp:attachment":[{"href":"https:\/\/eve-techniek.nl\/de\/wp-json\/wp\/v2\/media?parent=727"}],"curies":[{"name":"wp","href":"https:\/\/api.w.org\/{rel}","templated":true}]}}