{"id":1597,"date":"2024-01-12T11:38:05","date_gmt":"2024-01-12T10:38:05","guid":{"rendered":"https:\/\/eve-techniek.nl\/stellenangebote\/servicetechniker-in-ausbildung"},"modified":"2024-01-12T11:38:06","modified_gmt":"2024-01-12T10:38:06","slug":"servicetechniker-in-ausbildung","status":"publish","type":"page","link":"https:\/\/eve-techniek.nl\/de\/stellenangebote\/servicetechniker-in-ausbildung","title":{"rendered":"Servicetechniker in Ausbildung"},"content":{"rendered":"\n<p><strong>F\u00fcr Sie als Servicetechniker gibt es keine Installation, die irgendwelche Geheimnisse birgt.<\/strong><\/p>\n\n<p>Sie suchen eine neue Herausforderung als Servicetechniker? M\u00f6chten Sie Teil unseres Teams werden und sich von uns zum professionellen Priva-Servicetechniker ausbilden lassen? Dann suchen wir Sie! Wir suchen derzeit zwei Mitarbeiter in Vollzeit, die sich auf den Bereich Servicetechniker spezialisieren m\u00f6chten.<\/p>\n\n<p>In dieser Position sind Sie f\u00fcr verschiedene T\u00e4tigkeiten in der Elektro-, Wasser- und Klimainstallation bei unseren Kunden verantwortlich, darunter auch im Gew\u00e4chshausgartenbau. Als Servicetechniker arbeiten Sie letztlich selbstst\u00e4ndig daran, technische Probleme zu erkennen und smarte L\u00f6sungen zu deren L\u00f6sung zu finden. Es ist Ihre Aufgabe, durch regelm\u00e4\u00dfige Wartung daf\u00fcr zu sorgen, dass die Anlagen weiterhin st\u00f6rungsfrei funktionieren. Auch bei Innovationen haben Sie eine Signalfunktion, um sicherzustellen, dass die Anlagen stets die optimale Leistung erbringen. Dar\u00fcber hinaus nehmen Sie an periodischen Bereitschaftsdiensten teil, da es zu jeder Tageszeit zu St\u00f6rungen kommen kann.<\/p>\n\n<p>Neben der Wartung und Reparatur bestehender Anlagen erhalten Sie auch die M\u00f6glichkeit, Neuanlagen in Betrieb zu nehmen. Dadurch erhalten Sie eine vielseitige Position mit ausreichender Herausforderung.<\/p>\n\n<p>Um sich f\u00fcr diese Position zu qualifizieren, ben\u00f6tigen wir mindestens eine abgeschlossene MBO3-Ausbildung, vorzugsweise MBO4, und\/oder einschl\u00e4gige Berufserfahrung. Wichtig ist auch eine Affinit\u00e4t zu Computern und Computerprogrammen, da Sie bei Ihrer Arbeit mit viel Technik zu tun haben werden. Sie m\u00fcssen Spa\u00df daran haben, mit Technologie zu arbeiten und Herausforderungen anzunehmen. Kundenfreundlichkeit und Serviceorientierung sind unerl\u00e4sslich, da Sie regelm\u00e4\u00dfig mit Kunden in Kontakt stehen. Dar\u00fcber hinaus sind Sie bereit, zus\u00e4tzliche Schulungen und Schulungen zu absolvieren, wie sie beispielsweise von Priva angeboten werden. Auch gute Kommunikationsf\u00e4higkeiten sind Voraussetzung, denn man muss anderen gut erkl\u00e4ren k\u00f6nnen. Schlie\u00dflich m\u00fcssen Sie reisebereit sein und einen F\u00fchrerschein besitzen.<\/p>\n\n<p>Als Arbeitgeber bieten wir Ihnen eine abwechslungsreiche und anspruchsvolle T\u00e4tigkeit mit Raum f\u00fcr eigene Ideen und Inputs. Neben einem guten Gehalt bieten wir auch gute Haupt- und Nebenanstellungsbedingungen, darunter eine kollektive Rente, eine kollektive Unfallversicherung und einen 13. Monat. Sie haben Zugang zu einem sch\u00f6nen Bus, der mit der gesamten notwendigen Ausr\u00fcstung ausgestattet ist. Au\u00dferdem stellen wir einen Firmen-Laptop und ein Telefon zur Verf\u00fcgung.<\/p>\n\n<p>Sie haben Fragen oder w\u00fcnschen weitere Informationen? Bitte z\u00f6gern Sie nicht, uns per E-Mail oder Telefon unter +31 682 464 279 (dienstags oder freitags) zu kontaktieren.<\/p>\n\n<p>Wenn Sie diese Stelle anspricht, freuen wir uns auf Ihre Motivation und Ihren Lebenslauf. Sie k\u00f6nnen dies an Frau schicken. P. Evers \u00fcber die E-Mail-Adresse p.evers@eve-techniek.nl oder per Post an EVE Techniek B.V., z. Hd. Frau P. Evers, Heemst 4, 7892 AL Klazienaveen.<\/p>\n\n<p>Warten Sie nicht l\u00e4nger und nutzen Sie die Chance, sich zum Servicetechniker mit hohem Wissens- und Erfahrungsniveau weiterzuentwickeln!<\/p>\n","protected":false},"excerpt":{"rendered":"<p>F\u00fcr Sie als Servicetechniker gibt es keine Installation, die irgendwelche Geheimnisse birgt. Sie suchen eine neue Herausforderung als Servicetechniker? M\u00f6chten Sie Teil unseres Teams werden und sich von uns zum professionellen Priva-Servicetechniker ausbilden lassen? Dann suchen wir Sie! Wir suchen derzeit zwei Mitarbeiter in Vollzeit, die sich auf den Bereich Servicetechniker spezialisieren m\u00f6chten. In dieser [&hellip;]<\/p>\n","protected":false},"author":3,"featured_media":445,"parent":863,"menu_order":5,"comment_status":"closed","ping_status":"closed","template":"","meta":{"_acf_changed":false,"footnotes":""},"class_list":["post-1597","page","type-page","status-publish","has-post-thumbnail","hentry"],"acf":[],"yoast_head":"<!-- This site is optimized with the Yoast SEO plugin v27.3 - https:\/\/yoast.com\/product\/yoast-seo-wordpress\/ -->\n<title>Servicetechniker in Ausbildung - EVE Techniek<\/title>\n<meta name=\"robots\" content=\"index, follow, max-snippet:-1, max-image-preview:large, max-video-preview:-1\" \/>\n<link rel=\"canonical\" href=\"https:\/\/eve-techniek.nl\/de\/stellenangebote\/servicetechniker-in-ausbildung\" \/>\n<meta property=\"og:locale\" content=\"de_DE\" \/>\n<meta property=\"og:type\" content=\"article\" \/>\n<meta property=\"og:title\" content=\"Servicetechniker in Ausbildung - EVE Techniek\" \/>\n<meta property=\"og:description\" content=\"F\u00fcr Sie als Servicetechniker gibt es keine Installation, die irgendwelche Geheimnisse birgt. Sie suchen eine neue Herausforderung als Servicetechniker? M\u00f6chten Sie Teil unseres Teams werden und sich von uns zum professionellen Priva-Servicetechniker ausbilden lassen? Dann suchen wir Sie! Wir suchen derzeit zwei Mitarbeiter in Vollzeit, die sich auf den Bereich Servicetechniker spezialisieren m\u00f6chten. In dieser [&hellip;]\" \/>\n<meta property=\"og:url\" content=\"https:\/\/eve-techniek.nl\/de\/stellenangebote\/servicetechniker-in-ausbildung\" \/>\n<meta property=\"og:site_name\" content=\"EVE Techniek\" \/>\n<meta property=\"article:modified_time\" content=\"2024-01-12T10:38:06+00:00\" \/>\n<meta name=\"twitter:card\" content=\"summary_large_image\" \/>\n<meta name=\"twitter:label1\" content=\"Gesch\u00e4tzte Lesezeit\" \/>\n\t<meta name=\"twitter:data1\" content=\"2\u00a0Minuten\" \/>\n<script type=\"application\/ld+json\" class=\"yoast-schema-graph\">{\"@context\":\"https:\\\/\\\/schema.org\",\"@graph\":[{\"@type\":\"WebPage\",\"@id\":\"https:\\\/\\\/eve-techniek.nl\\\/de\\\/stellenangebote\\\/servicetechniker-in-ausbildung\",\"url\":\"https:\\\/\\\/eve-techniek.nl\\\/de\\\/stellenangebote\\\/servicetechniker-in-ausbildung\",\"name\":\"Servicetechniker in Ausbildung - EVE Techniek\",\"isPartOf\":{\"@id\":\"https:\\\/\\\/eve-techniek.nl\\\/#website\"},\"primaryImageOfPage\":{\"@id\":\"https:\\\/\\\/eve-techniek.nl\\\/de\\\/stellenangebote\\\/servicetechniker-in-ausbildung#primaryimage\"},\"image\":{\"@id\":\"https:\\\/\\\/eve-techniek.nl\\\/de\\\/stellenangebote\\\/servicetechniker-in-ausbildung#primaryimage\"},\"thumbnailUrl\":\"https:\\\/\\\/eve-techniek.nl\\\/wp-content\\\/uploads\\\/2016\\\/04\\\/Untitled-3-1.jpg\",\"datePublished\":\"2024-01-12T10:38:05+00:00\",\"dateModified\":\"2024-01-12T10:38:06+00:00\",\"breadcrumb\":{\"@id\":\"https:\\\/\\\/eve-techniek.nl\\\/de\\\/stellenangebote\\\/servicetechniker-in-ausbildung#breadcrumb\"},\"inLanguage\":\"de\",\"potentialAction\":[{\"@type\":\"ReadAction\",\"target\":[\"https:\\\/\\\/eve-techniek.nl\\\/de\\\/stellenangebote\\\/servicetechniker-in-ausbildung\"]}]},{\"@type\":\"ImageObject\",\"inLanguage\":\"de\",\"@id\":\"https:\\\/\\\/eve-techniek.nl\\\/de\\\/stellenangebote\\\/servicetechniker-in-ausbildung#primaryimage\",\"url\":\"https:\\\/\\\/eve-techniek.nl\\\/wp-content\\\/uploads\\\/2016\\\/04\\\/Untitled-3-1.jpg\",\"contentUrl\":\"https:\\\/\\\/eve-techniek.nl\\\/wp-content\\\/uploads\\\/2016\\\/04\\\/Untitled-3-1.jpg\",\"width\":1920,\"height\":500},{\"@type\":\"BreadcrumbList\",\"@id\":\"https:\\\/\\\/eve-techniek.nl\\\/de\\\/stellenangebote\\\/servicetechniker-in-ausbildung#breadcrumb\",\"itemListElement\":[{\"@type\":\"ListItem\",\"position\":1,\"name\":\"Home\",\"item\":\"https:\\\/\\\/eve-techniek.nl\\\/de\\\/home\"},{\"@type\":\"ListItem\",\"position\":2,\"name\":\"Stellenangebote\",\"item\":\"https:\\\/\\\/eve-techniek.nl\\\/de\\\/stellenangebote\"},{\"@type\":\"ListItem\",\"position\":3,\"name\":\"Servicetechniker in Ausbildung\"}]},{\"@type\":\"WebSite\",\"@id\":\"https:\\\/\\\/eve-techniek.nl\\\/#website\",\"url\":\"https:\\\/\\\/eve-techniek.nl\\\/\",\"name\":\"EVE Techniek\",\"description\":\"\",\"potentialAction\":[{\"@type\":\"SearchAction\",\"target\":{\"@type\":\"EntryPoint\",\"urlTemplate\":\"https:\\\/\\\/eve-techniek.nl\\\/?s={search_term_string}\"},\"query-input\":{\"@type\":\"PropertyValueSpecification\",\"valueRequired\":true,\"valueName\":\"search_term_string\"}}],\"inLanguage\":\"de\"}]}<\/script>\n<!-- \/ Yoast SEO plugin. -->","yoast_head_json":{"title":"Servicetechniker in Ausbildung - EVE Techniek","robots":{"index":"index","follow":"follow","max-snippet":"max-snippet:-1","max-image-preview":"max-image-preview:large","max-video-preview":"max-video-preview:-1"},"canonical":"https:\/\/eve-techniek.nl\/de\/stellenangebote\/servicetechniker-in-ausbildung","og_locale":"de_DE","og_type":"article","og_title":"Servicetechniker in Ausbildung - EVE Techniek","og_description":"F\u00fcr Sie als Servicetechniker gibt es keine Installation, die irgendwelche Geheimnisse birgt. Sie suchen eine neue Herausforderung als Servicetechniker? M\u00f6chten Sie Teil unseres Teams werden und sich von uns zum professionellen Priva-Servicetechniker ausbilden lassen? Dann suchen wir Sie! Wir suchen derzeit zwei Mitarbeiter in Vollzeit, die sich auf den Bereich Servicetechniker spezialisieren m\u00f6chten. In dieser [&hellip;]","og_url":"https:\/\/eve-techniek.nl\/de\/stellenangebote\/servicetechniker-in-ausbildung","og_site_name":"EVE Techniek","article_modified_time":"2024-01-12T10:38:06+00:00","twitter_card":"summary_large_image","twitter_misc":{"Gesch\u00e4tzte Lesezeit":"2\u00a0Minuten"},"schema":{"@context":"https:\/\/schema.org","@graph":[{"@type":"WebPage","@id":"https:\/\/eve-techniek.nl\/de\/stellenangebote\/servicetechniker-in-ausbildung","url":"https:\/\/eve-techniek.nl\/de\/stellenangebote\/servicetechniker-in-ausbildung","name":"Servicetechniker in Ausbildung - EVE Techniek","isPartOf":{"@id":"https:\/\/eve-techniek.nl\/#website"},"primaryImageOfPage":{"@id":"https:\/\/eve-techniek.nl\/de\/stellenangebote\/servicetechniker-in-ausbildung#primaryimage"},"image":{"@id":"https:\/\/eve-techniek.nl\/de\/stellenangebote\/servicetechniker-in-ausbildung#primaryimage"},"thumbnailUrl":"https:\/\/eve-techniek.nl\/wp-content\/uploads\/2016\/04\/Untitled-3-1.jpg","datePublished":"2024-01-12T10:38:05+00:00","dateModified":"2024-01-12T10:38:06+00:00","breadcrumb":{"@id":"https:\/\/eve-techniek.nl\/de\/stellenangebote\/servicetechniker-in-ausbildung#breadcrumb"},"inLanguage":"de","potentialAction":[{"@type":"ReadAction","target":["https:\/\/eve-techniek.nl\/de\/stellenangebote\/servicetechniker-in-ausbildung"]}]},{"@type":"ImageObject","inLanguage":"de","@id":"https:\/\/eve-techniek.nl\/de\/stellenangebote\/servicetechniker-in-ausbildung#primaryimage","url":"https:\/\/eve-techniek.nl\/wp-content\/uploads\/2016\/04\/Untitled-3-1.jpg","contentUrl":"https:\/\/eve-techniek.nl\/wp-content\/uploads\/2016\/04\/Untitled-3-1.jpg","width":1920,"height":500},{"@type":"BreadcrumbList","@id":"https:\/\/eve-techniek.nl\/de\/stellenangebote\/servicetechniker-in-ausbildung#breadcrumb","itemListElement":[{"@type":"ListItem","position":1,"name":"Home","item":"https:\/\/eve-techniek.nl\/de\/home"},{"@type":"ListItem","position":2,"name":"Stellenangebote","item":"https:\/\/eve-techniek.nl\/de\/stellenangebote"},{"@type":"ListItem","position":3,"name":"Servicetechniker in Ausbildung"}]},{"@type":"WebSite","@id":"https:\/\/eve-techniek.nl\/#website","url":"https:\/\/eve-techniek.nl\/","name":"EVE Techniek","description":"","potentialAction":[{"@type":"SearchAction","target":{"@type":"EntryPoint","urlTemplate":"https:\/\/eve-techniek.nl\/?s={search_term_string}"},"query-input":{"@type":"PropertyValueSpecification","valueRequired":true,"valueName":"search_term_string"}}],"inLanguage":"de"}]}},"_links":{"self":[{"href":"https:\/\/eve-techniek.nl\/de\/wp-json\/wp\/v2\/pages\/1597","targetHints":{"allow":["GET"]}}],"collection":[{"href":"https:\/\/eve-techniek.nl\/de\/wp-json\/wp\/v2\/pages"}],"about":[{"href":"https:\/\/eve-techniek.nl\/de\/wp-json\/wp\/v2\/types\/page"}],"author":[{"embeddable":true,"href":"https:\/\/eve-techniek.nl\/de\/wp-json\/wp\/v2\/users\/3"}],"replies":[{"embeddable":true,"href":"https:\/\/eve-techniek.nl\/de\/wp-json\/wp\/v2\/comments?post=1597"}],"version-history":[{"count":3,"href":"https:\/\/eve-techniek.nl\/de\/wp-json\/wp\/v2\/pages\/1597\/revisions"}],"predecessor-version":[{"id":1600,"href":"https:\/\/eve-techniek.nl\/de\/wp-json\/wp\/v2\/pages\/1597\/revisions\/1600"}],"up":[{"embeddable":true,"href":"https:\/\/eve-techniek.nl\/de\/wp-json\/wp\/v2\/pages\/863"}],"wp:featuredmedia":[{"embeddable":true,"href":"https:\/\/eve-techniek.nl\/de\/wp-json\/wp\/v2\/media\/445"}],"wp:attachment":[{"href":"https:\/\/eve-techniek.nl\/de\/wp-json\/wp\/v2\/media?parent=1597"}],"curies":[{"name":"wp","href":"https:\/\/api.w.org\/{rel}","templated":true}]}}