{"id":1411,"date":"2023-03-27T10:20:20","date_gmt":"2023-03-27T08:20:20","guid":{"rendered":"https:\/\/eve-techniek.nl\/stellenangebote\/dienstkoordinator"},"modified":"2023-07-25T11:30:34","modified_gmt":"2023-07-25T09:30:34","slug":"dienstkoordinator","status":"publish","type":"page","link":"https:\/\/eve-techniek.nl\/de\/stellenangebote\/dienstkoordinator","title":{"rendered":"Dienstkoordinator"},"content":{"rendered":"\n<p>Zur Erweiterung unseres Teams suchen wir einen engagierten Servicekoordinator mit administrativen Aufgaben. <br\/>Sie werden von unserem B\u00fcro in Emmeloord aus arbeiten.<br\/><\/p>\n\n<h2 class=\"wp-block-heading\"><strong>Was werden Sie tun:<\/strong><\/h2>\n\n<ul class=\"wp-block-list\">\n<li> Du steuerst den Prozess der St\u00f6rungsmeldung (vom Telefon bis zur Umsetzung durch das Team)<\/li>\n\n\n\n<li>Du beh\u00e4ltst den \u00dcberblick und sorgst f\u00fcr effizientes Arbeiten<\/li>\n\n\n\n<li>Sie implementieren Verbesserungen (wo m\u00f6glich).<\/li>\n\n\n\n<li>Du k\u00fcmmerst dich um die Arbeitsvorbereitung und sorgst daf\u00fcr, dass die Servicemechaniker ihren Job machen k\u00f6nnen<\/li>\n\n\n\n<li>Sie machen Arbeitsauftr\u00e4ge <\/li>\n\n\n\n<li>Sie pr\u00fcfen Arbeitsauftr\u00e4ge auf Vollst\u00e4ndigkeit<\/li>\n\n\n\n<li>Sie leiten und f\u00f6rdern Servicemechaniker<\/li>\n\n\n\n<li>Einzelheiten teilen Sie der Verwaltung mit<\/li>\n\n\n\n<li>Sie berichten direkt an die Gesch\u00e4ftsf\u00fchrung<\/li>\n<\/ul>\n\n<h2 class=\"wp-block-heading\"><strong>Was wir fragen<\/strong>:<\/h2>\n\n<ul class=\"wp-block-list\">\n<li>Sie haben mindestens eine abgeschlossene MBO4-Ausbildung oder haben dieses Niveau durch Berufserfahrung erlangt<\/li>\n\n\n\n<li>Du bist ein echtes Organisationstalent<\/li>\n\n\n\n<li>Ihre Kommunikationsf\u00e4higkeiten sind gut entwickelt<\/li>\n\n\n\n<li>Du dominierst durch Wissen, Erfahrung und Pers\u00f6nlichkeit <\/li>\n\n\n\n<li>Sie wohnen in Emmeloord oder in der N\u00e4he<\/li>\n<\/ul>\n\n<h2 class=\"wp-block-heading\"><strong>Unser Angebot:<\/strong><\/h2>\n\n<ul class=\"wp-block-list\">\n<li>Abwechslungsreiche und herausfordernde T\u00e4tigkeit mit Raum f\u00fcr eigene Ideen und Input<\/li>\n\n\n\n<li>Vollzeitstelle<\/li>\n\n\n\n<li>M\u00f6glichkeit, an Kursen oder Schulungen teilzunehmen<\/li>\n\n\n\n<li>Feine Haupt- und Nebenbesch\u00e4ftigungsbedingungen wie: eine kollektive Rente, eine kollektive Unfallversicherung und ein 13. Monat<\/li>\n\n\n\n<li>Ein guter Lohn; je nach Wissen und Erfahrung<\/li>\n\n\n\n<li>Fahrtkostenzuschuss <br\/><\/li>\n<\/ul>\n\n<p>Wenn Sie Fragen haben, k\u00f6nnen Sie diese gerne per E-Mail an uns senden.<br\/>Wir freuen uns auf Ihre Motivation und Ihren Lebenslauf.<br\/>Sie k\u00f6nnen dies senden an:<br\/>Frau. P. Evers \u2013 p.evers@eve-techniek.nl<br\/>Oder<br\/>EVE Techniek B.V.<br\/>z. Hd. Mrs. P. Evers<br\/>Heemst 4<br\/>7892 AL Klazienaveen, Niederlande<\/p>\n\n<p><\/p>\n","protected":false},"excerpt":{"rendered":"<p>Zur Erweiterung unseres Teams suchen wir einen engagierten Servicekoordinator mit administrativen Aufgaben. Sie werden von unserem B\u00fcro in Emmeloord aus arbeiten. Was werden Sie tun: Was wir fragen: Unser Angebot: Wenn Sie Fragen haben, k\u00f6nnen Sie diese gerne per E-Mail an uns senden.Wir freuen uns auf Ihre Motivation und Ihren Lebenslauf.Sie k\u00f6nnen dies senden an:Frau. [&hellip;]<\/p>\n","protected":false},"author":3,"featured_media":0,"parent":863,"menu_order":1,"comment_status":"closed","ping_status":"closed","template":"","meta":{"_acf_changed":false,"footnotes":""},"class_list":["post-1411","page","type-page","status-publish","hentry"],"acf":[],"yoast_head":"<!-- This site is optimized with the Yoast SEO plugin v27.3 - https:\/\/yoast.com\/product\/yoast-seo-wordpress\/ -->\n<title>Dienstkoordinator - EVE Techniek<\/title>\n<meta name=\"robots\" content=\"index, follow, max-snippet:-1, max-image-preview:large, max-video-preview:-1\" \/>\n<link rel=\"canonical\" href=\"https:\/\/eve-techniek.nl\/de\/stellenangebote\/dienstkoordinator\" \/>\n<meta property=\"og:locale\" content=\"de_DE\" \/>\n<meta property=\"og:type\" content=\"article\" \/>\n<meta property=\"og:title\" content=\"Dienstkoordinator - EVE Techniek\" \/>\n<meta property=\"og:description\" content=\"Zur Erweiterung unseres Teams suchen wir einen engagierten Servicekoordinator mit administrativen Aufgaben. Sie werden von unserem B\u00fcro in Emmeloord aus arbeiten. Was werden Sie tun: Was wir fragen: Unser Angebot: Wenn Sie Fragen haben, k\u00f6nnen Sie diese gerne per E-Mail an uns senden.Wir freuen uns auf Ihre Motivation und Ihren Lebenslauf.Sie k\u00f6nnen dies senden an:Frau. [&hellip;]\" \/>\n<meta property=\"og:url\" content=\"https:\/\/eve-techniek.nl\/de\/stellenangebote\/dienstkoordinator\" \/>\n<meta property=\"og:site_name\" content=\"EVE Techniek\" \/>\n<meta property=\"article:modified_time\" content=\"2023-07-25T09:30:34+00:00\" \/>\n<meta name=\"twitter:card\" content=\"summary_large_image\" \/>\n<meta name=\"twitter:label1\" content=\"Gesch\u00e4tzte Lesezeit\" \/>\n\t<meta name=\"twitter:data1\" content=\"1\u00a0Minute\" \/>\n<script type=\"application\/ld+json\" class=\"yoast-schema-graph\">{\"@context\":\"https:\\\/\\\/schema.org\",\"@graph\":[{\"@type\":\"WebPage\",\"@id\":\"https:\\\/\\\/eve-techniek.nl\\\/de\\\/stellenangebote\\\/dienstkoordinator\",\"url\":\"https:\\\/\\\/eve-techniek.nl\\\/de\\\/stellenangebote\\\/dienstkoordinator\",\"name\":\"Dienstkoordinator - EVE Techniek\",\"isPartOf\":{\"@id\":\"https:\\\/\\\/eve-techniek.nl\\\/#website\"},\"datePublished\":\"2023-03-27T08:20:20+00:00\",\"dateModified\":\"2023-07-25T09:30:34+00:00\",\"breadcrumb\":{\"@id\":\"https:\\\/\\\/eve-techniek.nl\\\/de\\\/stellenangebote\\\/dienstkoordinator#breadcrumb\"},\"inLanguage\":\"de\",\"potentialAction\":[{\"@type\":\"ReadAction\",\"target\":[\"https:\\\/\\\/eve-techniek.nl\\\/de\\\/stellenangebote\\\/dienstkoordinator\"]}]},{\"@type\":\"BreadcrumbList\",\"@id\":\"https:\\\/\\\/eve-techniek.nl\\\/de\\\/stellenangebote\\\/dienstkoordinator#breadcrumb\",\"itemListElement\":[{\"@type\":\"ListItem\",\"position\":1,\"name\":\"Home\",\"item\":\"https:\\\/\\\/eve-techniek.nl\\\/de\\\/home\"},{\"@type\":\"ListItem\",\"position\":2,\"name\":\"Stellenangebote\",\"item\":\"https:\\\/\\\/eve-techniek.nl\\\/de\\\/stellenangebote\"},{\"@type\":\"ListItem\",\"position\":3,\"name\":\"Dienstkoordinator\"}]},{\"@type\":\"WebSite\",\"@id\":\"https:\\\/\\\/eve-techniek.nl\\\/#website\",\"url\":\"https:\\\/\\\/eve-techniek.nl\\\/\",\"name\":\"EVE Techniek\",\"description\":\"\",\"potentialAction\":[{\"@type\":\"SearchAction\",\"target\":{\"@type\":\"EntryPoint\",\"urlTemplate\":\"https:\\\/\\\/eve-techniek.nl\\\/?s={search_term_string}\"},\"query-input\":{\"@type\":\"PropertyValueSpecification\",\"valueRequired\":true,\"valueName\":\"search_term_string\"}}],\"inLanguage\":\"de\"}]}<\/script>\n<!-- \/ Yoast SEO plugin. -->","yoast_head_json":{"title":"Dienstkoordinator - EVE Techniek","robots":{"index":"index","follow":"follow","max-snippet":"max-snippet:-1","max-image-preview":"max-image-preview:large","max-video-preview":"max-video-preview:-1"},"canonical":"https:\/\/eve-techniek.nl\/de\/stellenangebote\/dienstkoordinator","og_locale":"de_DE","og_type":"article","og_title":"Dienstkoordinator - EVE Techniek","og_description":"Zur Erweiterung unseres Teams suchen wir einen engagierten Servicekoordinator mit administrativen Aufgaben. Sie werden von unserem B\u00fcro in Emmeloord aus arbeiten. Was werden Sie tun: Was wir fragen: Unser Angebot: Wenn Sie Fragen haben, k\u00f6nnen Sie diese gerne per E-Mail an uns senden.Wir freuen uns auf Ihre Motivation und Ihren Lebenslauf.Sie k\u00f6nnen dies senden an:Frau. [&hellip;]","og_url":"https:\/\/eve-techniek.nl\/de\/stellenangebote\/dienstkoordinator","og_site_name":"EVE Techniek","article_modified_time":"2023-07-25T09:30:34+00:00","twitter_card":"summary_large_image","twitter_misc":{"Gesch\u00e4tzte Lesezeit":"1\u00a0Minute"},"schema":{"@context":"https:\/\/schema.org","@graph":[{"@type":"WebPage","@id":"https:\/\/eve-techniek.nl\/de\/stellenangebote\/dienstkoordinator","url":"https:\/\/eve-techniek.nl\/de\/stellenangebote\/dienstkoordinator","name":"Dienstkoordinator - EVE Techniek","isPartOf":{"@id":"https:\/\/eve-techniek.nl\/#website"},"datePublished":"2023-03-27T08:20:20+00:00","dateModified":"2023-07-25T09:30:34+00:00","breadcrumb":{"@id":"https:\/\/eve-techniek.nl\/de\/stellenangebote\/dienstkoordinator#breadcrumb"},"inLanguage":"de","potentialAction":[{"@type":"ReadAction","target":["https:\/\/eve-techniek.nl\/de\/stellenangebote\/dienstkoordinator"]}]},{"@type":"BreadcrumbList","@id":"https:\/\/eve-techniek.nl\/de\/stellenangebote\/dienstkoordinator#breadcrumb","itemListElement":[{"@type":"ListItem","position":1,"name":"Home","item":"https:\/\/eve-techniek.nl\/de\/home"},{"@type":"ListItem","position":2,"name":"Stellenangebote","item":"https:\/\/eve-techniek.nl\/de\/stellenangebote"},{"@type":"ListItem","position":3,"name":"Dienstkoordinator"}]},{"@type":"WebSite","@id":"https:\/\/eve-techniek.nl\/#website","url":"https:\/\/eve-techniek.nl\/","name":"EVE Techniek","description":"","potentialAction":[{"@type":"SearchAction","target":{"@type":"EntryPoint","urlTemplate":"https:\/\/eve-techniek.nl\/?s={search_term_string}"},"query-input":{"@type":"PropertyValueSpecification","valueRequired":true,"valueName":"search_term_string"}}],"inLanguage":"de"}]}},"_links":{"self":[{"href":"https:\/\/eve-techniek.nl\/de\/wp-json\/wp\/v2\/pages\/1411","targetHints":{"allow":["GET"]}}],"collection":[{"href":"https:\/\/eve-techniek.nl\/de\/wp-json\/wp\/v2\/pages"}],"about":[{"href":"https:\/\/eve-techniek.nl\/de\/wp-json\/wp\/v2\/types\/page"}],"author":[{"embeddable":true,"href":"https:\/\/eve-techniek.nl\/de\/wp-json\/wp\/v2\/users\/3"}],"replies":[{"embeddable":true,"href":"https:\/\/eve-techniek.nl\/de\/wp-json\/wp\/v2\/comments?post=1411"}],"version-history":[{"count":1,"href":"https:\/\/eve-techniek.nl\/de\/wp-json\/wp\/v2\/pages\/1411\/revisions"}],"predecessor-version":[{"id":1412,"href":"https:\/\/eve-techniek.nl\/de\/wp-json\/wp\/v2\/pages\/1411\/revisions\/1412"}],"up":[{"embeddable":true,"href":"https:\/\/eve-techniek.nl\/de\/wp-json\/wp\/v2\/pages\/863"}],"wp:attachment":[{"href":"https:\/\/eve-techniek.nl\/de\/wp-json\/wp\/v2\/media?parent=1411"}],"curies":[{"name":"wp","href":"https:\/\/api.w.org\/{rel}","templated":true}]}}