{"id":1208,"date":"2022-08-12T14:16:46","date_gmt":"2022-08-12T12:16:46","guid":{"rendered":"https:\/\/eve-techniek.nl\/stellenangebote\/bol-bbl-elektroingenieur-geschlossen"},"modified":"2024-01-16T15:52:09","modified_gmt":"2024-01-16T14:52:09","slug":"bol-bbl-elektroingenieur-geschlossen","status":"publish","type":"page","link":"https:\/\/eve-techniek.nl\/de\/stellenangebote\/bol-bbl-elektroingenieur-geschlossen","title":{"rendered":"BOL\/BBL Electrical engineer"},"content":{"rendered":"\n<p>(Diese Stellen sind geschlossen)<\/p>\n\n<p>Du absolvierst derzeit ein Studium der Elektrotechnik (BOL) auf Stufe 3 oder 4 oder wirst die BBL-Variante machen und bist auf der Suche nach einem spannenden und herausfordernden Praktikum \/ Arbeitsplatz?<br\/>Wir haben einen Praktikums-\/Lernplatz f\u00fcr einen BOL-Studenten frei.<\/p>\n\n<p>Diese Stelle ist auch f\u00fcr Quereinsteiger geeignet.<\/p>\n\n<p>Auch die Sauberkeit am Arbeitsplatz geh\u00f6rt zu Ihrem Beruf, aber das ist nicht das Wichtigste, was Sie lernen m\u00fcssen. Deshalb schlie\u00dfen Sie sich einem unserer Au\u00dfendiensttechniker an. Unter ihrer Anleitung lernen Sie, verschiedene Aktivit\u00e4ten durchzuf\u00fchren und Ihr Wissen zu erweitern.<br\/>Wir helfen Inhnen gernen dabei, in unserem fantastischen Beruf zu wachsen, damit Sie bald Ihre BOL- oder BBL-Ausbilding erfolgreich abschlie\u00dfen!<br\/>Und das f\u00fchrt zu einem sch\u00f6nen und herausfordernden Job bei EVE Techniek mit nat\u00fcrlichen Wachstumschancen.<\/p>\n\n<p>M\u00f6chte ein Praktikum mit folgenden Crebo-Nummern anbieten;<br\/>Crebo 25735: Erster Ingenieur f\u00fcr elektrotechnische Industrieanlagen und Anlagen<br\/>Crebo 25341: Installateur elektrotechnischer Anlagen <br\/>Crebo 25738: Techniker\/in f\u00fcr elektrotechnische Industrieanlagen und Anlagen<\/p>\n\n<p>Schauen Sie auch bei der S-BB vorbei, wenn Sie Ihr Praktikum bei uns machen m\u00f6chten.<\/p>\n\n<p>Wir freuen uns auf Ihre Motivation und Ihren Lebenslauf. Senden Sie Ihren Lebenslauf und Ihre Motivation an p.evers@eve-techniek.nl oder an unsere unten stehende Postadresse.<br\/>F\u00fcr weitere Informationen zu dieser Position kontaktieren Sie bitte Marco Evers unter der Telefonnummer 06-25055469.<\/p>\n\n<h3 class=\"wp-block-heading\">Postanschrift:<\/h3>\n\n<p>EVE Techniek<br\/>zw. Frau. P. Evers<br\/>Heemst 4, 7892 AL Klazienaveen<\/p>\n","protected":false},"excerpt":{"rendered":"<p>(Diese Stellen sind geschlossen) Du absolvierst derzeit ein Studium der Elektrotechnik (BOL) auf Stufe 3 oder 4 oder wirst die BBL-Variante machen und bist auf der Suche nach einem spannenden und herausfordernden Praktikum \/ Arbeitsplatz?Wir haben einen Praktikums-\/Lernplatz f\u00fcr einen BOL-Studenten frei. Diese Stelle ist auch f\u00fcr Quereinsteiger geeignet. Auch die Sauberkeit am Arbeitsplatz geh\u00f6rt [&hellip;]<\/p>\n","protected":false},"author":4,"featured_media":601,"parent":863,"menu_order":9,"comment_status":"closed","ping_status":"closed","template":"","meta":{"_acf_changed":false,"footnotes":""},"class_list":["post-1208","page","type-page","status-publish","has-post-thumbnail","hentry"],"acf":[],"yoast_head":"<!-- This site is optimized with the Yoast SEO plugin v27.3 - https:\/\/yoast.com\/product\/yoast-seo-wordpress\/ -->\n<title>BOL\/BBL Electrical engineer - EVE Techniek<\/title>\n<meta name=\"robots\" content=\"index, follow, max-snippet:-1, max-image-preview:large, max-video-preview:-1\" \/>\n<link rel=\"canonical\" href=\"https:\/\/eve-techniek.nl\/de\/stellenangebote\/bol-bbl-elektroingenieur-geschlossen\" \/>\n<meta property=\"og:locale\" content=\"de_DE\" \/>\n<meta property=\"og:type\" content=\"article\" \/>\n<meta property=\"og:title\" content=\"BOL\/BBL Electrical engineer - EVE Techniek\" \/>\n<meta property=\"og:description\" content=\"(Diese Stellen sind geschlossen) Du absolvierst derzeit ein Studium der Elektrotechnik (BOL) auf Stufe 3 oder 4 oder wirst die BBL-Variante machen und bist auf der Suche nach einem spannenden und herausfordernden Praktikum \/ Arbeitsplatz?Wir haben einen Praktikums-\/Lernplatz f\u00fcr einen BOL-Studenten frei. Diese Stelle ist auch f\u00fcr Quereinsteiger geeignet. Auch die Sauberkeit am Arbeitsplatz geh\u00f6rt [&hellip;]\" \/>\n<meta property=\"og:url\" content=\"https:\/\/eve-techniek.nl\/de\/stellenangebote\/bol-bbl-elektroingenieur-geschlossen\" \/>\n<meta property=\"og:site_name\" content=\"EVE Techniek\" \/>\n<meta property=\"article:modified_time\" content=\"2024-01-16T14:52:09+00:00\" \/>\n<meta property=\"og:image\" content=\"https:\/\/eve-techniek.nl\/wp-content\/uploads\/2016\/04\/DSC_0476-1024x576.jpg\" \/>\n\t<meta property=\"og:image:width\" content=\"1024\" \/>\n\t<meta property=\"og:image:height\" content=\"576\" \/>\n\t<meta property=\"og:image:type\" content=\"image\/jpeg\" \/>\n<meta name=\"twitter:card\" content=\"summary_large_image\" \/>\n<meta name=\"twitter:label1\" content=\"Gesch\u00e4tzte Lesezeit\" \/>\n\t<meta name=\"twitter:data1\" content=\"1\u00a0Minute\" \/>\n<script type=\"application\/ld+json\" class=\"yoast-schema-graph\">{\"@context\":\"https:\\\/\\\/schema.org\",\"@graph\":[{\"@type\":\"WebPage\",\"@id\":\"https:\\\/\\\/eve-techniek.nl\\\/de\\\/stellenangebote\\\/bol-bbl-elektroingenieur-geschlossen\",\"url\":\"https:\\\/\\\/eve-techniek.nl\\\/de\\\/stellenangebote\\\/bol-bbl-elektroingenieur-geschlossen\",\"name\":\"BOL\\\/BBL Electrical engineer - EVE Techniek\",\"isPartOf\":{\"@id\":\"https:\\\/\\\/eve-techniek.nl\\\/#website\"},\"primaryImageOfPage\":{\"@id\":\"https:\\\/\\\/eve-techniek.nl\\\/de\\\/stellenangebote\\\/bol-bbl-elektroingenieur-geschlossen#primaryimage\"},\"image\":{\"@id\":\"https:\\\/\\\/eve-techniek.nl\\\/de\\\/stellenangebote\\\/bol-bbl-elektroingenieur-geschlossen#primaryimage\"},\"thumbnailUrl\":\"https:\\\/\\\/eve-techniek.nl\\\/wp-content\\\/uploads\\\/2016\\\/04\\\/DSC_0476.jpg\",\"datePublished\":\"2022-08-12T12:16:46+00:00\",\"dateModified\":\"2024-01-16T14:52:09+00:00\",\"breadcrumb\":{\"@id\":\"https:\\\/\\\/eve-techniek.nl\\\/de\\\/stellenangebote\\\/bol-bbl-elektroingenieur-geschlossen#breadcrumb\"},\"inLanguage\":\"de\",\"potentialAction\":[{\"@type\":\"ReadAction\",\"target\":[\"https:\\\/\\\/eve-techniek.nl\\\/de\\\/stellenangebote\\\/bol-bbl-elektroingenieur-geschlossen\"]}]},{\"@type\":\"ImageObject\",\"inLanguage\":\"de\",\"@id\":\"https:\\\/\\\/eve-techniek.nl\\\/de\\\/stellenangebote\\\/bol-bbl-elektroingenieur-geschlossen#primaryimage\",\"url\":\"https:\\\/\\\/eve-techniek.nl\\\/wp-content\\\/uploads\\\/2016\\\/04\\\/DSC_0476.jpg\",\"contentUrl\":\"https:\\\/\\\/eve-techniek.nl\\\/wp-content\\\/uploads\\\/2016\\\/04\\\/DSC_0476.jpg\",\"width\":3840,\"height\":2160},{\"@type\":\"BreadcrumbList\",\"@id\":\"https:\\\/\\\/eve-techniek.nl\\\/de\\\/stellenangebote\\\/bol-bbl-elektroingenieur-geschlossen#breadcrumb\",\"itemListElement\":[{\"@type\":\"ListItem\",\"position\":1,\"name\":\"Home\",\"item\":\"https:\\\/\\\/eve-techniek.nl\\\/de\\\/home\"},{\"@type\":\"ListItem\",\"position\":2,\"name\":\"Stellenangebote\",\"item\":\"https:\\\/\\\/eve-techniek.nl\\\/de\\\/stellenangebote\"},{\"@type\":\"ListItem\",\"position\":3,\"name\":\"BOL\\\/BBL Electrical engineer\"}]},{\"@type\":\"WebSite\",\"@id\":\"https:\\\/\\\/eve-techniek.nl\\\/#website\",\"url\":\"https:\\\/\\\/eve-techniek.nl\\\/\",\"name\":\"EVE Techniek\",\"description\":\"\",\"potentialAction\":[{\"@type\":\"SearchAction\",\"target\":{\"@type\":\"EntryPoint\",\"urlTemplate\":\"https:\\\/\\\/eve-techniek.nl\\\/?s={search_term_string}\"},\"query-input\":{\"@type\":\"PropertyValueSpecification\",\"valueRequired\":true,\"valueName\":\"search_term_string\"}}],\"inLanguage\":\"de\"}]}<\/script>\n<!-- \/ Yoast SEO plugin. -->","yoast_head_json":{"title":"BOL\/BBL Electrical engineer - EVE Techniek","robots":{"index":"index","follow":"follow","max-snippet":"max-snippet:-1","max-image-preview":"max-image-preview:large","max-video-preview":"max-video-preview:-1"},"canonical":"https:\/\/eve-techniek.nl\/de\/stellenangebote\/bol-bbl-elektroingenieur-geschlossen","og_locale":"de_DE","og_type":"article","og_title":"BOL\/BBL Electrical engineer - EVE Techniek","og_description":"(Diese Stellen sind geschlossen) Du absolvierst derzeit ein Studium der Elektrotechnik (BOL) auf Stufe 3 oder 4 oder wirst die BBL-Variante machen und bist auf der Suche nach einem spannenden und herausfordernden Praktikum \/ Arbeitsplatz?Wir haben einen Praktikums-\/Lernplatz f\u00fcr einen BOL-Studenten frei. Diese Stelle ist auch f\u00fcr Quereinsteiger geeignet. Auch die Sauberkeit am Arbeitsplatz geh\u00f6rt [&hellip;]","og_url":"https:\/\/eve-techniek.nl\/de\/stellenangebote\/bol-bbl-elektroingenieur-geschlossen","og_site_name":"EVE Techniek","article_modified_time":"2024-01-16T14:52:09+00:00","og_image":[{"width":1024,"height":576,"url":"https:\/\/eve-techniek.nl\/wp-content\/uploads\/2016\/04\/DSC_0476-1024x576.jpg","type":"image\/jpeg"}],"twitter_card":"summary_large_image","twitter_misc":{"Gesch\u00e4tzte Lesezeit":"1\u00a0Minute"},"schema":{"@context":"https:\/\/schema.org","@graph":[{"@type":"WebPage","@id":"https:\/\/eve-techniek.nl\/de\/stellenangebote\/bol-bbl-elektroingenieur-geschlossen","url":"https:\/\/eve-techniek.nl\/de\/stellenangebote\/bol-bbl-elektroingenieur-geschlossen","name":"BOL\/BBL Electrical engineer - EVE Techniek","isPartOf":{"@id":"https:\/\/eve-techniek.nl\/#website"},"primaryImageOfPage":{"@id":"https:\/\/eve-techniek.nl\/de\/stellenangebote\/bol-bbl-elektroingenieur-geschlossen#primaryimage"},"image":{"@id":"https:\/\/eve-techniek.nl\/de\/stellenangebote\/bol-bbl-elektroingenieur-geschlossen#primaryimage"},"thumbnailUrl":"https:\/\/eve-techniek.nl\/wp-content\/uploads\/2016\/04\/DSC_0476.jpg","datePublished":"2022-08-12T12:16:46+00:00","dateModified":"2024-01-16T14:52:09+00:00","breadcrumb":{"@id":"https:\/\/eve-techniek.nl\/de\/stellenangebote\/bol-bbl-elektroingenieur-geschlossen#breadcrumb"},"inLanguage":"de","potentialAction":[{"@type":"ReadAction","target":["https:\/\/eve-techniek.nl\/de\/stellenangebote\/bol-bbl-elektroingenieur-geschlossen"]}]},{"@type":"ImageObject","inLanguage":"de","@id":"https:\/\/eve-techniek.nl\/de\/stellenangebote\/bol-bbl-elektroingenieur-geschlossen#primaryimage","url":"https:\/\/eve-techniek.nl\/wp-content\/uploads\/2016\/04\/DSC_0476.jpg","contentUrl":"https:\/\/eve-techniek.nl\/wp-content\/uploads\/2016\/04\/DSC_0476.jpg","width":3840,"height":2160},{"@type":"BreadcrumbList","@id":"https:\/\/eve-techniek.nl\/de\/stellenangebote\/bol-bbl-elektroingenieur-geschlossen#breadcrumb","itemListElement":[{"@type":"ListItem","position":1,"name":"Home","item":"https:\/\/eve-techniek.nl\/de\/home"},{"@type":"ListItem","position":2,"name":"Stellenangebote","item":"https:\/\/eve-techniek.nl\/de\/stellenangebote"},{"@type":"ListItem","position":3,"name":"BOL\/BBL Electrical engineer"}]},{"@type":"WebSite","@id":"https:\/\/eve-techniek.nl\/#website","url":"https:\/\/eve-techniek.nl\/","name":"EVE Techniek","description":"","potentialAction":[{"@type":"SearchAction","target":{"@type":"EntryPoint","urlTemplate":"https:\/\/eve-techniek.nl\/?s={search_term_string}"},"query-input":{"@type":"PropertyValueSpecification","valueRequired":true,"valueName":"search_term_string"}}],"inLanguage":"de"}]}},"_links":{"self":[{"href":"https:\/\/eve-techniek.nl\/de\/wp-json\/wp\/v2\/pages\/1208","targetHints":{"allow":["GET"]}}],"collection":[{"href":"https:\/\/eve-techniek.nl\/de\/wp-json\/wp\/v2\/pages"}],"about":[{"href":"https:\/\/eve-techniek.nl\/de\/wp-json\/wp\/v2\/types\/page"}],"author":[{"embeddable":true,"href":"https:\/\/eve-techniek.nl\/de\/wp-json\/wp\/v2\/users\/4"}],"replies":[{"embeddable":true,"href":"https:\/\/eve-techniek.nl\/de\/wp-json\/wp\/v2\/comments?post=1208"}],"version-history":[{"count":8,"href":"https:\/\/eve-techniek.nl\/de\/wp-json\/wp\/v2\/pages\/1208\/revisions"}],"predecessor-version":[{"id":1656,"href":"https:\/\/eve-techniek.nl\/de\/wp-json\/wp\/v2\/pages\/1208\/revisions\/1656"}],"up":[{"embeddable":true,"href":"https:\/\/eve-techniek.nl\/de\/wp-json\/wp\/v2\/pages\/863"}],"wp:featuredmedia":[{"embeddable":true,"href":"https:\/\/eve-techniek.nl\/de\/wp-json\/wp\/v2\/media\/601"}],"wp:attachment":[{"href":"https:\/\/eve-techniek.nl\/de\/wp-json\/wp\/v2\/media?parent=1208"}],"curies":[{"name":"wp","href":"https:\/\/api.w.org\/{rel}","templated":true}]}}