{"id":1202,"date":"2022-08-12T14:15:59","date_gmt":"2022-08-12T12:15:59","guid":{"rendered":"https:\/\/eve-techniek.nl\/stellenangebote\/selbstaendige-und-oder-offene-bewerbung"},"modified":"2023-03-28T17:24:54","modified_gmt":"2023-03-28T15:24:54","slug":"selbstaendige-und-oder-offene-bewerbung","status":"publish","type":"page","link":"https:\/\/eve-techniek.nl\/de\/stellenangebote\/selbstaendige-und-oder-offene-bewerbung","title":{"rendered":"Selbst\u00e4ndige und\/oder offene Bewerbung"},"content":{"rendered":"\n<p>Sind Sie selbstst\u00e4ndig oder denken Sie, dass Sie unserem Unternehmen auf andere Weise zu Diensten sein k\u00f6nnen?<br\/>Kontaktieren Sie uns gerne f\u00fcr ein Gespr\u00e4ch.<\/p>\n\n<p>Weitere Informationen folgen in K\u00fcrze.<\/p>\n","protected":false},"excerpt":{"rendered":"<p>Sind Sie selbstst\u00e4ndig oder denken Sie, dass Sie unserem Unternehmen auf andere Weise zu Diensten sein k\u00f6nnen?Kontaktieren Sie uns gerne f\u00fcr ein Gespr\u00e4ch. Weitere Informationen folgen in K\u00fcrze.<\/p>\n","protected":false},"author":3,"featured_media":1710,"parent":863,"menu_order":8,"comment_status":"closed","ping_status":"closed","template":"","meta":{"_acf_changed":false,"footnotes":""},"class_list":["post-1202","page","type-page","status-publish","has-post-thumbnail","hentry"],"acf":[],"yoast_head":"<!-- This site is optimized with the Yoast SEO plugin v27.3 - https:\/\/yoast.com\/product\/yoast-seo-wordpress\/ -->\n<title>Selbst\u00e4ndige und\/oder offene Bewerbung - EVE Techniek<\/title>\n<meta name=\"robots\" content=\"index, follow, max-snippet:-1, max-image-preview:large, max-video-preview:-1\" \/>\n<link rel=\"canonical\" href=\"https:\/\/eve-techniek.nl\/de\/stellenangebote\/selbstaendige-und-oder-offene-bewerbung\" \/>\n<meta property=\"og:locale\" content=\"de_DE\" \/>\n<meta property=\"og:type\" content=\"article\" \/>\n<meta property=\"og:title\" content=\"Selbst\u00e4ndige und\/oder offene Bewerbung - EVE Techniek\" \/>\n<meta property=\"og:description\" content=\"Sind Sie selbstst\u00e4ndig oder denken Sie, dass Sie unserem Unternehmen auf andere Weise zu Diensten sein k\u00f6nnen?Kontaktieren Sie uns gerne f\u00fcr ein Gespr\u00e4ch. Weitere Informationen folgen in K\u00fcrze.\" \/>\n<meta property=\"og:url\" content=\"https:\/\/eve-techniek.nl\/de\/stellenangebote\/selbstaendige-und-oder-offene-bewerbung\" \/>\n<meta property=\"og:site_name\" content=\"EVE Techniek\" \/>\n<meta property=\"article:modified_time\" content=\"2023-03-28T15:24:54+00:00\" \/>\n<meta name=\"twitter:card\" content=\"summary_large_image\" \/>\n<script type=\"application\/ld+json\" class=\"yoast-schema-graph\">{\"@context\":\"https:\\\/\\\/schema.org\",\"@graph\":[{\"@type\":\"WebPage\",\"@id\":\"https:\\\/\\\/eve-techniek.nl\\\/de\\\/stellenangebote\\\/selbstaendige-und-oder-offene-bewerbung\",\"url\":\"https:\\\/\\\/eve-techniek.nl\\\/de\\\/stellenangebote\\\/selbstaendige-und-oder-offene-bewerbung\",\"name\":\"Selbst\u00e4ndige und\\\/oder offene Bewerbung - EVE Techniek\",\"isPartOf\":{\"@id\":\"https:\\\/\\\/eve-techniek.nl\\\/#website\"},\"primaryImageOfPage\":{\"@id\":\"https:\\\/\\\/eve-techniek.nl\\\/de\\\/stellenangebote\\\/selbstaendige-und-oder-offene-bewerbung#primaryimage\"},\"image\":{\"@id\":\"https:\\\/\\\/eve-techniek.nl\\\/de\\\/stellenangebote\\\/selbstaendige-und-oder-offene-bewerbung#primaryimage\"},\"thumbnailUrl\":\"https:\\\/\\\/eve-techniek.nl\\\/wp-content\\\/uploads\\\/2024\\\/03\\\/pi_20160510_4502.jpg\",\"datePublished\":\"2022-08-12T12:15:59+00:00\",\"dateModified\":\"2023-03-28T15:24:54+00:00\",\"breadcrumb\":{\"@id\":\"https:\\\/\\\/eve-techniek.nl\\\/de\\\/stellenangebote\\\/selbstaendige-und-oder-offene-bewerbung#breadcrumb\"},\"inLanguage\":\"de\",\"potentialAction\":[{\"@type\":\"ReadAction\",\"target\":[\"https:\\\/\\\/eve-techniek.nl\\\/de\\\/stellenangebote\\\/selbstaendige-und-oder-offene-bewerbung\"]}]},{\"@type\":\"ImageObject\",\"inLanguage\":\"de\",\"@id\":\"https:\\\/\\\/eve-techniek.nl\\\/de\\\/stellenangebote\\\/selbstaendige-und-oder-offene-bewerbung#primaryimage\",\"url\":\"https:\\\/\\\/eve-techniek.nl\\\/wp-content\\\/uploads\\\/2024\\\/03\\\/pi_20160510_4502.jpg\",\"contentUrl\":\"https:\\\/\\\/eve-techniek.nl\\\/wp-content\\\/uploads\\\/2024\\\/03\\\/pi_20160510_4502.jpg\",\"width\":1024,\"height\":540},{\"@type\":\"BreadcrumbList\",\"@id\":\"https:\\\/\\\/eve-techniek.nl\\\/de\\\/stellenangebote\\\/selbstaendige-und-oder-offene-bewerbung#breadcrumb\",\"itemListElement\":[{\"@type\":\"ListItem\",\"position\":1,\"name\":\"Home\",\"item\":\"https:\\\/\\\/eve-techniek.nl\\\/de\\\/home\"},{\"@type\":\"ListItem\",\"position\":2,\"name\":\"Stellenangebote\",\"item\":\"https:\\\/\\\/eve-techniek.nl\\\/de\\\/stellenangebote\"},{\"@type\":\"ListItem\",\"position\":3,\"name\":\"Selbst\u00e4ndige und\\\/oder offene Bewerbung\"}]},{\"@type\":\"WebSite\",\"@id\":\"https:\\\/\\\/eve-techniek.nl\\\/#website\",\"url\":\"https:\\\/\\\/eve-techniek.nl\\\/\",\"name\":\"EVE Techniek\",\"description\":\"\",\"potentialAction\":[{\"@type\":\"SearchAction\",\"target\":{\"@type\":\"EntryPoint\",\"urlTemplate\":\"https:\\\/\\\/eve-techniek.nl\\\/?s={search_term_string}\"},\"query-input\":{\"@type\":\"PropertyValueSpecification\",\"valueRequired\":true,\"valueName\":\"search_term_string\"}}],\"inLanguage\":\"de\"}]}<\/script>\n<!-- \/ Yoast SEO plugin. -->","yoast_head_json":{"title":"Selbst\u00e4ndige und\/oder offene Bewerbung - EVE Techniek","robots":{"index":"index","follow":"follow","max-snippet":"max-snippet:-1","max-image-preview":"max-image-preview:large","max-video-preview":"max-video-preview:-1"},"canonical":"https:\/\/eve-techniek.nl\/de\/stellenangebote\/selbstaendige-und-oder-offene-bewerbung","og_locale":"de_DE","og_type":"article","og_title":"Selbst\u00e4ndige und\/oder offene Bewerbung - EVE Techniek","og_description":"Sind Sie selbstst\u00e4ndig oder denken Sie, dass Sie unserem Unternehmen auf andere Weise zu Diensten sein k\u00f6nnen?Kontaktieren Sie uns gerne f\u00fcr ein Gespr\u00e4ch. Weitere Informationen folgen in K\u00fcrze.","og_url":"https:\/\/eve-techniek.nl\/de\/stellenangebote\/selbstaendige-und-oder-offene-bewerbung","og_site_name":"EVE Techniek","article_modified_time":"2023-03-28T15:24:54+00:00","twitter_card":"summary_large_image","schema":{"@context":"https:\/\/schema.org","@graph":[{"@type":"WebPage","@id":"https:\/\/eve-techniek.nl\/de\/stellenangebote\/selbstaendige-und-oder-offene-bewerbung","url":"https:\/\/eve-techniek.nl\/de\/stellenangebote\/selbstaendige-und-oder-offene-bewerbung","name":"Selbst\u00e4ndige und\/oder offene Bewerbung - EVE Techniek","isPartOf":{"@id":"https:\/\/eve-techniek.nl\/#website"},"primaryImageOfPage":{"@id":"https:\/\/eve-techniek.nl\/de\/stellenangebote\/selbstaendige-und-oder-offene-bewerbung#primaryimage"},"image":{"@id":"https:\/\/eve-techniek.nl\/de\/stellenangebote\/selbstaendige-und-oder-offene-bewerbung#primaryimage"},"thumbnailUrl":"https:\/\/eve-techniek.nl\/wp-content\/uploads\/2024\/03\/pi_20160510_4502.jpg","datePublished":"2022-08-12T12:15:59+00:00","dateModified":"2023-03-28T15:24:54+00:00","breadcrumb":{"@id":"https:\/\/eve-techniek.nl\/de\/stellenangebote\/selbstaendige-und-oder-offene-bewerbung#breadcrumb"},"inLanguage":"de","potentialAction":[{"@type":"ReadAction","target":["https:\/\/eve-techniek.nl\/de\/stellenangebote\/selbstaendige-und-oder-offene-bewerbung"]}]},{"@type":"ImageObject","inLanguage":"de","@id":"https:\/\/eve-techniek.nl\/de\/stellenangebote\/selbstaendige-und-oder-offene-bewerbung#primaryimage","url":"https:\/\/eve-techniek.nl\/wp-content\/uploads\/2024\/03\/pi_20160510_4502.jpg","contentUrl":"https:\/\/eve-techniek.nl\/wp-content\/uploads\/2024\/03\/pi_20160510_4502.jpg","width":1024,"height":540},{"@type":"BreadcrumbList","@id":"https:\/\/eve-techniek.nl\/de\/stellenangebote\/selbstaendige-und-oder-offene-bewerbung#breadcrumb","itemListElement":[{"@type":"ListItem","position":1,"name":"Home","item":"https:\/\/eve-techniek.nl\/de\/home"},{"@type":"ListItem","position":2,"name":"Stellenangebote","item":"https:\/\/eve-techniek.nl\/de\/stellenangebote"},{"@type":"ListItem","position":3,"name":"Selbst\u00e4ndige und\/oder offene Bewerbung"}]},{"@type":"WebSite","@id":"https:\/\/eve-techniek.nl\/#website","url":"https:\/\/eve-techniek.nl\/","name":"EVE Techniek","description":"","potentialAction":[{"@type":"SearchAction","target":{"@type":"EntryPoint","urlTemplate":"https:\/\/eve-techniek.nl\/?s={search_term_string}"},"query-input":{"@type":"PropertyValueSpecification","valueRequired":true,"valueName":"search_term_string"}}],"inLanguage":"de"}]}},"_links":{"self":[{"href":"https:\/\/eve-techniek.nl\/de\/wp-json\/wp\/v2\/pages\/1202","targetHints":{"allow":["GET"]}}],"collection":[{"href":"https:\/\/eve-techniek.nl\/de\/wp-json\/wp\/v2\/pages"}],"about":[{"href":"https:\/\/eve-techniek.nl\/de\/wp-json\/wp\/v2\/types\/page"}],"author":[{"embeddable":true,"href":"https:\/\/eve-techniek.nl\/de\/wp-json\/wp\/v2\/users\/3"}],"replies":[{"embeddable":true,"href":"https:\/\/eve-techniek.nl\/de\/wp-json\/wp\/v2\/comments?post=1202"}],"version-history":[{"count":1,"href":"https:\/\/eve-techniek.nl\/de\/wp-json\/wp\/v2\/pages\/1202\/revisions"}],"predecessor-version":[{"id":1203,"href":"https:\/\/eve-techniek.nl\/de\/wp-json\/wp\/v2\/pages\/1202\/revisions\/1203"}],"up":[{"embeddable":true,"href":"https:\/\/eve-techniek.nl\/de\/wp-json\/wp\/v2\/pages\/863"}],"wp:featuredmedia":[{"embeddable":true,"href":"https:\/\/eve-techniek.nl\/de\/wp-json\/wp\/v2\/media\/1710"}],"wp:attachment":[{"href":"https:\/\/eve-techniek.nl\/de\/wp-json\/wp\/v2\/media?parent=1202"}],"curies":[{"name":"wp","href":"https:\/\/api.w.org\/{rel}","templated":true}]}}