{"id":1198,"date":"2022-08-12T14:13:59","date_gmt":"2022-08-12T12:13:59","guid":{"rendered":"https:\/\/eve-techniek.nl\/stellenangebote\/zeichner"},"modified":"2024-01-16T15:49:23","modified_gmt":"2024-01-16T14:49:23","slug":"zeichner","status":"publish","type":"page","link":"https:\/\/eve-techniek.nl\/de\/stellenangebote\/zeichner","title":{"rendered":"Zeichner"},"content":{"rendered":"\n<p>(Diese Stelle ist geschlossen)<br\/><\/p>\n\n<p>Um unsere Arbeit noch besser ausf\u00fchren zu k\u00f6nnen, suchen wir einen Inventor\/Autocad 3D Zeichner, mit Affinit\u00e4t im Agrarbereich. <\/p>\n\n<p>In dieser Position haben Sie die wichtige Rolle, das, was vom Kundenbetreuer oder dem Vertriebsteam entwickelt wurde, nach Erhalt der Bestellung in bearbeitbare Zeichnungen umzuwandeln.<br\/>Rohre in Gew\u00e4chsh\u00e4usern, Wassersilos, Kellern etc., keine Herausforderung ist Ihnen zu gro\u00df.<\/p>\n\n<p>Es gibt viel f\u00fcr Ideen und Beratung, um ein noch besseres Endprodukt liefern zu k\u00f6nnen.<br\/>Dar\u00fcber hinaus halten wir es f\u00fcr wichtig, dass Sie sich \u00fcber neue Entwicklungen in diesem Bereich auf dem Laufenden halten, beispielsweise durch Teilnahme an Schulungen.<\/p>\n\n<p>Es ist eine vielseitige Position, in der Sie durch angenehmen Kontakt und Beratung die Beziehung zum Kunden, Kollegen und anderen Baupartnern pflegen.<\/p>\n\n<h3 class=\"wp-block-heading\">Was wir fragen:<\/h3>\n\n<ul class=\"wp-block-list\">\n<li>MBO 3\/4 Ausbildung zum Technischen Zeichner \/ Arbeitsplaner<\/li>\n\n\n\n<li>Erfahrung mit technischem Zeichnen und Kenntnisse von Inventor<\/li>\n\n\n\n<li>Sie arbeiten gerne im Sales\/Project Team<\/li>\n\n\n\n<li>Affinit\u00e4t zu Agro \u2013 Elektro &amp; Wasser und Luft &amp; Heizung<\/li>\n<\/ul>\n\n<h3 class=\"wp-block-heading\">Unser Angebot:<\/h3>\n\n<ul class=\"wp-block-list\">\n<li>Abwechslungsreiche und herausfordernde T\u00e4tigkeit mit Raum f\u00fcr eigene Ideen und Input<\/li>\n\n\n\n<li>Feine Haupt- und Nebenbesch\u00e4ftigungsbedingungen wie: eine kollektive Rente, eine kollektive Unfallversicherung und ein 13. Monat.<\/li>\n\n\n\n<li>Ein guter Lohn; je nach Wissen und Erfahrung<\/li>\n\n\n\n<li>Wo es m\u00f6glich ist, ist das Arbeiten von zu Hause aus m\u00f6glich<\/li>\n<\/ul>\n\n<p>Wenn Sie Fragen haben, z\u00f6gern Sie nicht, uns per E-Mail oder telefonisch zu fragen<br\/>+31 524 745 003<br\/>Wir freuen uns auf Ihre Motivation und Ihren Lebenslauf.<br\/>Sie k\u00f6nnen dies senden an:<br\/>Frau. P. Evers \u2013 p.evers@eve-techniek.nl<br\/>Oder<br\/>EVE Techniek<br\/>zw. Frau. P. Evers<br\/>Heemst 4<br\/>7892 AL Klazienaveen, Niederlande<\/p>\n","protected":false},"excerpt":{"rendered":"<p>(Diese Stelle ist geschlossen) Um unsere Arbeit noch besser ausf\u00fchren zu k\u00f6nnen, suchen wir einen Inventor\/Autocad 3D Zeichner, mit Affinit\u00e4t im Agrarbereich. In dieser Position haben Sie die wichtige Rolle, das, was vom Kundenbetreuer oder dem Vertriebsteam entwickelt wurde, nach Erhalt der Bestellung in bearbeitbare Zeichnungen umzuwandeln.Rohre in Gew\u00e4chsh\u00e4usern, Wassersilos, Kellern etc., keine Herausforderung ist [&hellip;]<\/p>\n","protected":false},"author":3,"featured_media":0,"parent":863,"menu_order":3,"comment_status":"closed","ping_status":"closed","template":"","meta":{"_acf_changed":false,"footnotes":""},"class_list":["post-1198","page","type-page","status-publish","hentry"],"acf":[],"yoast_head":"<!-- This site is optimized with the Yoast SEO plugin v27.3 - https:\/\/yoast.com\/product\/yoast-seo-wordpress\/ -->\n<title>Zeichner - EVE Techniek<\/title>\n<meta name=\"robots\" content=\"index, follow, max-snippet:-1, max-image-preview:large, max-video-preview:-1\" \/>\n<link rel=\"canonical\" href=\"https:\/\/eve-techniek.nl\/de\/stellenangebote\/zeichner\" \/>\n<meta property=\"og:locale\" content=\"de_DE\" \/>\n<meta property=\"og:type\" content=\"article\" \/>\n<meta property=\"og:title\" content=\"Zeichner - EVE Techniek\" \/>\n<meta property=\"og:description\" content=\"(Diese Stelle ist geschlossen) Um unsere Arbeit noch besser ausf\u00fchren zu k\u00f6nnen, suchen wir einen Inventor\/Autocad 3D Zeichner, mit Affinit\u00e4t im Agrarbereich. In dieser Position haben Sie die wichtige Rolle, das, was vom Kundenbetreuer oder dem Vertriebsteam entwickelt wurde, nach Erhalt der Bestellung in bearbeitbare Zeichnungen umzuwandeln.Rohre in Gew\u00e4chsh\u00e4usern, Wassersilos, Kellern etc., keine Herausforderung ist [&hellip;]\" \/>\n<meta property=\"og:url\" content=\"https:\/\/eve-techniek.nl\/de\/stellenangebote\/zeichner\" \/>\n<meta property=\"og:site_name\" content=\"EVE Techniek\" \/>\n<meta property=\"article:modified_time\" content=\"2024-01-16T14:49:23+00:00\" \/>\n<meta name=\"twitter:card\" content=\"summary_large_image\" \/>\n<meta name=\"twitter:label1\" content=\"Gesch\u00e4tzte Lesezeit\" \/>\n\t<meta name=\"twitter:data1\" content=\"1\u00a0Minute\" \/>\n<script type=\"application\/ld+json\" class=\"yoast-schema-graph\">{\"@context\":\"https:\\\/\\\/schema.org\",\"@graph\":[{\"@type\":\"WebPage\",\"@id\":\"https:\\\/\\\/eve-techniek.nl\\\/de\\\/stellenangebote\\\/zeichner\",\"url\":\"https:\\\/\\\/eve-techniek.nl\\\/de\\\/stellenangebote\\\/zeichner\",\"name\":\"Zeichner - EVE Techniek\",\"isPartOf\":{\"@id\":\"https:\\\/\\\/eve-techniek.nl\\\/#website\"},\"datePublished\":\"2022-08-12T12:13:59+00:00\",\"dateModified\":\"2024-01-16T14:49:23+00:00\",\"breadcrumb\":{\"@id\":\"https:\\\/\\\/eve-techniek.nl\\\/de\\\/stellenangebote\\\/zeichner#breadcrumb\"},\"inLanguage\":\"de\",\"potentialAction\":[{\"@type\":\"ReadAction\",\"target\":[\"https:\\\/\\\/eve-techniek.nl\\\/de\\\/stellenangebote\\\/zeichner\"]}]},{\"@type\":\"BreadcrumbList\",\"@id\":\"https:\\\/\\\/eve-techniek.nl\\\/de\\\/stellenangebote\\\/zeichner#breadcrumb\",\"itemListElement\":[{\"@type\":\"ListItem\",\"position\":1,\"name\":\"Home\",\"item\":\"https:\\\/\\\/eve-techniek.nl\\\/de\\\/home\"},{\"@type\":\"ListItem\",\"position\":2,\"name\":\"Stellenangebote\",\"item\":\"https:\\\/\\\/eve-techniek.nl\\\/de\\\/stellenangebote\"},{\"@type\":\"ListItem\",\"position\":3,\"name\":\"Zeichner\"}]},{\"@type\":\"WebSite\",\"@id\":\"https:\\\/\\\/eve-techniek.nl\\\/#website\",\"url\":\"https:\\\/\\\/eve-techniek.nl\\\/\",\"name\":\"EVE Techniek\",\"description\":\"\",\"potentialAction\":[{\"@type\":\"SearchAction\",\"target\":{\"@type\":\"EntryPoint\",\"urlTemplate\":\"https:\\\/\\\/eve-techniek.nl\\\/?s={search_term_string}\"},\"query-input\":{\"@type\":\"PropertyValueSpecification\",\"valueRequired\":true,\"valueName\":\"search_term_string\"}}],\"inLanguage\":\"de\"}]}<\/script>\n<!-- \/ Yoast SEO plugin. -->","yoast_head_json":{"title":"Zeichner - EVE Techniek","robots":{"index":"index","follow":"follow","max-snippet":"max-snippet:-1","max-image-preview":"max-image-preview:large","max-video-preview":"max-video-preview:-1"},"canonical":"https:\/\/eve-techniek.nl\/de\/stellenangebote\/zeichner","og_locale":"de_DE","og_type":"article","og_title":"Zeichner - EVE Techniek","og_description":"(Diese Stelle ist geschlossen) Um unsere Arbeit noch besser ausf\u00fchren zu k\u00f6nnen, suchen wir einen Inventor\/Autocad 3D Zeichner, mit Affinit\u00e4t im Agrarbereich. In dieser Position haben Sie die wichtige Rolle, das, was vom Kundenbetreuer oder dem Vertriebsteam entwickelt wurde, nach Erhalt der Bestellung in bearbeitbare Zeichnungen umzuwandeln.Rohre in Gew\u00e4chsh\u00e4usern, Wassersilos, Kellern etc., keine Herausforderung ist [&hellip;]","og_url":"https:\/\/eve-techniek.nl\/de\/stellenangebote\/zeichner","og_site_name":"EVE Techniek","article_modified_time":"2024-01-16T14:49:23+00:00","twitter_card":"summary_large_image","twitter_misc":{"Gesch\u00e4tzte Lesezeit":"1\u00a0Minute"},"schema":{"@context":"https:\/\/schema.org","@graph":[{"@type":"WebPage","@id":"https:\/\/eve-techniek.nl\/de\/stellenangebote\/zeichner","url":"https:\/\/eve-techniek.nl\/de\/stellenangebote\/zeichner","name":"Zeichner - EVE Techniek","isPartOf":{"@id":"https:\/\/eve-techniek.nl\/#website"},"datePublished":"2022-08-12T12:13:59+00:00","dateModified":"2024-01-16T14:49:23+00:00","breadcrumb":{"@id":"https:\/\/eve-techniek.nl\/de\/stellenangebote\/zeichner#breadcrumb"},"inLanguage":"de","potentialAction":[{"@type":"ReadAction","target":["https:\/\/eve-techniek.nl\/de\/stellenangebote\/zeichner"]}]},{"@type":"BreadcrumbList","@id":"https:\/\/eve-techniek.nl\/de\/stellenangebote\/zeichner#breadcrumb","itemListElement":[{"@type":"ListItem","position":1,"name":"Home","item":"https:\/\/eve-techniek.nl\/de\/home"},{"@type":"ListItem","position":2,"name":"Stellenangebote","item":"https:\/\/eve-techniek.nl\/de\/stellenangebote"},{"@type":"ListItem","position":3,"name":"Zeichner"}]},{"@type":"WebSite","@id":"https:\/\/eve-techniek.nl\/#website","url":"https:\/\/eve-techniek.nl\/","name":"EVE Techniek","description":"","potentialAction":[{"@type":"SearchAction","target":{"@type":"EntryPoint","urlTemplate":"https:\/\/eve-techniek.nl\/?s={search_term_string}"},"query-input":{"@type":"PropertyValueSpecification","valueRequired":true,"valueName":"search_term_string"}}],"inLanguage":"de"}]}},"_links":{"self":[{"href":"https:\/\/eve-techniek.nl\/de\/wp-json\/wp\/v2\/pages\/1198","targetHints":{"allow":["GET"]}}],"collection":[{"href":"https:\/\/eve-techniek.nl\/de\/wp-json\/wp\/v2\/pages"}],"about":[{"href":"https:\/\/eve-techniek.nl\/de\/wp-json\/wp\/v2\/types\/page"}],"author":[{"embeddable":true,"href":"https:\/\/eve-techniek.nl\/de\/wp-json\/wp\/v2\/users\/3"}],"replies":[{"embeddable":true,"href":"https:\/\/eve-techniek.nl\/de\/wp-json\/wp\/v2\/comments?post=1198"}],"version-history":[{"count":4,"href":"https:\/\/eve-techniek.nl\/de\/wp-json\/wp\/v2\/pages\/1198\/revisions"}],"predecessor-version":[{"id":1636,"href":"https:\/\/eve-techniek.nl\/de\/wp-json\/wp\/v2\/pages\/1198\/revisions\/1636"}],"up":[{"embeddable":true,"href":"https:\/\/eve-techniek.nl\/de\/wp-json\/wp\/v2\/pages\/863"}],"wp:attachment":[{"href":"https:\/\/eve-techniek.nl\/de\/wp-json\/wp\/v2\/media?parent=1198"}],"curies":[{"name":"wp","href":"https:\/\/api.w.org\/{rel}","templated":true}]}}