{"id":1188,"date":"2022-08-12T14:10:38","date_gmt":"2022-08-12T12:10:38","guid":{"rendered":"https:\/\/eve-techniek.nl\/stellenangebote\/erst-und-zweitinstallateur-installationstechnik"},"modified":"2024-03-15T15:04:55","modified_gmt":"2024-03-15T14:04:55","slug":"erst-und-zweitinstallateur-installationstechnik","status":"publish","type":"page","link":"https:\/\/eve-techniek.nl\/de\/stellenangebote\/erst-und-zweitinstallateur-installationstechnik","title":{"rendered":"Erst- und Zweitinstallateur-Installationstechnik"},"content":{"rendered":"\n<h1 class=\"wp-block-heading\"><\/h1>\n\n<p>Sie sind begeisterter Techniker mit Erfahrung in der Installationstechnik? Bei EVE Techniek suchen wir sowohl Erst- als auch Zweittechniker zur Verst\u00e4rkung unseres Teams. Egal, ob Sie gerne selbstst\u00e4ndig arbeiten oder gerne Verantwortung \u00fcbernehmen, bei uns ist f\u00fcr jeden etwas dabei. Schauen wir uns also an, was diese Funktionen beinhalten!<\/p>\n\n<h3 class=\"wp-block-heading\"><\/h3>\n\n<p>Als Erster Techniker sind Sie f\u00fcr verschiedene elektro-, wasser- und klimatechnische Arbeiten an Anlagen bei unseren Kunden verantwortlich, darunter auch in der Gew\u00e4chshaus-Gartenbautechnik. Sie gehen eigenst\u00e4ndig f\u00fcr verschiedene Montagearbeiten an Projekten und Auftr\u00e4gen vor.<br\/>Bei Deiner T\u00e4tigkeit installierst und reparierst Du haupts\u00e4chlich Anlagen im Bereich der Elektro-, Wasser- und Klimatechnik. Aber das ist noch nicht alles! Als Erster Ingenieur behalten Sie au\u00dferdem den \u00dcberblick \u00fcber Projekte, fungieren als Teamleiter und halten den Kontakt zum Projektleiter und zur Arbeitsvorbereitung aufrecht.<\/p>\n\n<h3 class=\"wp-block-heading\"><\/h3>\n\n<p>Als zweiter Mechaniker sind Sie die rechte Hand \u2013 manchmal auch die linke Hand \u2013 des ersten Mechanikers oder Allround-Mechanikers. Du unterst\u00fctzt sie bei ihren Aufgaben und kannst auch selbstst\u00e4ndig arbeiten. Gemeinsam sorgen Sie daf\u00fcr, dass Projekte reibungslos ablaufen und Installationen termingerecht repariert werden.<\/p>\n\n<h3 class=\"wp-block-heading\"><\/h3>\n\n<p>Bei EVE Techniek bieten wir Ihnen einen abwechslungsreichen und herausfordernden Job als Erster oder Zweiter Techniker. Sehen Sie die M\u00f6glichkeit, Ihre eigenen Ideen und Beitr\u00e4ge einzubringen. Dar\u00fcber hinaus k\u00f6nnen Sie mit hervorragenden Haupt- und Nebenanstellungsbedingungen wie einer kollektiven Rente, einer kollektiven Unfallversicherung, einer Aufwandsentsch\u00e4digung und einem 13. Monat rechnen. Selbstverst\u00e4ndlich erhalten Sie auch ein gutes Gehalt, das von Ihren Kenntnissen und Erfahrungen abh\u00e4ngt.<\/p>\n\n<p>Damit Sie Ihre Arbeit ordnungsgem\u00e4\u00df erledigen k\u00f6nnen, stellen wir Ihnen einen sch\u00f6nen Bus zur Verf\u00fcgung, der mit allen notwendigen Materialien gef\u00fcllt ist. F\u00fcr die gesch\u00e4ftliche Nutzung stellen wir Ihnen au\u00dferdem einen Laptop und ein Telefon zur Verf\u00fcgung.<\/p>\n\n<h3 class=\"wp-block-heading\"><\/h3>\n\n<p>Sind Sie bereit f\u00fcr diese herausfordernde Position als erster oder zweiter Techniker bei EVE Techniek? Dann schicken Sie schnell Ihr Motivationsschreiben und Ihren Lebenslauf an Frau. P. Evers \u00fcber p.evers@eve-techniek.nl oder per Post an die folgende Adresse: EVE Techniek, z. Hd. Frau P. Evers, Ecu 2, 8305 BA Emmeloord (Gesch\u00e4ftsb\u00fcro \u2013 Sie arbeiten in unserem Geb\u00e4ude in Heemst 4 in Klazienaveen).<\/p>\n\n<p>Sie haben Fragen zur Stelle? Bitte z\u00f6gern Sie nicht, uns per E-Mail oder Telefon zu kontaktieren. Unsere begeisterten Mitarbeiter beantworten gerne alle Ihre Fragen.<\/p>\n\n<p>Wir freuen uns auf Ihre Bewerbung!<\/p>\n\n<p><strong>Bitte beachten Sie: Eine Akquise aufgrund unserer offenen Stellen ist nicht erw\u00fcnscht.<\/strong><\/p>\n\n<p><br\/><\/p>\n","protected":false},"excerpt":{"rendered":"<p>Sie sind begeisterter Techniker mit Erfahrung in der Installationstechnik? Bei EVE Techniek suchen wir sowohl Erst- als auch Zweittechniker zur Verst\u00e4rkung unseres Teams. Egal, ob Sie gerne selbstst\u00e4ndig arbeiten oder gerne Verantwortung \u00fcbernehmen, bei uns ist f\u00fcr jeden etwas dabei. Schauen wir uns also an, was diese Funktionen beinhalten! Als Erster Techniker sind Sie f\u00fcr [&hellip;]<\/p>\n","protected":false},"author":3,"featured_media":1713,"parent":863,"menu_order":7,"comment_status":"closed","ping_status":"closed","template":"","meta":{"_acf_changed":false,"footnotes":""},"class_list":["post-1188","page","type-page","status-publish","has-post-thumbnail","hentry"],"acf":[],"yoast_head":"<!-- This site is optimized with the Yoast SEO plugin v27.3 - https:\/\/yoast.com\/product\/yoast-seo-wordpress\/ -->\n<title>Erst- und Zweitinstallateur-Installationstechnik - EVE Techniek<\/title>\n<meta name=\"robots\" content=\"index, follow, max-snippet:-1, max-image-preview:large, max-video-preview:-1\" \/>\n<link rel=\"canonical\" href=\"https:\/\/eve-techniek.nl\/de\/stellenangebote\/erst-und-zweitinstallateur-installationstechnik\" \/>\n<meta property=\"og:locale\" content=\"de_DE\" \/>\n<meta property=\"og:type\" content=\"article\" \/>\n<meta property=\"og:title\" content=\"Erst- und Zweitinstallateur-Installationstechnik - EVE Techniek\" \/>\n<meta property=\"og:description\" content=\"Sie sind begeisterter Techniker mit Erfahrung in der Installationstechnik? Bei EVE Techniek suchen wir sowohl Erst- als auch Zweittechniker zur Verst\u00e4rkung unseres Teams. Egal, ob Sie gerne selbstst\u00e4ndig arbeiten oder gerne Verantwortung \u00fcbernehmen, bei uns ist f\u00fcr jeden etwas dabei. Schauen wir uns also an, was diese Funktionen beinhalten! Als Erster Techniker sind Sie f\u00fcr [&hellip;]\" \/>\n<meta property=\"og:url\" content=\"https:\/\/eve-techniek.nl\/de\/stellenangebote\/erst-und-zweitinstallateur-installationstechnik\" \/>\n<meta property=\"og:site_name\" content=\"EVE Techniek\" \/>\n<meta property=\"article:modified_time\" content=\"2024-03-15T14:04:55+00:00\" \/>\n<meta property=\"og:image\" content=\"https:\/\/eve-techniek.nl\/wp-content\/uploads\/2024\/03\/pi_20160908_0213.jpg\" \/>\n\t<meta property=\"og:image:width\" content=\"1024\" \/>\n\t<meta property=\"og:image:height\" content=\"540\" \/>\n\t<meta property=\"og:image:type\" content=\"image\/jpeg\" \/>\n<meta name=\"twitter:card\" content=\"summary_large_image\" \/>\n<meta name=\"twitter:label1\" content=\"Gesch\u00e4tzte Lesezeit\" \/>\n\t<meta name=\"twitter:data1\" content=\"2\u00a0Minuten\" \/>\n<script type=\"application\/ld+json\" class=\"yoast-schema-graph\">{\"@context\":\"https:\\\/\\\/schema.org\",\"@graph\":[{\"@type\":\"WebPage\",\"@id\":\"https:\\\/\\\/eve-techniek.nl\\\/de\\\/stellenangebote\\\/erst-und-zweitinstallateur-installationstechnik\",\"url\":\"https:\\\/\\\/eve-techniek.nl\\\/de\\\/stellenangebote\\\/erst-und-zweitinstallateur-installationstechnik\",\"name\":\"Erst- und Zweitinstallateur-Installationstechnik - EVE Techniek\",\"isPartOf\":{\"@id\":\"https:\\\/\\\/eve-techniek.nl\\\/#website\"},\"primaryImageOfPage\":{\"@id\":\"https:\\\/\\\/eve-techniek.nl\\\/de\\\/stellenangebote\\\/erst-und-zweitinstallateur-installationstechnik#primaryimage\"},\"image\":{\"@id\":\"https:\\\/\\\/eve-techniek.nl\\\/de\\\/stellenangebote\\\/erst-und-zweitinstallateur-installationstechnik#primaryimage\"},\"thumbnailUrl\":\"https:\\\/\\\/eve-techniek.nl\\\/wp-content\\\/uploads\\\/2024\\\/03\\\/pi_20160908_0213.jpg\",\"datePublished\":\"2022-08-12T12:10:38+00:00\",\"dateModified\":\"2024-03-15T14:04:55+00:00\",\"breadcrumb\":{\"@id\":\"https:\\\/\\\/eve-techniek.nl\\\/de\\\/stellenangebote\\\/erst-und-zweitinstallateur-installationstechnik#breadcrumb\"},\"inLanguage\":\"de\",\"potentialAction\":[{\"@type\":\"ReadAction\",\"target\":[\"https:\\\/\\\/eve-techniek.nl\\\/de\\\/stellenangebote\\\/erst-und-zweitinstallateur-installationstechnik\"]}]},{\"@type\":\"ImageObject\",\"inLanguage\":\"de\",\"@id\":\"https:\\\/\\\/eve-techniek.nl\\\/de\\\/stellenangebote\\\/erst-und-zweitinstallateur-installationstechnik#primaryimage\",\"url\":\"https:\\\/\\\/eve-techniek.nl\\\/wp-content\\\/uploads\\\/2024\\\/03\\\/pi_20160908_0213.jpg\",\"contentUrl\":\"https:\\\/\\\/eve-techniek.nl\\\/wp-content\\\/uploads\\\/2024\\\/03\\\/pi_20160908_0213.jpg\",\"width\":1024,\"height\":540},{\"@type\":\"BreadcrumbList\",\"@id\":\"https:\\\/\\\/eve-techniek.nl\\\/de\\\/stellenangebote\\\/erst-und-zweitinstallateur-installationstechnik#breadcrumb\",\"itemListElement\":[{\"@type\":\"ListItem\",\"position\":1,\"name\":\"Home\",\"item\":\"https:\\\/\\\/eve-techniek.nl\\\/de\\\/home\"},{\"@type\":\"ListItem\",\"position\":2,\"name\":\"Stellenangebote\",\"item\":\"https:\\\/\\\/eve-techniek.nl\\\/de\\\/stellenangebote\"},{\"@type\":\"ListItem\",\"position\":3,\"name\":\"Erst- und Zweitinstallateur-Installationstechnik\"}]},{\"@type\":\"WebSite\",\"@id\":\"https:\\\/\\\/eve-techniek.nl\\\/#website\",\"url\":\"https:\\\/\\\/eve-techniek.nl\\\/\",\"name\":\"EVE Techniek\",\"description\":\"\",\"potentialAction\":[{\"@type\":\"SearchAction\",\"target\":{\"@type\":\"EntryPoint\",\"urlTemplate\":\"https:\\\/\\\/eve-techniek.nl\\\/?s={search_term_string}\"},\"query-input\":{\"@type\":\"PropertyValueSpecification\",\"valueRequired\":true,\"valueName\":\"search_term_string\"}}],\"inLanguage\":\"de\"}]}<\/script>\n<!-- \/ Yoast SEO plugin. -->","yoast_head_json":{"title":"Erst- und Zweitinstallateur-Installationstechnik - EVE Techniek","robots":{"index":"index","follow":"follow","max-snippet":"max-snippet:-1","max-image-preview":"max-image-preview:large","max-video-preview":"max-video-preview:-1"},"canonical":"https:\/\/eve-techniek.nl\/de\/stellenangebote\/erst-und-zweitinstallateur-installationstechnik","og_locale":"de_DE","og_type":"article","og_title":"Erst- und Zweitinstallateur-Installationstechnik - EVE Techniek","og_description":"Sie sind begeisterter Techniker mit Erfahrung in der Installationstechnik? Bei EVE Techniek suchen wir sowohl Erst- als auch Zweittechniker zur Verst\u00e4rkung unseres Teams. Egal, ob Sie gerne selbstst\u00e4ndig arbeiten oder gerne Verantwortung \u00fcbernehmen, bei uns ist f\u00fcr jeden etwas dabei. Schauen wir uns also an, was diese Funktionen beinhalten! Als Erster Techniker sind Sie f\u00fcr [&hellip;]","og_url":"https:\/\/eve-techniek.nl\/de\/stellenangebote\/erst-und-zweitinstallateur-installationstechnik","og_site_name":"EVE Techniek","article_modified_time":"2024-03-15T14:04:55+00:00","og_image":[{"width":1024,"height":540,"url":"https:\/\/eve-techniek.nl\/wp-content\/uploads\/2024\/03\/pi_20160908_0213.jpg","type":"image\/jpeg"}],"twitter_card":"summary_large_image","twitter_misc":{"Gesch\u00e4tzte Lesezeit":"2\u00a0Minuten"},"schema":{"@context":"https:\/\/schema.org","@graph":[{"@type":"WebPage","@id":"https:\/\/eve-techniek.nl\/de\/stellenangebote\/erst-und-zweitinstallateur-installationstechnik","url":"https:\/\/eve-techniek.nl\/de\/stellenangebote\/erst-und-zweitinstallateur-installationstechnik","name":"Erst- und Zweitinstallateur-Installationstechnik - EVE Techniek","isPartOf":{"@id":"https:\/\/eve-techniek.nl\/#website"},"primaryImageOfPage":{"@id":"https:\/\/eve-techniek.nl\/de\/stellenangebote\/erst-und-zweitinstallateur-installationstechnik#primaryimage"},"image":{"@id":"https:\/\/eve-techniek.nl\/de\/stellenangebote\/erst-und-zweitinstallateur-installationstechnik#primaryimage"},"thumbnailUrl":"https:\/\/eve-techniek.nl\/wp-content\/uploads\/2024\/03\/pi_20160908_0213.jpg","datePublished":"2022-08-12T12:10:38+00:00","dateModified":"2024-03-15T14:04:55+00:00","breadcrumb":{"@id":"https:\/\/eve-techniek.nl\/de\/stellenangebote\/erst-und-zweitinstallateur-installationstechnik#breadcrumb"},"inLanguage":"de","potentialAction":[{"@type":"ReadAction","target":["https:\/\/eve-techniek.nl\/de\/stellenangebote\/erst-und-zweitinstallateur-installationstechnik"]}]},{"@type":"ImageObject","inLanguage":"de","@id":"https:\/\/eve-techniek.nl\/de\/stellenangebote\/erst-und-zweitinstallateur-installationstechnik#primaryimage","url":"https:\/\/eve-techniek.nl\/wp-content\/uploads\/2024\/03\/pi_20160908_0213.jpg","contentUrl":"https:\/\/eve-techniek.nl\/wp-content\/uploads\/2024\/03\/pi_20160908_0213.jpg","width":1024,"height":540},{"@type":"BreadcrumbList","@id":"https:\/\/eve-techniek.nl\/de\/stellenangebote\/erst-und-zweitinstallateur-installationstechnik#breadcrumb","itemListElement":[{"@type":"ListItem","position":1,"name":"Home","item":"https:\/\/eve-techniek.nl\/de\/home"},{"@type":"ListItem","position":2,"name":"Stellenangebote","item":"https:\/\/eve-techniek.nl\/de\/stellenangebote"},{"@type":"ListItem","position":3,"name":"Erst- und Zweitinstallateur-Installationstechnik"}]},{"@type":"WebSite","@id":"https:\/\/eve-techniek.nl\/#website","url":"https:\/\/eve-techniek.nl\/","name":"EVE Techniek","description":"","potentialAction":[{"@type":"SearchAction","target":{"@type":"EntryPoint","urlTemplate":"https:\/\/eve-techniek.nl\/?s={search_term_string}"},"query-input":{"@type":"PropertyValueSpecification","valueRequired":true,"valueName":"search_term_string"}}],"inLanguage":"de"}]}},"_links":{"self":[{"href":"https:\/\/eve-techniek.nl\/de\/wp-json\/wp\/v2\/pages\/1188","targetHints":{"allow":["GET"]}}],"collection":[{"href":"https:\/\/eve-techniek.nl\/de\/wp-json\/wp\/v2\/pages"}],"about":[{"href":"https:\/\/eve-techniek.nl\/de\/wp-json\/wp\/v2\/types\/page"}],"author":[{"embeddable":true,"href":"https:\/\/eve-techniek.nl\/de\/wp-json\/wp\/v2\/users\/3"}],"replies":[{"embeddable":true,"href":"https:\/\/eve-techniek.nl\/de\/wp-json\/wp\/v2\/comments?post=1188"}],"version-history":[{"count":11,"href":"https:\/\/eve-techniek.nl\/de\/wp-json\/wp\/v2\/pages\/1188\/revisions"}],"predecessor-version":[{"id":1681,"href":"https:\/\/eve-techniek.nl\/de\/wp-json\/wp\/v2\/pages\/1188\/revisions\/1681"}],"up":[{"embeddable":true,"href":"https:\/\/eve-techniek.nl\/de\/wp-json\/wp\/v2\/pages\/863"}],"wp:featuredmedia":[{"embeddable":true,"href":"https:\/\/eve-techniek.nl\/de\/wp-json\/wp\/v2\/media\/1713"}],"wp:attachment":[{"href":"https:\/\/eve-techniek.nl\/de\/wp-json\/wp\/v2\/media?parent=1188"}],"curies":[{"name":"wp","href":"https:\/\/api.w.org\/{rel}","templated":true}]}}