{"id":1174,"date":"2022-08-08T13:20:41","date_gmt":"2022-08-08T11:20:41","guid":{"rendered":"https:\/\/eve-techniek.nl\/stellenangebote\/servicetechniker"},"modified":"2024-01-16T14:14:15","modified_gmt":"2024-01-16T13:14:15","slug":"servicetechniker","status":"publish","type":"page","link":"https:\/\/eve-techniek.nl\/de\/stellenangebote\/servicetechniker","title":{"rendered":"Servicetechniker"},"content":{"rendered":"\n<p class=\"has-medium-font-size\">Der Servicetechniker: Experte f\u00fcr Installationstechnik<\/p>\n\n<p>Als Servicetechniker sind Sie ein echter Experte auf dem Gebiet der Installationstechnik. Keine Installation birgt Geheimnisse f\u00fcr Sie. Ihr Wissen und Ihre Erfahrung machen Sie zum idealen Kandidaten f\u00fcr diese herausfordernde Position.<\/p>\n\n<p>Zur Erweiterung unseres Teams suchen wir aktuell mehrere Servicetechniker. In dieser Rolle sind Sie f\u00fcr verschiedene T\u00e4tigkeiten innerhalb der Elektro-, Wasser- und Klimainstallationen unserer Kunden verantwortlich, insbesondere im Bereich Gew\u00e4chshausgartenbau.<\/p>\n\n<p>Als Servicetechniker identifizieren Sie selbstst\u00e4ndig technische Probleme und entwickeln smarte L\u00f6sungen zu deren L\u00f6sung. Dar\u00fcber hinaus ist es wichtig, dass Sie die Installationen regelm\u00e4\u00dfig warten, sowohl auf elektrischer als auch auf wasser- und klimatechnischer Ebene. Sie \u00fcbernehmen eine Signalfunktion f\u00fcr Innovationen, damit die Anlagen stets optimal funktionieren. Da es zu jeder Tageszeit zu St\u00f6rungen kommen kann, nehmen Sie auch an periodischen Bereitschaftsdiensten teil.<\/p>\n\n<p>Zus\u00e4tzlich zu diesen wichtigen Aufgaben m\u00fcssen Sie auch Neuinstallationen in Betrieb nehmen. Das macht Ihre Position als Servicetechniker besonders vielseitig und herausfordernd.<\/p>\n\n<p>Um in dieser Rolle erfolgreich zu sein, ben\u00f6tigen wir mindestens eine abgeschlossene MBO3-Ausbildung und\/oder einschl\u00e4gige Berufserfahrung. Dar\u00fcber hinaus erwarten wir von Ihnen ein kundenfreundliches und serviceorientiertes Auftreten, denn Sie haben h\u00e4ufigen Kontakt zu unseren Kunden. Sie m\u00fcssen bereit sein, zus\u00e4tzliche Schulungen und Schulungen zu absolvieren, beispielsweise die Priva-Schulung. Auch gute Kommunikationsf\u00e4higkeiten sind in dieser Position sehr wichtig. Sie m\u00fcssen au\u00dferdem reisewillig sein und \u00fcber einen g\u00fcltigen F\u00fchrerschein verf\u00fcgen.<\/p>\n\n<p>Wir bieten Ihnen eine abwechslungsreiche und herausfordernde T\u00e4tigkeit, bei der Sie Raum f\u00fcr Ihre eigenen Ideen und Inputs haben. Dar\u00fcber hinaus k\u00f6nnen Sie mit attraktiven Haupt- und Nebenanstellungsbedingungen rechnen, darunter einer kollektiven Rente, einer kollektiven Unfallversicherung und einem 13. Monat. Das Gehalt richtet sich nach Ihren Kenntnissen und Erfahrungen. Damit Sie ausgeruht auf die Stra\u00dfe gehen k\u00f6nnen, stellen wir Ihnen einen sch\u00f6nen Bus zur Verf\u00fcgung, der gut mit dem n\u00f6tigen Werkzeug ausgestattet ist. F\u00fcr ein effizientes Arbeiten erhalten Sie au\u00dferdem einen Firmenlaptop und ein Telefon.<\/p>\n\n<p>Wenn Sie Fragen zur Stelle oder zu unserem Unternehmen haben, kontaktieren Sie uns bitte per E-Mail oder Telefon unter +31 682 464 279 (dienstags und freitags erreichbar oder hinterlassen Sie gerne eine Nachricht). Wir sind gespannt auf Ihr Motivationsschreiben und Ihren Lebenslauf.<\/p>\n\n<p>Diese Unterlagen k\u00f6nnen Sie an Frau senden. P. Evers \u2013 p.evers@eve-techniek.nl oder per Post an EVE Techniek B.V., z. Hd. Frau P. Evers, Heemst 4, 7892 AL Klazienaveen.<\/p>\n\n<p>Werden Sie unser neuer Servicetechniker? Zeigen Sie uns, was Sie zu bieten haben und vielleicht hei\u00dfen wir Sie schon bald in unserem Team willkommen!<\/p>\n\n<p>Akquise als Reaktion auf unsere offenen Stellen ist nicht erw\u00fcnscht.<\/p>\n\n<p> <br\/><\/p>\n","protected":false},"excerpt":{"rendered":"<p>Der Servicetechniker: Experte f\u00fcr Installationstechnik Als Servicetechniker sind Sie ein echter Experte auf dem Gebiet der Installationstechnik. Keine Installation birgt Geheimnisse f\u00fcr Sie. Ihr Wissen und Ihre Erfahrung machen Sie zum idealen Kandidaten f\u00fcr diese herausfordernde Position. Zur Erweiterung unseres Teams suchen wir aktuell mehrere Servicetechniker. In dieser Rolle sind Sie f\u00fcr verschiedene T\u00e4tigkeiten innerhalb [&hellip;]<\/p>\n","protected":false},"author":3,"featured_media":609,"parent":863,"menu_order":4,"comment_status":"closed","ping_status":"closed","template":"","meta":{"_acf_changed":false,"footnotes":""},"class_list":["post-1174","page","type-page","status-publish","has-post-thumbnail","hentry"],"acf":[],"yoast_head":"<!-- This site is optimized with the Yoast SEO plugin v27.3 - https:\/\/yoast.com\/product\/yoast-seo-wordpress\/ -->\n<title>Servicetechniker - EVE Techniek<\/title>\n<meta name=\"robots\" content=\"index, follow, max-snippet:-1, max-image-preview:large, max-video-preview:-1\" \/>\n<link rel=\"canonical\" href=\"https:\/\/eve-techniek.nl\/de\/stellenangebote\/servicetechniker\" \/>\n<meta property=\"og:locale\" content=\"de_DE\" \/>\n<meta property=\"og:type\" content=\"article\" \/>\n<meta property=\"og:title\" content=\"Servicetechniker - EVE Techniek\" \/>\n<meta property=\"og:description\" content=\"Der Servicetechniker: Experte f\u00fcr Installationstechnik Als Servicetechniker sind Sie ein echter Experte auf dem Gebiet der Installationstechnik. Keine Installation birgt Geheimnisse f\u00fcr Sie. Ihr Wissen und Ihre Erfahrung machen Sie zum idealen Kandidaten f\u00fcr diese herausfordernde Position. Zur Erweiterung unseres Teams suchen wir aktuell mehrere Servicetechniker. In dieser Rolle sind Sie f\u00fcr verschiedene T\u00e4tigkeiten innerhalb [&hellip;]\" \/>\n<meta property=\"og:url\" content=\"https:\/\/eve-techniek.nl\/de\/stellenangebote\/servicetechniker\" \/>\n<meta property=\"og:site_name\" content=\"EVE Techniek\" \/>\n<meta property=\"article:modified_time\" content=\"2024-01-16T13:14:15+00:00\" \/>\n<meta name=\"twitter:card\" content=\"summary_large_image\" \/>\n<meta name=\"twitter:label1\" content=\"Gesch\u00e4tzte Lesezeit\" \/>\n\t<meta name=\"twitter:data1\" content=\"2\u00a0Minuten\" \/>\n<script type=\"application\/ld+json\" class=\"yoast-schema-graph\">{\"@context\":\"https:\\\/\\\/schema.org\",\"@graph\":[{\"@type\":\"WebPage\",\"@id\":\"https:\\\/\\\/eve-techniek.nl\\\/de\\\/stellenangebote\\\/servicetechniker\",\"url\":\"https:\\\/\\\/eve-techniek.nl\\\/de\\\/stellenangebote\\\/servicetechniker\",\"name\":\"Servicetechniker - EVE Techniek\",\"isPartOf\":{\"@id\":\"https:\\\/\\\/eve-techniek.nl\\\/#website\"},\"primaryImageOfPage\":{\"@id\":\"https:\\\/\\\/eve-techniek.nl\\\/de\\\/stellenangebote\\\/servicetechniker#primaryimage\"},\"image\":{\"@id\":\"https:\\\/\\\/eve-techniek.nl\\\/de\\\/stellenangebote\\\/servicetechniker#primaryimage\"},\"thumbnailUrl\":\"https:\\\/\\\/eve-techniek.nl\\\/wp-content\\\/uploads\\\/2018\\\/06\\\/foto20paprikakas-e1710511026721.jpg\",\"datePublished\":\"2022-08-08T11:20:41+00:00\",\"dateModified\":\"2024-01-16T13:14:15+00:00\",\"breadcrumb\":{\"@id\":\"https:\\\/\\\/eve-techniek.nl\\\/de\\\/stellenangebote\\\/servicetechniker#breadcrumb\"},\"inLanguage\":\"de\",\"potentialAction\":[{\"@type\":\"ReadAction\",\"target\":[\"https:\\\/\\\/eve-techniek.nl\\\/de\\\/stellenangebote\\\/servicetechniker\"]}]},{\"@type\":\"ImageObject\",\"inLanguage\":\"de\",\"@id\":\"https:\\\/\\\/eve-techniek.nl\\\/de\\\/stellenangebote\\\/servicetechniker#primaryimage\",\"url\":\"https:\\\/\\\/eve-techniek.nl\\\/wp-content\\\/uploads\\\/2018\\\/06\\\/foto20paprikakas-e1710511026721.jpg\",\"contentUrl\":\"https:\\\/\\\/eve-techniek.nl\\\/wp-content\\\/uploads\\\/2018\\\/06\\\/foto20paprikakas-e1710511026721.jpg\",\"width\":2000,\"height\":700},{\"@type\":\"BreadcrumbList\",\"@id\":\"https:\\\/\\\/eve-techniek.nl\\\/de\\\/stellenangebote\\\/servicetechniker#breadcrumb\",\"itemListElement\":[{\"@type\":\"ListItem\",\"position\":1,\"name\":\"Home\",\"item\":\"https:\\\/\\\/eve-techniek.nl\\\/de\\\/home\"},{\"@type\":\"ListItem\",\"position\":2,\"name\":\"Stellenangebote\",\"item\":\"https:\\\/\\\/eve-techniek.nl\\\/de\\\/stellenangebote\"},{\"@type\":\"ListItem\",\"position\":3,\"name\":\"Servicetechniker\"}]},{\"@type\":\"WebSite\",\"@id\":\"https:\\\/\\\/eve-techniek.nl\\\/#website\",\"url\":\"https:\\\/\\\/eve-techniek.nl\\\/\",\"name\":\"EVE Techniek\",\"description\":\"\",\"potentialAction\":[{\"@type\":\"SearchAction\",\"target\":{\"@type\":\"EntryPoint\",\"urlTemplate\":\"https:\\\/\\\/eve-techniek.nl\\\/?s={search_term_string}\"},\"query-input\":{\"@type\":\"PropertyValueSpecification\",\"valueRequired\":true,\"valueName\":\"search_term_string\"}}],\"inLanguage\":\"de\"}]}<\/script>\n<!-- \/ Yoast SEO plugin. -->","yoast_head_json":{"title":"Servicetechniker - EVE Techniek","robots":{"index":"index","follow":"follow","max-snippet":"max-snippet:-1","max-image-preview":"max-image-preview:large","max-video-preview":"max-video-preview:-1"},"canonical":"https:\/\/eve-techniek.nl\/de\/stellenangebote\/servicetechniker","og_locale":"de_DE","og_type":"article","og_title":"Servicetechniker - EVE Techniek","og_description":"Der Servicetechniker: Experte f\u00fcr Installationstechnik Als Servicetechniker sind Sie ein echter Experte auf dem Gebiet der Installationstechnik. Keine Installation birgt Geheimnisse f\u00fcr Sie. Ihr Wissen und Ihre Erfahrung machen Sie zum idealen Kandidaten f\u00fcr diese herausfordernde Position. Zur Erweiterung unseres Teams suchen wir aktuell mehrere Servicetechniker. In dieser Rolle sind Sie f\u00fcr verschiedene T\u00e4tigkeiten innerhalb [&hellip;]","og_url":"https:\/\/eve-techniek.nl\/de\/stellenangebote\/servicetechniker","og_site_name":"EVE Techniek","article_modified_time":"2024-01-16T13:14:15+00:00","twitter_card":"summary_large_image","twitter_misc":{"Gesch\u00e4tzte Lesezeit":"2\u00a0Minuten"},"schema":{"@context":"https:\/\/schema.org","@graph":[{"@type":"WebPage","@id":"https:\/\/eve-techniek.nl\/de\/stellenangebote\/servicetechniker","url":"https:\/\/eve-techniek.nl\/de\/stellenangebote\/servicetechniker","name":"Servicetechniker - EVE Techniek","isPartOf":{"@id":"https:\/\/eve-techniek.nl\/#website"},"primaryImageOfPage":{"@id":"https:\/\/eve-techniek.nl\/de\/stellenangebote\/servicetechniker#primaryimage"},"image":{"@id":"https:\/\/eve-techniek.nl\/de\/stellenangebote\/servicetechniker#primaryimage"},"thumbnailUrl":"https:\/\/eve-techniek.nl\/wp-content\/uploads\/2018\/06\/foto20paprikakas-e1710511026721.jpg","datePublished":"2022-08-08T11:20:41+00:00","dateModified":"2024-01-16T13:14:15+00:00","breadcrumb":{"@id":"https:\/\/eve-techniek.nl\/de\/stellenangebote\/servicetechniker#breadcrumb"},"inLanguage":"de","potentialAction":[{"@type":"ReadAction","target":["https:\/\/eve-techniek.nl\/de\/stellenangebote\/servicetechniker"]}]},{"@type":"ImageObject","inLanguage":"de","@id":"https:\/\/eve-techniek.nl\/de\/stellenangebote\/servicetechniker#primaryimage","url":"https:\/\/eve-techniek.nl\/wp-content\/uploads\/2018\/06\/foto20paprikakas-e1710511026721.jpg","contentUrl":"https:\/\/eve-techniek.nl\/wp-content\/uploads\/2018\/06\/foto20paprikakas-e1710511026721.jpg","width":2000,"height":700},{"@type":"BreadcrumbList","@id":"https:\/\/eve-techniek.nl\/de\/stellenangebote\/servicetechniker#breadcrumb","itemListElement":[{"@type":"ListItem","position":1,"name":"Home","item":"https:\/\/eve-techniek.nl\/de\/home"},{"@type":"ListItem","position":2,"name":"Stellenangebote","item":"https:\/\/eve-techniek.nl\/de\/stellenangebote"},{"@type":"ListItem","position":3,"name":"Servicetechniker"}]},{"@type":"WebSite","@id":"https:\/\/eve-techniek.nl\/#website","url":"https:\/\/eve-techniek.nl\/","name":"EVE Techniek","description":"","potentialAction":[{"@type":"SearchAction","target":{"@type":"EntryPoint","urlTemplate":"https:\/\/eve-techniek.nl\/?s={search_term_string}"},"query-input":{"@type":"PropertyValueSpecification","valueRequired":true,"valueName":"search_term_string"}}],"inLanguage":"de"}]}},"_links":{"self":[{"href":"https:\/\/eve-techniek.nl\/de\/wp-json\/wp\/v2\/pages\/1174","targetHints":{"allow":["GET"]}}],"collection":[{"href":"https:\/\/eve-techniek.nl\/de\/wp-json\/wp\/v2\/pages"}],"about":[{"href":"https:\/\/eve-techniek.nl\/de\/wp-json\/wp\/v2\/types\/page"}],"author":[{"embeddable":true,"href":"https:\/\/eve-techniek.nl\/de\/wp-json\/wp\/v2\/users\/3"}],"replies":[{"embeddable":true,"href":"https:\/\/eve-techniek.nl\/de\/wp-json\/wp\/v2\/comments?post=1174"}],"version-history":[{"count":9,"href":"https:\/\/eve-techniek.nl\/de\/wp-json\/wp\/v2\/pages\/1174\/revisions"}],"predecessor-version":[{"id":1608,"href":"https:\/\/eve-techniek.nl\/de\/wp-json\/wp\/v2\/pages\/1174\/revisions\/1608"}],"up":[{"embeddable":true,"href":"https:\/\/eve-techniek.nl\/de\/wp-json\/wp\/v2\/pages\/863"}],"wp:featuredmedia":[{"embeddable":true,"href":"https:\/\/eve-techniek.nl\/de\/wp-json\/wp\/v2\/media\/609"}],"wp:attachment":[{"href":"https:\/\/eve-techniek.nl\/de\/wp-json\/wp\/v2\/media?parent=1174"}],"curies":[{"name":"wp","href":"https:\/\/api.w.org\/{rel}","templated":true}]}}