{"id":1125,"date":"2022-07-08T13:46:53","date_gmt":"2022-07-08T11:46:53","guid":{"rendered":"https:\/\/eve-techniek.nl\/stellenangebote\/allround-mechaniker"},"modified":"2024-03-15T15:02:47","modified_gmt":"2024-03-15T14:02:47","slug":"allround-mechaniker","status":"publish","type":"page","link":"https:\/\/eve-techniek.nl\/de\/stellenangebote\/allround-mechaniker","title":{"rendered":"Allround-Mechaniker"},"content":{"rendered":"\n<p>Sind Sie ein technisches Wunderwerk mit einer Leidenschaft f\u00fcr Installationen? Dann k\u00f6nnte die Position des Allround-Mechanikers bei EVE Techniek etwas f\u00fcr Sie sein! Als Allround-Mechaniker sind Sie das Bindeglied zwischen unserem Unternehmen und unseren Kunden. Mit Ihrem technischen Wissen sorgen Sie daf\u00fcr, dass Anlagen optimal funktionieren und Kunden zufrieden sind.<\/p>\n\n<p>In dieser vielseitigen Rolle sind Sie f\u00fcr verschiedene elektrische, wasser- und klimatechnische Arbeiten an Anlagen, haupts\u00e4chlich im Gew\u00e4chshausgartenbau, verantwortlich. Sie gehen selbst\u00e4ndig los, um Montagearbeiten an Projekten und Auftr\u00e4gen durchzuf\u00fchren. Dies kann von der Installation und Reparatur von Anlagen bis hin zur Leitung von Projekten und der Behebung von St\u00f6rungen reichen.<\/p>\n\n<p>Nat\u00fcrlich bist du nie allein. Nach einer Einarbeitungszeit nehmen Sie an den periodischen Bereitschaftsdiensten teil, bei denen Ihnen bei eventuellen St\u00f6rungen immer jemand zur Seite steht. Gemeinsam sorgen wir daf\u00fcr, dass jede St\u00f6rung schnell und effizient behoben wird.<\/p>\n\n<p>Um sich f\u00fcr diese Position zu qualifizieren, verf\u00fcgen Sie \u00fcber mindestens ein MBO-Diplom in einem relevanten Bereich, z. B. Maschinenbau\/Metallelektrik oder elektronischer Industrieinstallations- und Systemtechniker. Dar\u00fcber hinaus verf\u00fcgen Sie bereits \u00fcber erste Berufserfahrung als selbstst\u00e4ndiger Mechaniker und verf\u00fcgen \u00fcber gute Kommunikationsf\u00e4higkeiten. Wichtig ist, dass Sie kundenfreundlich und serviceorientiert sind und bereit sind, sich weiterzubilden und weiterzubilden.<\/p>\n\n<p>Als Allround-Mechaniker bei EVE Techniek k\u00f6nnen Sie mit einer abwechslungsreichen und herausfordernden Arbeit rechnen. Sie erhalten die M\u00f6glichkeit, Ihre eigenen Ideen und Beitr\u00e4ge einzubringen. Dar\u00fcber hinaus bieten wir hervorragende Haupt- und Nebenanstellungsbedingungen, wie z. B. eine kollektive Rente, eine kollektive Unfallversicherung, eine Aufwandsentsch\u00e4digung und einen 13. Monat. Selbstverst\u00e4ndlich erhalten Sie auch ein gutes Gehalt, das von Ihren Kenntnissen und Erfahrungen abh\u00e4ngt.<\/p>\n\n<p>Damit Sie Ihre Arbeit ordnungsgem\u00e4\u00df erledigen k\u00f6nnen, stellen wir Ihnen einen sch\u00f6nen Bus zur Verf\u00fcgung, der mit allen notwendigen Materialien gut ausgestattet ist. F\u00fcr die gesch\u00e4ftliche Nutzung stellen wir au\u00dferdem einen Laptop und ein Telefon zur Verf\u00fcgung.<\/p>\n\n<p>Sie haben Fragen zur Stelle? Bitte z\u00f6gern Sie nicht, uns per E-Mail oder Telefon zu kontaktieren. Unsere begeisterten Mitarbeiter beantworten gerne alle Ihre Fragen. Sind Sie bereit f\u00fcr diese herausfordernde Position als Allround-Mechaniker bei EVE Techniek? Dann schicken Sie schnell Ihr Motivationsschreiben und Ihren Lebenslauf an Frau. P. Evers \u00fcber p.evers@eve-techniek.nl oder per Post an die folgende Adresse: EVE Techniek, z. Hd. Frau P. Evers, Heemst 4, 7892 AL Klazienaveen.<\/p>\n\n<p>Wir freuen uns auf Ihre Bewerbung!<\/p>\n\n<p><strong>Akquise als Reaktion auf unsere offenen Stellen ist nicht erw\u00fcnscht.<\/strong><\/p>\n","protected":false},"excerpt":{"rendered":"<p>Sind Sie ein technisches Wunderwerk mit einer Leidenschaft f\u00fcr Installationen? Dann k\u00f6nnte die Position des Allround-Mechanikers bei EVE Techniek etwas f\u00fcr Sie sein! Als Allround-Mechaniker sind Sie das Bindeglied zwischen unserem Unternehmen und unseren Kunden. Mit Ihrem technischen Wissen sorgen Sie daf\u00fcr, dass Anlagen optimal funktionieren und Kunden zufrieden sind. In dieser vielseitigen Rolle sind [&hellip;]<\/p>\n","protected":false},"author":4,"featured_media":976,"parent":863,"menu_order":6,"comment_status":"closed","ping_status":"closed","template":"","meta":{"_acf_changed":false,"footnotes":""},"class_list":["post-1125","page","type-page","status-publish","has-post-thumbnail","hentry"],"acf":[],"yoast_head":"<!-- This site is optimized with the Yoast SEO plugin v27.3 - https:\/\/yoast.com\/product\/yoast-seo-wordpress\/ -->\n<title>Allround-Mechaniker - EVE Techniek<\/title>\n<meta name=\"robots\" content=\"index, follow, max-snippet:-1, max-image-preview:large, max-video-preview:-1\" \/>\n<link rel=\"canonical\" href=\"https:\/\/eve-techniek.nl\/de\/stellenangebote\/allround-mechaniker\" \/>\n<meta property=\"og:locale\" content=\"de_DE\" \/>\n<meta property=\"og:type\" content=\"article\" \/>\n<meta property=\"og:title\" content=\"Allround-Mechaniker - EVE Techniek\" \/>\n<meta property=\"og:description\" content=\"Sind Sie ein technisches Wunderwerk mit einer Leidenschaft f\u00fcr Installationen? Dann k\u00f6nnte die Position des Allround-Mechanikers bei EVE Techniek etwas f\u00fcr Sie sein! Als Allround-Mechaniker sind Sie das Bindeglied zwischen unserem Unternehmen und unseren Kunden. Mit Ihrem technischen Wissen sorgen Sie daf\u00fcr, dass Anlagen optimal funktionieren und Kunden zufrieden sind. In dieser vielseitigen Rolle sind [&hellip;]\" \/>\n<meta property=\"og:url\" content=\"https:\/\/eve-techniek.nl\/de\/stellenangebote\/allround-mechaniker\" \/>\n<meta property=\"og:site_name\" content=\"EVE Techniek\" \/>\n<meta property=\"article:modified_time\" content=\"2024-03-15T14:02:47+00:00\" \/>\n<meta property=\"og:image\" content=\"https:\/\/eve-techniek.nl\/wp-content\/uploads\/2022\/04\/IMG-20210406-WA0056.jpg\" \/>\n\t<meta property=\"og:image:width\" content=\"1600\" \/>\n\t<meta property=\"og:image:height\" content=\"1200\" \/>\n\t<meta property=\"og:image:type\" content=\"image\/jpeg\" \/>\n<meta name=\"twitter:card\" content=\"summary_large_image\" \/>\n<meta name=\"twitter:label1\" content=\"Gesch\u00e4tzte Lesezeit\" \/>\n\t<meta name=\"twitter:data1\" content=\"2\u00a0Minuten\" \/>\n<script type=\"application\/ld+json\" class=\"yoast-schema-graph\">{\"@context\":\"https:\\\/\\\/schema.org\",\"@graph\":[{\"@type\":\"WebPage\",\"@id\":\"https:\\\/\\\/eve-techniek.nl\\\/de\\\/stellenangebote\\\/allround-mechaniker\",\"url\":\"https:\\\/\\\/eve-techniek.nl\\\/de\\\/stellenangebote\\\/allround-mechaniker\",\"name\":\"Allround-Mechaniker - EVE Techniek\",\"isPartOf\":{\"@id\":\"https:\\\/\\\/eve-techniek.nl\\\/#website\"},\"primaryImageOfPage\":{\"@id\":\"https:\\\/\\\/eve-techniek.nl\\\/de\\\/stellenangebote\\\/allround-mechaniker#primaryimage\"},\"image\":{\"@id\":\"https:\\\/\\\/eve-techniek.nl\\\/de\\\/stellenangebote\\\/allround-mechaniker#primaryimage\"},\"thumbnailUrl\":\"https:\\\/\\\/eve-techniek.nl\\\/wp-content\\\/uploads\\\/2022\\\/04\\\/IMG-20210406-WA0056.jpg\",\"datePublished\":\"2022-07-08T11:46:53+00:00\",\"dateModified\":\"2024-03-15T14:02:47+00:00\",\"breadcrumb\":{\"@id\":\"https:\\\/\\\/eve-techniek.nl\\\/de\\\/stellenangebote\\\/allround-mechaniker#breadcrumb\"},\"inLanguage\":\"de\",\"potentialAction\":[{\"@type\":\"ReadAction\",\"target\":[\"https:\\\/\\\/eve-techniek.nl\\\/de\\\/stellenangebote\\\/allround-mechaniker\"]}]},{\"@type\":\"ImageObject\",\"inLanguage\":\"de\",\"@id\":\"https:\\\/\\\/eve-techniek.nl\\\/de\\\/stellenangebote\\\/allround-mechaniker#primaryimage\",\"url\":\"https:\\\/\\\/eve-techniek.nl\\\/wp-content\\\/uploads\\\/2022\\\/04\\\/IMG-20210406-WA0056.jpg\",\"contentUrl\":\"https:\\\/\\\/eve-techniek.nl\\\/wp-content\\\/uploads\\\/2022\\\/04\\\/IMG-20210406-WA0056.jpg\",\"width\":1600,\"height\":1200},{\"@type\":\"BreadcrumbList\",\"@id\":\"https:\\\/\\\/eve-techniek.nl\\\/de\\\/stellenangebote\\\/allround-mechaniker#breadcrumb\",\"itemListElement\":[{\"@type\":\"ListItem\",\"position\":1,\"name\":\"Home\",\"item\":\"https:\\\/\\\/eve-techniek.nl\\\/de\\\/home\"},{\"@type\":\"ListItem\",\"position\":2,\"name\":\"Stellenangebote\",\"item\":\"https:\\\/\\\/eve-techniek.nl\\\/de\\\/stellenangebote\"},{\"@type\":\"ListItem\",\"position\":3,\"name\":\"Allround-Mechaniker\"}]},{\"@type\":\"WebSite\",\"@id\":\"https:\\\/\\\/eve-techniek.nl\\\/#website\",\"url\":\"https:\\\/\\\/eve-techniek.nl\\\/\",\"name\":\"EVE Techniek\",\"description\":\"\",\"potentialAction\":[{\"@type\":\"SearchAction\",\"target\":{\"@type\":\"EntryPoint\",\"urlTemplate\":\"https:\\\/\\\/eve-techniek.nl\\\/?s={search_term_string}\"},\"query-input\":{\"@type\":\"PropertyValueSpecification\",\"valueRequired\":true,\"valueName\":\"search_term_string\"}}],\"inLanguage\":\"de\"}]}<\/script>\n<!-- \/ Yoast SEO plugin. -->","yoast_head_json":{"title":"Allround-Mechaniker - EVE Techniek","robots":{"index":"index","follow":"follow","max-snippet":"max-snippet:-1","max-image-preview":"max-image-preview:large","max-video-preview":"max-video-preview:-1"},"canonical":"https:\/\/eve-techniek.nl\/de\/stellenangebote\/allround-mechaniker","og_locale":"de_DE","og_type":"article","og_title":"Allround-Mechaniker - EVE Techniek","og_description":"Sind Sie ein technisches Wunderwerk mit einer Leidenschaft f\u00fcr Installationen? Dann k\u00f6nnte die Position des Allround-Mechanikers bei EVE Techniek etwas f\u00fcr Sie sein! Als Allround-Mechaniker sind Sie das Bindeglied zwischen unserem Unternehmen und unseren Kunden. Mit Ihrem technischen Wissen sorgen Sie daf\u00fcr, dass Anlagen optimal funktionieren und Kunden zufrieden sind. In dieser vielseitigen Rolle sind [&hellip;]","og_url":"https:\/\/eve-techniek.nl\/de\/stellenangebote\/allround-mechaniker","og_site_name":"EVE Techniek","article_modified_time":"2024-03-15T14:02:47+00:00","og_image":[{"width":1600,"height":1200,"url":"https:\/\/eve-techniek.nl\/wp-content\/uploads\/2022\/04\/IMG-20210406-WA0056.jpg","type":"image\/jpeg"}],"twitter_card":"summary_large_image","twitter_misc":{"Gesch\u00e4tzte Lesezeit":"2\u00a0Minuten"},"schema":{"@context":"https:\/\/schema.org","@graph":[{"@type":"WebPage","@id":"https:\/\/eve-techniek.nl\/de\/stellenangebote\/allround-mechaniker","url":"https:\/\/eve-techniek.nl\/de\/stellenangebote\/allround-mechaniker","name":"Allround-Mechaniker - EVE Techniek","isPartOf":{"@id":"https:\/\/eve-techniek.nl\/#website"},"primaryImageOfPage":{"@id":"https:\/\/eve-techniek.nl\/de\/stellenangebote\/allround-mechaniker#primaryimage"},"image":{"@id":"https:\/\/eve-techniek.nl\/de\/stellenangebote\/allround-mechaniker#primaryimage"},"thumbnailUrl":"https:\/\/eve-techniek.nl\/wp-content\/uploads\/2022\/04\/IMG-20210406-WA0056.jpg","datePublished":"2022-07-08T11:46:53+00:00","dateModified":"2024-03-15T14:02:47+00:00","breadcrumb":{"@id":"https:\/\/eve-techniek.nl\/de\/stellenangebote\/allround-mechaniker#breadcrumb"},"inLanguage":"de","potentialAction":[{"@type":"ReadAction","target":["https:\/\/eve-techniek.nl\/de\/stellenangebote\/allround-mechaniker"]}]},{"@type":"ImageObject","inLanguage":"de","@id":"https:\/\/eve-techniek.nl\/de\/stellenangebote\/allround-mechaniker#primaryimage","url":"https:\/\/eve-techniek.nl\/wp-content\/uploads\/2022\/04\/IMG-20210406-WA0056.jpg","contentUrl":"https:\/\/eve-techniek.nl\/wp-content\/uploads\/2022\/04\/IMG-20210406-WA0056.jpg","width":1600,"height":1200},{"@type":"BreadcrumbList","@id":"https:\/\/eve-techniek.nl\/de\/stellenangebote\/allround-mechaniker#breadcrumb","itemListElement":[{"@type":"ListItem","position":1,"name":"Home","item":"https:\/\/eve-techniek.nl\/de\/home"},{"@type":"ListItem","position":2,"name":"Stellenangebote","item":"https:\/\/eve-techniek.nl\/de\/stellenangebote"},{"@type":"ListItem","position":3,"name":"Allround-Mechaniker"}]},{"@type":"WebSite","@id":"https:\/\/eve-techniek.nl\/#website","url":"https:\/\/eve-techniek.nl\/","name":"EVE Techniek","description":"","potentialAction":[{"@type":"SearchAction","target":{"@type":"EntryPoint","urlTemplate":"https:\/\/eve-techniek.nl\/?s={search_term_string}"},"query-input":{"@type":"PropertyValueSpecification","valueRequired":true,"valueName":"search_term_string"}}],"inLanguage":"de"}]}},"_links":{"self":[{"href":"https:\/\/eve-techniek.nl\/de\/wp-json\/wp\/v2\/pages\/1125","targetHints":{"allow":["GET"]}}],"collection":[{"href":"https:\/\/eve-techniek.nl\/de\/wp-json\/wp\/v2\/pages"}],"about":[{"href":"https:\/\/eve-techniek.nl\/de\/wp-json\/wp\/v2\/types\/page"}],"author":[{"embeddable":true,"href":"https:\/\/eve-techniek.nl\/de\/wp-json\/wp\/v2\/users\/4"}],"replies":[{"embeddable":true,"href":"https:\/\/eve-techniek.nl\/de\/wp-json\/wp\/v2\/comments?post=1125"}],"version-history":[{"count":7,"href":"https:\/\/eve-techniek.nl\/de\/wp-json\/wp\/v2\/pages\/1125\/revisions"}],"predecessor-version":[{"id":1619,"href":"https:\/\/eve-techniek.nl\/de\/wp-json\/wp\/v2\/pages\/1125\/revisions\/1619"}],"up":[{"embeddable":true,"href":"https:\/\/eve-techniek.nl\/de\/wp-json\/wp\/v2\/pages\/863"}],"wp:featuredmedia":[{"embeddable":true,"href":"https:\/\/eve-techniek.nl\/de\/wp-json\/wp\/v2\/media\/976"}],"wp:attachment":[{"href":"https:\/\/eve-techniek.nl\/de\/wp-json\/wp\/v2\/media?parent=1125"}],"curies":[{"name":"wp","href":"https:\/\/api.w.org\/{rel}","templated":true}]}}